{"id":112511,"date":"2025-12-07T00:00:00","date_gmt":"2025-12-06T23:00:00","guid":{"rendered":"http:\/\/gpl-love.com\/fr\/produit\/goya-modern-woocommerce-theme\/"},"modified":"2026-03-20T23:17:24","modified_gmt":"2026-03-20T22:17:24","slug":"goya-modern-woocommerce-theme","status":"publish","type":"product","link":"https:\/\/gpl-love.com\/fr\/produit\/goya-modern-woocommerce-theme\/","title":{"rendered":"Goya Modern WooCommerce Theme 1.0.9.4"},"content":{"rendered":"<h3>Goya Modern WooCommerce Theme Traits<\/h3>\n<p>Goya Modern, un th\u00e8me WooCommerce extr\u00eamement \u00e9l\u00e9gant et sophistiqu\u00e9, a \u00e9t\u00e9 m\u00e9ticuleusement con\u00e7u pour les magasins en ligne visant \u00e0 laisser une marque ind\u00e9l\u00e9bile et audacieuse. Ce th\u00e8me de haut niveau propose un design vierge et \u00e9pur\u00e9, offrant une gamme d&rsquo;options de mise en page qui vous accordent une libert\u00e9 in\u00e9gal\u00e9e d&rsquo;adapter votre magasin en fonction de vos pr\u00e9f\u00e9rences. De plus, sa nature pleinement r\u00e9active et adapt\u00e9e aux mobiles garantit que vos clients peuvent naviguer dans vos all\u00e9es virtuelles de mani\u00e8re transparente, quel que soit l&rsquo;appareil qu&rsquo;ils utilisent. L&rsquo;\u00e9l\u00e9vation de l&rsquo;exp\u00e9rience d&rsquo;achat \u00e0 des hauteurs sans pr\u00e9c\u00e9dent, Goya Modern offre \u00e9galement un arsenal de fonctionnalit\u00e9s robustes, y compris des m\u00e9canismes de filtrage avanc\u00e9s, des fonctionnalit\u00e9s de vue rapide et la possibilit\u00e9 de zoomer sur les produits, permettant aux clients de localiser et de scrutation sans effort les articles qu&rsquo;ils souhaitent se procurer. De plus, ce th\u00e8me a \u00e9t\u00e9 compl\u00e8tement optimis\u00e9 pour garantir des temps de chargement rapides et une visibilit\u00e9 exceptionnelle du moteur de recherche, propulser votre magasin aux \u00e9chelons sup\u00e9rieurs des r\u00e9sultats des moteurs de recherche et offrir une exp\u00e9rience utilisateur in\u00e9gal\u00e9e. Que vous vous lanciez dans une aventure de boutique en ligne et que vous vous efforcez de r\u00e9organiser votre existant, Goya Modern est le choix ultime pour les \u00e9tablissements de commerce \u00e9lectronique contemporains et sup\u00e9rieurs.<\/p>\n<ul>\n<li>Conception enti\u00e8rement r\u00e9active pour une exp\u00e9rience utilisateur sans faille sur n&rsquo;importe quel appareil<\/li>\n<li>Installation facile avec un importateur de d\u00e9monstration en un clic<\/li>\n<li>Page d&rsquo;accueil personnalisable avec plusieurs sections pr\u00e9d\u00e9finies<\/li>\n<li>Int\u00e9gration WooCommerce pour les fonctionnalit\u00e9s d&rsquo;achat en ligne transparentes<\/li>\n<li>Panneau d&rsquo;options de th\u00e8me avanc\u00e9 pour une personnalisation \u00e9tendue<\/li>\n<li>Plugins premium inclus: Slider Revolution et WPBakery Page Builder<\/li>\n<li>Options d&rsquo;en-t\u00eate et de pied de page multiples pour un look unique<\/li>\n<li>Int\u00e9gration des m\u00e9dias sociaux pour le partage et l&rsquo;engagement faciles<\/li>\n<li>Int\u00e9gration Google Fonts pour la typographie personnalis\u00e9e<\/li>\n<li>Traduction pr\u00eate pour le public international<\/li>\n<li>\u00c9quipe de support d\u00e9di\u00e9e \u00e0 toutes les questions ou probl\u00e8mes.<\/li>\n<\/ul>\n","protected":false},"excerpt":{"rendered":"<p>Pr\u00e9sentation du th\u00e8me WooCommerce moderne GOYA moderne tr\u00e8s impressionnant et exceptionnellement sophistiqu\u00e9, qui appara\u00eet comme la solution consomm\u00e9e pour votre boutique en ligne estim\u00e9e. D\u00e9bordant d&rsquo;une esth\u00e9tique de conception extr\u00eamement \u00e9l\u00e9gante et contemporaine, ce th\u00e8me remarquable est con\u00e7u sans \u00e9quivoque pour captiver et captiver vos clients excitants, qui se d\u00e9lectera sans aucun doute du plaisir de parcourir votre vaste gamme de produits impeccables. B\u00e9n\u00e9ficiant d&rsquo;une gamme de fonctionnalit\u00e9s remarquables, notamment une page d&rsquo;accueil impressionnante et personnalisable, des filtres de produits m\u00e9ticuleusement fabriqu\u00e9s et une pl\u00e9thore d&rsquo;options de mise en page m\u00e9ticuleusement organis\u00e9es, Goya Modern garantit que votre boutique en ligne se d\u00e9marque sans \u00e9quivoque du concours avec un niveau de distinction sans proc\u00e9dure. De plus, son engagement in\u00e9branlable envers la r\u00e9activit\u00e9 sans faille garantit que vos clients ch\u00e9ris peuvent se livrer \u00e0 une exp\u00e9rience d&rsquo;achat d\u00e9gag\u00e9e de tout appareil qu&rsquo;ils choisissent. Choisissez Goya Modern et assistez \u00e0 la transformation remarquable de votre boutique en ligne en une oasis in\u00e9gal\u00e9e de sophistication, de magnificence et d&rsquo;une exp\u00e9rience client vraiment am\u00e9lior\u00e9e qui laissera sans aucun doute une marque ind\u00e9l\u00e9bile sur votre client\u00e8le estim\u00e9e.<\/p>\n","protected":false},"featured_media":144042,"comment_status":"open","ping_status":"open","template":"","meta":[],"product_brand":[2433],"product_cat":[1242,1212,1213],"product_tag":[1366],"class_list":{"0":"post-112511","1":"product","2":"type-product","3":"status-publish","4":"has-post-thumbnail","6":"product_brand-themeforest","7":"product_cat-creatif","8":"product_cat-themes","9":"product_cat-wordpress-themes","10":"product_tag-themeforest","11":"member-discount","12":"discount-restricted","14":"first","15":"instock","16":"sale","17":"downloadable","18":"virtual","19":"sold-individually","20":"purchasable","21":"product-type-simple"},"_links":{"self":[{"href":"https:\/\/gpl-love.com\/fr\/wp-json\/wp\/v2\/product\/112511","targetHints":{"allow":["GET"]}}],"collection":[{"href":"https:\/\/gpl-love.com\/fr\/wp-json\/wp\/v2\/product"}],"about":[{"href":"https:\/\/gpl-love.com\/fr\/wp-json\/wp\/v2\/types\/product"}],"replies":[{"embeddable":true,"href":"https:\/\/gpl-love.com\/fr\/wp-json\/wp\/v2\/comments?post=112511"}],"wp:featuredmedia":[{"embeddable":true,"href":"https:\/\/gpl-love.com\/fr\/wp-json\/wp\/v2\/media\/144042"}],"wp:attachment":[{"href":"https:\/\/gpl-love.com\/fr\/wp-json\/wp\/v2\/media?parent=112511"}],"wp:term":[{"taxonomy":"product_brand","embeddable":true,"href":"https:\/\/gpl-love.com\/fr\/wp-json\/wp\/v2\/product_brand?post=112511"},{"taxonomy":"product_cat","embeddable":true,"href":"https:\/\/gpl-love.com\/fr\/wp-json\/wp\/v2\/product_cat?post=112511"},{"taxonomy":"product_tag","embeddable":true,"href":"https:\/\/gpl-love.com\/fr\/wp-json\/wp\/v2\/product_tag?post=112511"}],"curies":[{"name":"wp","href":"https:\/\/api.w.org\/{rel}","templated":true}]}}