{"id":112505,"date":"2023-09-25T00:00:00","date_gmt":"2023-09-24T22:00:00","guid":{"rendered":"http:\/\/gpl-love.com\/fr\/produit\/medigreen-cannabis-and-medical-marijuana-shop\/"},"modified":"2026-03-20T23:24:15","modified_gmt":"2026-03-20T22:24:15","slug":"medigreen-cannabis-and-medical-marijuana-shop","status":"publish","type":"product","link":"https:\/\/gpl-love.com\/fr\/produit\/medigreen-cannabis-and-medical-marijuana-shop\/","title":{"rendered":"MediGreen Cannabis et Medical Marijuana Shop 1.2.1"},"content":{"rendered":"<h3>MediGreen Cannabis et Medical Marijuana Shop Traits<\/h3>\n<p>Le cannabis Medigreen et la marice de marijuana m\u00e9dicale sont fiers d&rsquo;\u00eatre un centre complet destin\u00e9s aux personnes \u00e0 la recherche d&rsquo;un \u00e9ventail diversifi\u00e9 de cannabis et de solutions de marijuana m\u00e9dicale. B\u00e9n\u00e9ficiant d&rsquo;une vaste collection de marchandises de haut niveau, englobant des fleurs, des produits comestibles, des concentr\u00e9s et des accessoires, Medigreen offre aux clients l&rsquo;occasion inestimable de se plonger dans un assortiment de souches et de techniques de consommation. L&rsquo;\u00e9tablissement est honor\u00e9 d&rsquo;une \u00e9quipe de professionnels affables et bien inform\u00e9s qui poss\u00e8dent l&rsquo;expertise n\u00e9cessaire pour vous aider \u00e0 choisir le produit id\u00e9al qui s&rsquo;aligne parfaitement avec vos exigences sp\u00e9cifiques. Que vous poss\u00e9diez une richesse d&rsquo;exp\u00e9rience dans le domaine du cannabis ou que vous vous lanciez dans votre achat inaugural, Medigreen reste ferme dans son engagement \u00e0 favoriser un environnement \u00e0 la fois s\u00e9curis\u00e9 et invitant \u00e0 toute client\u00e8le. Prenez r\u00e9confort dans le fait que tous les articles ont subi des tests de laboratoire complets, garantissant une exp\u00e9rience superlative \u00e0 chaque fois que vous honorez Medigreen avec votre pr\u00e9sence.<\/p>\n<ul>\n<li>Large s\u00e9lection de produits de cannabis de haute qualit\u00e9 pour une utilisation m\u00e9dicale et r\u00e9cr\u00e9ative<\/li>\n<li>Personnel comp\u00e9tent et sympathique qui peut vous aider \u00e0 trouver le bon produit pour vos besoins<\/li>\n<li>Options de commande et de livraison en ligne pratiques<\/li>\n<li>Emplacement de vente au d\u00e9tail propre et accueillant avec une atmosph\u00e8re confortable<\/li>\n<li>Menu r\u00e9guli\u00e8rement mis \u00e0 jour avec de nouvelles souches et produits disponibles<\/li>\n<li>Engagement envers les pratiques de croissance \u00e9thiques et durables<\/li>\n<li>L&rsquo;accent mis sur l&rsquo;\u00e9ducation client, avec des ressources disponibles pour vous aider \u00e0 faire des choix \u00e9clair\u00e9s sur la consommation de cannabis<\/li>\n<li>Prix \u200b\u200bcomp\u00e9titifs pour vous assurer que vous obtenez le meilleur rapport qualit\u00e9-prix pour votre argent<\/li>\n<li>Produits m\u00e9dicalement certifi\u00e9s disponibles pour aider \u00e0 att\u00e9nuer une gamme de sympt\u00f4mes et de conditions<\/li>\n<li>Emplacement accessible, avec un grand parking et des transports en commun \u00e0 proximit\u00e9.<\/li>\n<\/ul>\n","protected":false},"excerpt":{"rendered":"<p>Situ\u00e9 dans un \u00e9tablissement r\u00e9put\u00e9, Medigreen est un \u00e9tablissement connu pour sa r\u00e9putation louable, sp\u00e9cialis\u00e9e dans la vente de cannabis de haut niveau et de marijuana m\u00e9dicale, qui sont con\u00e7ues pour r\u00e9pondre \u00e0 vos besoins m\u00e9dicinaux. Notre inventaire complet poss\u00e8de un vaste assortiment de souches de cannabis, de produits comestibles, d&rsquo;huiles et de topiques, qui sont tous soigneusement organis\u00e9s pour offrir la plus haute qualit\u00e9. Notre priorit\u00e9 sup\u00e9rieure r\u00e9side dans la fourniture de produits exceptionnels qui se caract\u00e9risent par leur puret\u00e9, leur puissance et leur s\u00e9curit\u00e9 compl\u00e8te pour la consommation. Que votre objectif soit de rechercher du r\u00e9confort \u00e0 cause de la douleur chronique, de l&rsquo;anxi\u00e9t\u00e9 ou du stress, notre personnel affable et bien inform\u00e9 est facilement disponible pour fournir des recommandations adapt\u00e9es pour vous aider \u00e0 s\u00e9lectionner le produit le plus appropri\u00e9. Venez vous engager dans une transaction avec nous aujourd&rsquo;hui pour adopter et appr\u00e9cier pleinement les pouvoirs transformateurs et curatifs du cannabis.<\/p>\n","protected":false},"featured_media":144490,"comment_status":"open","ping_status":"open","template":"","meta":[],"product_brand":[2433],"product_cat":[1516,1212,1213],"product_tag":[1366],"class_list":{"0":"post-112505","1":"product","2":"type-product","3":"status-publish","4":"has-post-thumbnail","6":"product_brand-themeforest","7":"product_cat-entreprise","8":"product_cat-themes","9":"product_cat-wordpress-themes","10":"product_tag-themeforest","11":"member-discount","12":"discount-restricted","14":"first","15":"instock","16":"sale","17":"downloadable","18":"virtual","19":"sold-individually","20":"purchasable","21":"product-type-simple"},"_links":{"self":[{"href":"https:\/\/gpl-love.com\/fr\/wp-json\/wp\/v2\/product\/112505","targetHints":{"allow":["GET"]}}],"collection":[{"href":"https:\/\/gpl-love.com\/fr\/wp-json\/wp\/v2\/product"}],"about":[{"href":"https:\/\/gpl-love.com\/fr\/wp-json\/wp\/v2\/types\/product"}],"replies":[{"embeddable":true,"href":"https:\/\/gpl-love.com\/fr\/wp-json\/wp\/v2\/comments?post=112505"}],"wp:featuredmedia":[{"embeddable":true,"href":"https:\/\/gpl-love.com\/fr\/wp-json\/wp\/v2\/media\/144490"}],"wp:attachment":[{"href":"https:\/\/gpl-love.com\/fr\/wp-json\/wp\/v2\/media?parent=112505"}],"wp:term":[{"taxonomy":"product_brand","embeddable":true,"href":"https:\/\/gpl-love.com\/fr\/wp-json\/wp\/v2\/product_brand?post=112505"},{"taxonomy":"product_cat","embeddable":true,"href":"https:\/\/gpl-love.com\/fr\/wp-json\/wp\/v2\/product_cat?post=112505"},{"taxonomy":"product_tag","embeddable":true,"href":"https:\/\/gpl-love.com\/fr\/wp-json\/wp\/v2\/product_tag?post=112505"}],"curies":[{"name":"wp","href":"https:\/\/api.w.org\/{rel}","templated":true}]}}