{"id":112499,"date":"2022-03-25T00:00:00","date_gmt":"2022-03-24T23:00:00","guid":{"rendered":"http:\/\/gpl-love.com\/fr\/produit\/reobiz-consulting-business-wordpress-theme\/"},"modified":"2026-04-10T18:37:57","modified_gmt":"2026-04-10T16:37:57","slug":"reobiz-consulting-business-wordpress-theme","status":"publish","type":"product","link":"https:\/\/gpl-love.com\/fr\/produit\/reobiz-consulting-business-wordpress-theme\/","title":{"rendered":"Reobiz Consulting Business WordPress Theme 4.8.1"},"content":{"rendered":"<h3>Reobiz Consulting Business WordPress Theme Traits<\/h3>\n<p>Le th\u00e8me WordPress de Reobiz Consulting Business est un th\u00e8me incroyablement robuste et contemporain qui a \u00e9t\u00e9 sp\u00e9cialement cr\u00e9\u00e9 pour les entreprises de conseil. Il poss\u00e8de une vaste gamme de fonctionnalit\u00e9s pour am\u00e9liorer ses fonctionnalit\u00e9s, y compris une conception enti\u00e8rement r\u00e9active qui garantit des exp\u00e9riences de visualisation optimales sur n&rsquo;importe quel appareil, des dispositions de page personnalisables qui permettent une personnalisation individualis\u00e9e et une s\u00e9lection illimit\u00e9e d&rsquo;options de couleur pour s&rsquo;adapter \u00e0 toutes les pr\u00e9f\u00e9rences de marque. De plus, le th\u00e8me fournit une vari\u00e9t\u00e9 de pages pr\u00e9d\u00e9finies qui peuvent \u00eatre incorpor\u00e9es sans effort dans votre site Web, ce qui vous permet d&rsquo;\u00e9conomiser un temps et des efforts pr\u00e9cieux.<\/p>\n<p>De plus, le th\u00e8me WordPress Business Reobiz Consulting propose \u00e9galement plusieurs options d&rsquo;en-t\u00eate et de pied de page, vous permettant d&rsquo;adapter l&rsquo;apparence de votre site Web \u00e0 vos sp\u00e9cifications exactes. De plus, l&rsquo;installation et la personnalisation sont un jeu d&rsquo;enfant avec ce th\u00e8me, garantissant une exp\u00e9rience utilisateur sans couture et sans tracas.<\/p>\n<p>Gr\u00e2ce \u00e0 sa conception propre et professionnelle, le th\u00e8me WordPress commercial Reobiz Consulting est la plate-forme id\u00e9ale pour pr\u00e9senter vos services de conseil et captiver les clients potentiels. Son esth\u00e9tique \u00e9l\u00e9gante d\u00e9gage de la cr\u00e9dibilit\u00e9 et de l&rsquo;expertise, vous \u00e9tablissant comme un leader de l&rsquo;industrie r\u00e9put\u00e9. De plus, le th\u00e8me est enti\u00e8rement compatible avec plusieurs plugins populaires, notamment WooCommerce, Contact Form 7, et Elementor, \u00e9largissant encore sa polyvalence et sa fonctionnalit\u00e9.<\/p>\n<p>Quelle que soit l&rsquo;\u00e9chelle de votre cabinet de conseil, qu&rsquo;il s&rsquo;agisse d&rsquo;un petit conseil en boutique ou d&rsquo;une grande soci\u00e9t\u00e9 multinationale, le th\u00e8me WordPress de Reobiz Consulting Business est l&rsquo;outil ultime pour \u00e9tablir une formidable pr\u00e9sence en ligne et attirer un flux constant de nouvelles opportunit\u00e9s commerciales. Son ensemble de fonctionnalit\u00e9s complet et son interface conviviale en font le choix parfait pour amplifier la visibilit\u00e9 de votre marque et s\u00e9curiser votre position en tant que fournisseur de services de conseil incontournable.<\/p>\n<ul>\n<li>Design \u00e9l\u00e9gant et moderne<\/li>\n<li>Construit avec les derni\u00e8res technologies WordPress<\/li>\n<li>Disposition enti\u00e8rement r\u00e9active et adapt\u00e9e aux mobiles<\/li>\n<li>Plusieurs pages pr\u00e9d\u00e9sign\u00e9es pour divers services de conseil aux entreprises<\/li>\n<li>Importation de d\u00e9monstration en un clic<\/li>\n<li>Page de page glisser-d\u00e9poser pour une personnalisation facile<\/li>\n<li>Int\u00e9gr\u00e9 \u00e0 des plugins populaires comme le formulaire de contact 7, MailChimp et Slider Revolution<\/li>\n<li>SEO optimis\u00e9 pour un meilleur classement des moteurs de recherche<\/li>\n<li>Traduction pr\u00eate pour la restauration d&rsquo;une client\u00e8le mondiale<\/li>\n<li>Excellent support client et documentation pour une configuration et une maintenance faciles<\/li>\n<\/ul>\n","protected":false},"excerpt":{"rendered":"<p>Le th\u00e8me WordPress Business Reobiz Consulting est un th\u00e8me WordPress d\u00e9licieusement con\u00e7u et convivial, m\u00e9ticuleusement adapt\u00e9 pour r\u00e9pondre aux besoins des entreprises de conseil. Ce th\u00e8me remarquable poss\u00e8de une vaste gamme de dispositions et de widgets pr\u00e9d\u00e9finis, en plus d&rsquo;un panneau d&rsquo;administration remarquablement robuste qui vous offre une libert\u00e9 sans pr\u00e9c\u00e9dent de personnaliser votre site Web conform\u00e9ment \u00e0 vos pr\u00e9f\u00e9rences uniques. Avec les capacit\u00e9s extraordinaires de Reobiz \u00e0 votre disposition, vous poss\u00e9dez les moyens de fa\u00e7onner un site Web visuellement captivant qui incarne impeccablement l&rsquo;essence de votre marque et votre personnage commercial, offrant simultan\u00e9ment une exp\u00e9rience utilisateur extraordinairement immersive \u00e0 votre client\u00e8le estim\u00e9. Que vous soyez un consultant individuel ou une v\u00e9ritable agence de conseil, le th\u00e8me WordPress de Reobiz Consulting Business est sans \u00e9quivoque la solution par excellence pour pr\u00e9senter et montrer magnifiquement votre expertise et votre gamme de services dans le vaste domaine en ligne.<\/p>\n","protected":false},"featured_media":145102,"comment_status":"open","ping_status":"open","template":"","meta":[],"product_brand":[2433],"product_cat":[1516,1212,1213],"product_tag":[1366],"class_list":{"0":"post-112499","1":"product","2":"type-product","3":"status-publish","4":"has-post-thumbnail","6":"product_brand-themeforest","7":"product_cat-entreprise","8":"product_cat-themes","9":"product_cat-wordpress-themes","10":"product_tag-themeforest","11":"member-discount","12":"discount-restricted","14":"first","15":"instock","16":"sale","17":"downloadable","18":"virtual","19":"sold-individually","20":"purchasable","21":"product-type-simple"},"_links":{"self":[{"href":"https:\/\/gpl-love.com\/fr\/wp-json\/wp\/v2\/product\/112499","targetHints":{"allow":["GET"]}}],"collection":[{"href":"https:\/\/gpl-love.com\/fr\/wp-json\/wp\/v2\/product"}],"about":[{"href":"https:\/\/gpl-love.com\/fr\/wp-json\/wp\/v2\/types\/product"}],"replies":[{"embeddable":true,"href":"https:\/\/gpl-love.com\/fr\/wp-json\/wp\/v2\/comments?post=112499"}],"wp:featuredmedia":[{"embeddable":true,"href":"https:\/\/gpl-love.com\/fr\/wp-json\/wp\/v2\/media\/145102"}],"wp:attachment":[{"href":"https:\/\/gpl-love.com\/fr\/wp-json\/wp\/v2\/media?parent=112499"}],"wp:term":[{"taxonomy":"product_brand","embeddable":true,"href":"https:\/\/gpl-love.com\/fr\/wp-json\/wp\/v2\/product_brand?post=112499"},{"taxonomy":"product_cat","embeddable":true,"href":"https:\/\/gpl-love.com\/fr\/wp-json\/wp\/v2\/product_cat?post=112499"},{"taxonomy":"product_tag","embeddable":true,"href":"https:\/\/gpl-love.com\/fr\/wp-json\/wp\/v2\/product_tag?post=112499"}],"curies":[{"name":"wp","href":"https:\/\/api.w.org\/{rel}","templated":true}]}}