{"id":112497,"date":"2025-12-25T00:00:00","date_gmt":"2025-12-24T23:00:00","guid":{"rendered":"http:\/\/gpl-love.com\/fr\/produit\/classima-classified-ads-wordpress-theme\/"},"modified":"2026-03-20T22:58:34","modified_gmt":"2026-03-20T21:58:34","slug":"classima-classified-ads-wordpress-theme","status":"publish","type":"product","link":"https:\/\/gpl-love.com\/fr\/produit\/classima-classified-ads-wordpress-theme\/","title":{"rendered":"Classima Classified Ads WordPress Theme 2.13.3"},"content":{"rendered":"<h3>Classima Classified Ads WordPress Theme Traits<\/h3>\n<p>Classima Classified Ads WordPress Le th\u00e8me se pr\u00e9sente comme la solution ultime et la plus compl\u00e8te lorsqu&rsquo;il s&rsquo;agit de construire des sites Web de publicit\u00e9s classifi\u00e9es. Ce th\u00e8me remarquable comprend un large \u00e9ventail de fonctionnalit\u00e9s et d&rsquo;options qui vous accordent la possibilit\u00e9 d&rsquo;adapter votre site Web en fonction de vos sp\u00e9cifications et pr\u00e9f\u00e9rences pr\u00e9cises. En raison de son interface utilisateur con\u00e7ue intuitivement, vous pouvez g\u00e9n\u00e9rer et g\u00e9rer sans effort vos publicit\u00e9s, cat\u00e9gories et emplacements avec la plus grande commodit\u00e9. De plus, le th\u00e8me offre des fonctionnalit\u00e9s de recherche avanc\u00e9es et des options de filtrage qui facilitent consid\u00e9rablement les utilisateurs dans leur qu\u00eate pour localiser leurs \u00e9l\u00e9ments ou services souhait\u00e9s. De plus, la r\u00e9activit\u00e9 compl\u00e8te du th\u00e8me garantit que votre site Web semblera visuellement attrayant et fonctionnellement fonctionnellement sur tous les appareils. Gr\u00e2ce \u00e0 l&rsquo;int\u00e9gration transparente d&rsquo;une passerelle de paiement, vous \u00eates autoris\u00e9 \u00e0 mon\u00e9tiser votre site Web en offrant aux utilisateurs des fonctionnalit\u00e9s premium en \u00e9change de frais. De plus, le th\u00e8me comprend les capacit\u00e9s d&rsquo;optimisation des moteurs de recherche int\u00e9gr\u00e9es et l&rsquo;int\u00e9gration des m\u00e9dias sociaux, qui servent tous deux \u00e0 acc\u00e9l\u00e9rer le processus de promotion de votre site Web et de conduire un trafic substantiel. Tout bien consid\u00e9r\u00e9, le th\u00e8me des annonces classifi\u00e9es Classima est une solution tr\u00e8s fiable et efficace pour la cr\u00e9ation et la maintenance des sites Web de publicit\u00e9 classifi\u00e9s.<\/p>\n<ul>\n<li>Design professionnel et moderne<\/li>\n<li>Disposition et sch\u00e9mas de couleurs personnalisables<\/li>\n<li>Panneau d&rsquo;administration facile \u00e0 utiliser pour la gestion des annonces et des param\u00e8tres du site<\/li>\n<li>Plusieurs types d&rsquo;annonces pris en charge (texte, image, vid\u00e9o, etc.)<\/li>\n<li>Options avanc\u00e9es de recherche et de filtrage<\/li>\n<li>Syst\u00e8me de paiement int\u00e9gr\u00e9 pour les annonces payantes<\/li>\n<li>Conception r\u00e9active pour les utilisateurs de mobiles et de tablettes<\/li>\n<li>SEO convivial pour am\u00e9liorer le classement des moteurs de recherche<\/li>\n<li>Int\u00e9gration avec les r\u00e9seaux sociaux et les outils de marketing par e-mail<\/li>\n<li>Mises \u00e0 jour r\u00e9guli\u00e8res et support client des d\u00e9veloppeurs de th\u00e8mes<\/li>\n<\/ul>\n","protected":false},"excerpt":{"rendered":"<p>Immergez-vous dans le monde dynamique de la publicit\u00e9 en ligne avec notre th\u00e8me WordPress publicitaire classique Classima. Cette solution de niveau sup\u00e9rieur est con\u00e7ue pour rationaliser votre processus de publication d&rsquo;annonces avec des fonctionnalit\u00e9s robustes telles que la recherche avanc\u00e9e, le filtrage des annonces intelligent et l&rsquo;interface utilisateur intuitive. Notre th\u00e8me offre un m\u00e9lange unique de polyvalence et d&rsquo;efficacit\u00e9, offrant une plate-forme in\u00e9gal\u00e9e pour diverses niches &#8211; de l&rsquo;immobilier aux offres d&#8217;emploi. D\u00e9couvrez la puissance de la personnalisation WordPress avec Classima, \u00e9quip\u00e9e d&rsquo;options de couleurs illimit\u00e9es, de dispositions r\u00e9actives et de compatibilit\u00e9 avec l&rsquo;\u00e9diteur de Gutenberg et le constructeur de page Elementor. Ce th\u00e8me convivial pour le r\u00e9f\u00e9rencement garantit une grande visibilit\u00e9 pour vos annonces \u00e0 travers les moteurs de recherche, ce qui a finalement conduit plus de trafic vers votre site Web. Le th\u00e8me WordPress ADS classifi\u00e9 Classima offre vraiment une solution tout-en-un pour vos besoins publicitaires en ligne, promettant une exp\u00e9rience utilisateur transparente et un coup de pouce significatif dans vos conversions d&rsquo;annonces.<\/p>\n","protected":false},"featured_media":143391,"comment_status":"open","ping_status":"open","template":"","meta":[],"product_brand":[2433],"product_cat":[1242,1212,1213],"product_tag":[1366],"class_list":{"0":"post-112497","1":"product","2":"type-product","3":"status-publish","4":"has-post-thumbnail","6":"product_brand-themeforest","7":"product_cat-creatif","8":"product_cat-themes","9":"product_cat-wordpress-themes","10":"product_tag-themeforest","11":"member-discount","12":"discount-restricted","14":"first","15":"instock","16":"sale","17":"downloadable","18":"virtual","19":"sold-individually","20":"purchasable","21":"product-type-simple"},"_links":{"self":[{"href":"https:\/\/gpl-love.com\/fr\/wp-json\/wp\/v2\/product\/112497","targetHints":{"allow":["GET"]}}],"collection":[{"href":"https:\/\/gpl-love.com\/fr\/wp-json\/wp\/v2\/product"}],"about":[{"href":"https:\/\/gpl-love.com\/fr\/wp-json\/wp\/v2\/types\/product"}],"replies":[{"embeddable":true,"href":"https:\/\/gpl-love.com\/fr\/wp-json\/wp\/v2\/comments?post=112497"}],"wp:featuredmedia":[{"embeddable":true,"href":"https:\/\/gpl-love.com\/fr\/wp-json\/wp\/v2\/media\/143391"}],"wp:attachment":[{"href":"https:\/\/gpl-love.com\/fr\/wp-json\/wp\/v2\/media?parent=112497"}],"wp:term":[{"taxonomy":"product_brand","embeddable":true,"href":"https:\/\/gpl-love.com\/fr\/wp-json\/wp\/v2\/product_brand?post=112497"},{"taxonomy":"product_cat","embeddable":true,"href":"https:\/\/gpl-love.com\/fr\/wp-json\/wp\/v2\/product_cat?post=112497"},{"taxonomy":"product_tag","embeddable":true,"href":"https:\/\/gpl-love.com\/fr\/wp-json\/wp\/v2\/product_tag?post=112497"}],"curies":[{"name":"wp","href":"https:\/\/api.w.org\/{rel}","templated":true}]}}