{"id":112493,"date":"2021-08-06T00:00:00","date_gmt":"2021-08-05T22:00:00","guid":{"rendered":"http:\/\/gpl-love.com\/fr\/produit\/youzify-buddypress-social-share\/"},"modified":"2026-04-08T18:31:23","modified_gmt":"2026-04-08T16:31:23","slug":"youzify-buddypress-social-share","status":"publish","type":"product","link":"https:\/\/gpl-love.com\/fr\/produit\/youzify-buddypress-social-share\/","title":{"rendered":"Youzify BuddyPress Social Share 2.0.0"},"content":{"rendered":"<h3>Youzify BuddyPress Social Share Traits<\/h3>\n<p>Le plugin de partage social Youzify BuddyPress, offrant une vaste gamme de fonctionnalit\u00e9s et une interface utilisateur intuitive, s&rsquo;av\u00e8re comme un outil remarquable qui permet aux utilisateurs de distribuer sans effort et efficacement une grande vari\u00e9t\u00e9 de contenu sur plusieurs plateformes de m\u00e9dias sociaux. Ce plugin fournit non seulement une prise en charge de nombreuses plateformes de m\u00e9dias sociaux, mais accorde \u00e9galement aux utilisateurs la flexibilit\u00e9 pour personnaliser leurs boutons de partage, garantissant ainsi une int\u00e9gration transparente avec leur identit\u00e9 de marque. En outre, ce plugin facilite le partage des publications et des pages individuelles, permettant aux utilisateurs de diffuser leur contenu pr\u00e9cieux \u00e0 un public plus large. En se pr\u00e9voyant du plugin de partage social Youzify BuddyPress, les utilisateurs peuvent am\u00e9liorer consid\u00e9rablement la visibilit\u00e9 de leur contenu et \u00e9largir leur port\u00e9e sur les plateformes de m\u00e9dias sociaux. Essentiellement, cet outil puissant permet aux utilisateurs de promouvoir de mani\u00e8re transparente et strat\u00e9giquement strat\u00e9gique leur contenu sur diverses plateformes de m\u00e9dias sociaux.<\/p>\n<ul>\n<li>Options de partage social faciles pour les utilisateurs de Buddypress<\/li>\n<li>Int\u00e9gre parfaitement le r\u00e9seau social BuddyPress<\/li>\n<li>Capacit\u00e9 \u00e0 partager du contenu sur les plateformes de m\u00e9dias sociaux populaires<\/li>\n<li>Interface conviviale pour un partage rapide et efficace<\/li>\n<li>Stimuler l&rsquo;engagement social et la port\u00e9e du public<\/li>\n<li>Am\u00e9liorer l&rsquo;exp\u00e9rience utilisateur sur le r\u00e9seau social Buddypress<\/li>\n<li>Activer le partage de diff\u00e9rents types de contenu tels que les publications, les images et les vid\u00e9os<\/li>\n<li>Options de partage personnalisables pour convenir aux pr\u00e9f\u00e9rences des utilisateurs<\/li>\n<li>Prise en charge multi-langues pour les utilisateurs internationaux<\/li>\n<li>Mises \u00e0 jour r\u00e9guli\u00e8res et soutien de l&rsquo;\u00e9quipe Youzify.<\/li>\n<\/ul>\n","protected":false},"excerpt":{"rendered":"<p>Youzify BuddyPress Social Share, un plugin incroyablement innovant con\u00e7u exclusivement pour WordPress, fournit aux propri\u00e9taires de sites Web une m\u00e9thode transparente et efficace pour incorporer des boutons de partage social sur leurs pages communautaires BuddyPress. En utilisant cet outil remarquable, les utilisateurs sont autoris\u00e9s \u00e0 distribuer sans effort le contenu captivant via diverses plateformes de m\u00e9dias sociaux telles que Facebook, Twitter, LinkedIn et de nombreux autres, \u00e9largissant ainsi consid\u00e9rablement leur influence et leur interaction avec leur public cible. B\u00e9n\u00e9ficiant d&rsquo;une interface exceptionnellement intuitive et d&rsquo;une int\u00e9gration parfaitement dans la plate-forme BuddyPress, Youzify BuddyPress Social Share appara\u00eet sans aucun doute comme un atout indispensable pour les individus qui cherchent avec impatience \u00e0 augmenter leur pr\u00e9sence en ligne dans le domaine des m\u00e9dias sociaux et \u00e0 favoriser la croissance exponentielle au sein de leur communaut\u00e9 virtuelle.<\/p>\n","protected":false},"featured_media":146463,"comment_status":"open","ping_status":"open","template":"","meta":[],"product_brand":[2750],"product_cat":[1300,1181,1186],"product_tag":[1735],"class_list":{"0":"post-112493","1":"product","2":"type-product","3":"status-publish","4":"has-post-thumbnail","6":"product_brand-kainelabs","7":"product_cat-adhesion","8":"product_cat-plugins","9":"product_cat-wordpress-plugins","10":"product_tag-kainelabs","11":"member-discount","12":"discount-restricted","14":"first","15":"instock","16":"sale","17":"downloadable","18":"virtual","19":"sold-individually","20":"purchasable","21":"product-type-simple"},"_links":{"self":[{"href":"https:\/\/gpl-love.com\/fr\/wp-json\/wp\/v2\/product\/112493","targetHints":{"allow":["GET"]}}],"collection":[{"href":"https:\/\/gpl-love.com\/fr\/wp-json\/wp\/v2\/product"}],"about":[{"href":"https:\/\/gpl-love.com\/fr\/wp-json\/wp\/v2\/types\/product"}],"replies":[{"embeddable":true,"href":"https:\/\/gpl-love.com\/fr\/wp-json\/wp\/v2\/comments?post=112493"}],"wp:featuredmedia":[{"embeddable":true,"href":"https:\/\/gpl-love.com\/fr\/wp-json\/wp\/v2\/media\/146463"}],"wp:attachment":[{"href":"https:\/\/gpl-love.com\/fr\/wp-json\/wp\/v2\/media?parent=112493"}],"wp:term":[{"taxonomy":"product_brand","embeddable":true,"href":"https:\/\/gpl-love.com\/fr\/wp-json\/wp\/v2\/product_brand?post=112493"},{"taxonomy":"product_cat","embeddable":true,"href":"https:\/\/gpl-love.com\/fr\/wp-json\/wp\/v2\/product_cat?post=112493"},{"taxonomy":"product_tag","embeddable":true,"href":"https:\/\/gpl-love.com\/fr\/wp-json\/wp\/v2\/product_tag?post=112493"}],"curies":[{"name":"wp","href":"https:\/\/api.w.org\/{rel}","templated":true}]}}