{"id":112491,"date":"2021-08-06T00:00:00","date_gmt":"2021-08-05T22:00:00","guid":{"rendered":"http:\/\/gpl-love.com\/fr\/produit\/youzify-buddypress-profile-completeness\/"},"modified":"2026-04-08T18:31:22","modified_gmt":"2026-04-08T16:31:22","slug":"youzify-buddypress-profile-completeness","status":"publish","type":"product","link":"https:\/\/gpl-love.com\/fr\/produit\/youzify-buddypress-profile-completeness\/","title":{"rendered":"Youzify BuddyPress Profile Completeness 2.0.0"},"content":{"rendered":"<h3>Youzify BuddyPress Profile Completeness Traits<\/h3>\n<p>Le profil Youzify BuddyPress Exhaustiness, un plugin extr\u00eamement efficace, sert de solution remarquable pour les utilisateurs qui cherchent \u00e0 finaliser sans effort leurs profils BuddyPress. B\u00e9n\u00e9ficiant d&rsquo;une interface compl\u00e8te et conviviale, ce plugin escorte de mani\u00e8re experte les utilisateurs via le processus d&rsquo;ach\u00e8vement du profil. Au moyen d&rsquo;une barre de progr\u00e8s, il repr\u00e9sente visuellement le pourcentage du profil qui a \u00e9t\u00e9 d\u00fbment achev\u00e9 tout en sugg\u00e9rant judicieusement des champs pertinents qui n\u00e9cessitent une attention. Principalement con\u00e7ue pour les propri\u00e9taires de sites Web aspirant \u00e0 am\u00e9liorer l&rsquo;engagement des utilisateurs et \u00e0 favoriser des interactions significatives, le plugin d&rsquo;exhaustivit\u00e9 du profil Youzify BuddyPress renforce la probabilit\u00e9 que les utilisateurs s&rsquo;engagent activement les uns avec les autres. Avec ce plugin \u00e0 leur disposition, les utilisateurs sont autoris\u00e9s \u00e0 \u00e9laborer un profil global et visuellement attrayant qui refl\u00e8te efficacement leur personnalit\u00e9 inimitable et leurs int\u00e9r\u00eats fervents.<\/p>\n<ul>\n<li>Augmente l&rsquo;engagement sur les sites Web communautaires aliment\u00e9s par BuddyPress<\/li>\n<li>Encourage les utilisateurs \u00e0 compl\u00e9ter pleinement leurs profils<\/li>\n<li>Fournit une barre de progression compatible avec l&rsquo;utilisateur<\/li>\n<li>Offre des incitations pour compl\u00e9ter les champs de profil<\/li>\n<li>Propose des messages personnalisables pour encourager les utilisateurs \u00e0 terminer les profils<\/li>\n<li>Facile \u00e0 installer et \u00e0 configurer<\/li>\n<li>Fonctionne de mani\u00e8re transparente avec des th\u00e8mes et des plugins Buddypress<\/li>\n<li>Am\u00e9liore la qualit\u00e9 des donn\u00e9es des utilisateurs pour les administrateurs et mod\u00e9rateurs communautaires<\/li>\n<li>Aide les utilisateurs \u00e0 trouver rapidement les membres de la communaut\u00e9 avec des profils enti\u00e8rement termin\u00e9s<\/li>\n<li>Disponible en plusieurs langues<\/li>\n<li>Compatible avec les installations multisites WordPress.<\/li>\n<li>Compatible avec les derni\u00e8res versions de WordPress et BuddyPress.<\/li>\n<li>Support premium disponible pour les utilisateurs.<\/li>\n<\/ul>\n","protected":false},"excerpt":{"rendered":"<p>Le plugin d&rsquo;exhaustivit\u00e9 du profil Youzify BuddyPress, sp\u00e9cialement con\u00e7u pour les sites Web BuddyPress, sert d&rsquo;outil inestimable pour maintenir l&rsquo;exhaustivit\u00e9 et la pr\u00e9cision des profils d&rsquo;utilisateurs. Son objectif principal est d&rsquo;aider les administrateurs de sites \u00e0 g\u00e9rer et \u00e0 surveiller efficacement divers d\u00e9tails de profil, tels que les images de profil, les informations BIO, les emplacements et les comptes de m\u00e9dias sociaux, entre autres. En utilisant ce plugin, les administrateurs peuvent encourager de mani\u00e8re transparente les utilisateurs \u00e0 mettre \u00e0 jour r\u00e9guli\u00e8rement leurs profils, favorisant ainsi un niveau d&rsquo;engagement et de connaissances accrus au sein de la communaut\u00e9. Que vous soyez en charge d&rsquo;une plate-forme de r\u00e9seautage social, d&rsquo;une communaut\u00e9 en ligne ou d&rsquo;un site Web de niche, le plugin d&rsquo;exhaustivit\u00e9 du profil Youzify BuddyPress s&rsquo;av\u00e8re \u00eatre la solution ultime pour am\u00e9liorer l&rsquo;exp\u00e9rience utilisateur et cultiver une communaut\u00e9 en ligne plus dynamique.<\/p>\n","protected":false},"featured_media":146462,"comment_status":"open","ping_status":"open","template":"","meta":[],"product_brand":[2750],"product_cat":[1300,1181,1186],"product_tag":[1735],"class_list":{"0":"post-112491","1":"product","2":"type-product","3":"status-publish","4":"has-post-thumbnail","6":"product_brand-kainelabs","7":"product_cat-adhesion","8":"product_cat-plugins","9":"product_cat-wordpress-plugins","10":"product_tag-kainelabs","11":"member-discount","12":"discount-restricted","14":"first","15":"instock","16":"sale","17":"downloadable","18":"virtual","19":"sold-individually","20":"purchasable","21":"product-type-simple"},"_links":{"self":[{"href":"https:\/\/gpl-love.com\/fr\/wp-json\/wp\/v2\/product\/112491","targetHints":{"allow":["GET"]}}],"collection":[{"href":"https:\/\/gpl-love.com\/fr\/wp-json\/wp\/v2\/product"}],"about":[{"href":"https:\/\/gpl-love.com\/fr\/wp-json\/wp\/v2\/types\/product"}],"replies":[{"embeddable":true,"href":"https:\/\/gpl-love.com\/fr\/wp-json\/wp\/v2\/comments?post=112491"}],"wp:featuredmedia":[{"embeddable":true,"href":"https:\/\/gpl-love.com\/fr\/wp-json\/wp\/v2\/media\/146462"}],"wp:attachment":[{"href":"https:\/\/gpl-love.com\/fr\/wp-json\/wp\/v2\/media?parent=112491"}],"wp:term":[{"taxonomy":"product_brand","embeddable":true,"href":"https:\/\/gpl-love.com\/fr\/wp-json\/wp\/v2\/product_brand?post=112491"},{"taxonomy":"product_cat","embeddable":true,"href":"https:\/\/gpl-love.com\/fr\/wp-json\/wp\/v2\/product_cat?post=112491"},{"taxonomy":"product_tag","embeddable":true,"href":"https:\/\/gpl-love.com\/fr\/wp-json\/wp\/v2\/product_tag?post=112491"}],"curies":[{"name":"wp","href":"https:\/\/api.w.org\/{rel}","templated":true}]}}