{"id":112489,"date":"2021-08-06T00:00:00","date_gmt":"2021-08-05T22:00:00","guid":{"rendered":"http:\/\/gpl-love.com\/fr\/produit\/youzify-buddypress-moderation\/"},"modified":"2026-04-08T18:31:20","modified_gmt":"2026-04-08T16:31:20","slug":"youzify-buddypress-moderation","status":"publish","type":"product","link":"https:\/\/gpl-love.com\/fr\/produit\/youzify-buddypress-moderation\/","title":{"rendered":"Youzify BuddyPress Moderation 2.0.0"},"content":{"rendered":"<h3>Youzify BuddyPress Moderation Traits<\/h3>\n<p>La mod\u00e9ration de Youzify Buddypress, un outil incroyablement puissant, sert d&rsquo;aide inestimable \u00e0 g\u00e9rer efficacement votre communaut\u00e9 de copains. Gr\u00e2ce \u00e0 l&rsquo;utilisation de ce plugin, vous \u00eates dot\u00e9 de la capacit\u00e9 de mod\u00e9rer sans effort et de superviser le contenu g\u00e9n\u00e9r\u00e9 par l&rsquo;utilisateur dans votre site Buddypress, englobant des commentaires, des publications et des profils. Le plugin lui-m\u00eame englobe une pl\u00e9thore de fonctionnalit\u00e9s remarquables, allant de la capacit\u00e9 d&rsquo;approuver ou de rejeter le contenu, de g\u00e9rer habilement les profils d&rsquo;utilisateurs, et m\u00eame d&rsquo;\u00e9tablir des notifications personnalisables. De plus, l&rsquo;installation et l&rsquo;utilisation du plugin de mod\u00e9ration Youzify BuddyPress s&rsquo;av\u00e8rent \u00eatre une entreprise tout \u00e0 fait simple, ce qui en fait un choix id\u00e9al pour les utilisateurs n\u00e9ophytes et assaisonn\u00e9s. Ergo, si vous nourrissez le d\u00e9sir de prendre le contr\u00f4le de votre communaut\u00e9 de copains, ce plugin justifie sans \u00e9quivoque votre exploration.<\/p>\n<ul>\n<li>Rationalisez les t\u00e2ches de mod\u00e9ration sur votre site BuddyPress avec Youzify BuddyPress Mod\u00e9ration.<\/li>\n<li>Gardez votre communaut\u00e9 en s\u00e9curit\u00e9 et sans spam et un contenu inappropri\u00e9.<\/li>\n<li>Soyez inform\u00e9 du nouveau contenu qui n\u00e9cessite une mod\u00e9ration.<\/li>\n<li>Supprimer, \u00e9diter ou approuver facilement le contenu g\u00e9n\u00e9r\u00e9 par les membres.<\/li>\n<li>Attribuer des t\u00e2ches de mod\u00e9ration \u00e0 des utilisateurs ou des mod\u00e9rateurs sp\u00e9cifiques.<\/li>\n<li>Personnalisez les r\u00e8gles de mod\u00e9ration et les param\u00e8tres pour r\u00e9pondre aux besoins de votre site.<\/li>\n<li>\u00c9conomisez du temps et des efforts en automatisant les t\u00e2ches de mod\u00e9ration.<\/li>\n<li>Utilisez des options de filtrage avanc\u00e9es pour trouver rapidement et mod\u00e9rer le contenu sp\u00e9cifique.<\/li>\n<li>Gardez un journal de mod\u00e9ration complet pour suivre les actions et assurer la responsabilit\u00e9.<\/li>\n<li>Am\u00e9liorez l&rsquo;exp\u00e9rience des membres et encouragez la croissance de la communaut\u00e9 en maintenant un environnement propre et accueillant.<\/li>\n<\/ul>\n","protected":false},"excerpt":{"rendered":"<p>Le plugin de mod\u00e9ration Youzify BuddyPress, tr\u00e8s consid\u00e9r\u00e9 comme un outil crucial, sert d&rsquo;atout indispensable pour g\u00e9rer et mod\u00e9rer efficacement votre communaut\u00e9 de bouddypress. B\u00e9n\u00e9ficiant d&rsquo;une vaste gamme d&rsquo;options de mod\u00e9ration, ce plugin offre une commodit\u00e9 in\u00e9gal\u00e9e dans la surveillance et l&rsquo;exercice de contr\u00f4le sur l&rsquo;activit\u00e9 des utilisateurs sur votre site Web. Gr\u00e2ce aux capacit\u00e9s exceptionnelles offertes par Youzify Buddypress, l&rsquo;identification et l&rsquo;\u00e9limination rapidement du contenu inadapt\u00e9, l&rsquo;obstruction \u00e0 l&rsquo;intrusion des comptes de spam et le maintien d&rsquo;un environnement propice au bien-\u00eatre de vos membres n&rsquo;ont jamais \u00e9t\u00e9 plus faciles. Il va sans dire que tout propri\u00e9taire de site de copain prudent qui abrite un v\u00e9ritable d\u00e9sir de prot\u00e9ger la saintet\u00e9 et la s\u00e9curit\u00e9 de sa communaut\u00e9 en ligne serait sage de hi\u00e9rarchiser l&rsquo;acquisition et la mise en \u0153uvre de ce plugin indispensable.<\/p>\n","protected":false},"featured_media":146460,"comment_status":"open","ping_status":"open","template":"","meta":[],"product_brand":[2750],"product_cat":[1300,1181,1186],"product_tag":[1735],"class_list":{"0":"post-112489","1":"product","2":"type-product","3":"status-publish","4":"has-post-thumbnail","6":"product_brand-kainelabs","7":"product_cat-adhesion","8":"product_cat-plugins","9":"product_cat-wordpress-plugins","10":"product_tag-kainelabs","11":"member-discount","12":"discount-restricted","14":"first","15":"instock","16":"sale","17":"downloadable","18":"virtual","19":"sold-individually","20":"purchasable","21":"product-type-simple"},"_links":{"self":[{"href":"https:\/\/gpl-love.com\/fr\/wp-json\/wp\/v2\/product\/112489","targetHints":{"allow":["GET"]}}],"collection":[{"href":"https:\/\/gpl-love.com\/fr\/wp-json\/wp\/v2\/product"}],"about":[{"href":"https:\/\/gpl-love.com\/fr\/wp-json\/wp\/v2\/types\/product"}],"replies":[{"embeddable":true,"href":"https:\/\/gpl-love.com\/fr\/wp-json\/wp\/v2\/comments?post=112489"}],"wp:featuredmedia":[{"embeddable":true,"href":"https:\/\/gpl-love.com\/fr\/wp-json\/wp\/v2\/media\/146460"}],"wp:attachment":[{"href":"https:\/\/gpl-love.com\/fr\/wp-json\/wp\/v2\/media?parent=112489"}],"wp:term":[{"taxonomy":"product_brand","embeddable":true,"href":"https:\/\/gpl-love.com\/fr\/wp-json\/wp\/v2\/product_brand?post=112489"},{"taxonomy":"product_cat","embeddable":true,"href":"https:\/\/gpl-love.com\/fr\/wp-json\/wp\/v2\/product_cat?post=112489"},{"taxonomy":"product_tag","embeddable":true,"href":"https:\/\/gpl-love.com\/fr\/wp-json\/wp\/v2\/product_tag?post=112489"}],"curies":[{"name":"wp","href":"https:\/\/api.w.org\/{rel}","templated":true}]}}