{"id":112481,"date":"2021-08-06T00:00:00","date_gmt":"2021-08-05T22:00:00","guid":{"rendered":"http:\/\/gpl-love.com\/fr\/produit\/youzify-buddypress-block-members\/"},"modified":"2026-04-08T18:31:18","modified_gmt":"2026-04-08T16:31:18","slug":"youzify-buddypress-block-members","status":"publish","type":"product","link":"https:\/\/gpl-love.com\/fr\/produit\/youzify-buddypress-block-members\/","title":{"rendered":"Youzify BuddyPress Block Members 2.0.0"},"content":{"rendered":"<h3>Youzify BuddyPress Block Members Traits<\/h3>\n<p>Les membres du bloc Youzify BuddyPress, un plugin WordPress extr\u00eamement influent, accordent aux utilisateurs la capacit\u00e9 d&rsquo;obstruer des autres membres du r\u00e9seau social BuddyPress. B\u00e9n\u00e9ficiant d&rsquo;une interface simple et centr\u00e9e sur l&rsquo;utilisateur, ce plugin permet aux utilisateurs sans effort d&rsquo;\u00e9viter toute interaction ind\u00e9sirable. Gr\u00e2ce \u00e0 l&rsquo;utilisation de cet outil inestimable, les utilisateurs administrent de mani\u00e8re transparente leurs engagements dans leur r\u00e9seau social, se prot\u00e9geant efficacement des messages importuns ou des rencontres injustifi\u00e9es avec d&rsquo;autres membres. Ind\u00e9niablement, l&rsquo;acquisition du plugin Youzify Buddypress Block est une n\u00e9cessit\u00e9 indispensable pour ceux qui recherchent une domination absolue sur leur r\u00e9seau social BuddyPress.<\/p>\n<ul>\n<li>Bloquer les membres d&rsquo;acc\u00e9der \u00e0 certaines fonctionnalit\u00e9s de Buddypress<\/li>\n<li>Emp\u00eacher les membres sp\u00e9cifiques de consulter du contenu sur votre site Web<\/li>\n<li>G\u00e9rer facilement les autorisations et les restrictions des membres<\/li>\n<li>Bloquer les utilisateurs individuels ou les groupes entiers<\/li>\n<li>Augmenter la s\u00e9curit\u00e9 et la confidentialit\u00e9 sur votre site Buddypress<\/li>\n<li>Param\u00e8tres personnalisables pour r\u00e9pondre \u00e0 vos besoins<\/li>\n<li>Interface conviviale pour une navigation facile<\/li>\n<li>Compatible avec les plugins Youzify et BuddyPress<\/li>\n<li>Mises \u00e0 jour et soutien de d\u00e9veloppeurs exp\u00e9riment\u00e9s<\/li>\n<li>Peut aider \u00e0 am\u00e9liorer l&rsquo;exp\u00e9rience des utilisateurs et la gestion de la communaut\u00e9 sur votre site<\/li>\n<\/ul>\n","protected":false},"excerpt":{"rendered":"<p>Youzify BuddyPress Block Membres, un outil incroyablement puissant, vous donne la possibilit\u00e9 de bloquer efficacement les membres ind\u00e9sirables au sein de votre communaut\u00e9 Buddypress. Ce plugin remarquable poss\u00e8de une interface simpliste et conviviale, facilitant ainsi la protection transparente de votre communaut\u00e9 contre les p\u00e9rils du spam et de l&rsquo;engagement ind\u00e9sirable. En utilisant les capacit\u00e9s in\u00e9gal\u00e9es de Youzify BuddyPress Block Membres, vous poss\u00e9dez la capacit\u00e9 d&rsquo;interdire rapidement et sans effort sans effort que vous percevez comme inappropri\u00e9e ou potentiellement nocive, garantissant ainsi la pr\u00e9servation d&rsquo;un environnement communautaire s\u00e9curis\u00e9 et agr\u00e9able pour tous les participants. Que vous superviserez une vaste communaut\u00e9 tentaculaire ou un groupe plus intime et tr\u00e8s un peu, ce plugin est un atout indispensable dans la sauvegarde de votre communaut\u00e9 \u00e0 partir d&rsquo;interf\u00e9rence ind\u00e9sirable. Alors, pourquoi en tarder davantage? Ne perdez pas de temps et adoptez les \u00e9normes avantages offerts par Youzify BuddyPress Block Membres en le t\u00e9l\u00e9chargeant rapidement aujourd&rsquo;hui, vous permettant d&rsquo;installer instantan\u00e9ment l&rsquo;infiltration de membres ind\u00e9sirables par la simple ex\u00e9cution de quelques clics non compliqu\u00e9s!<\/p>\n","protected":false},"featured_media":146458,"comment_status":"open","ping_status":"open","template":"","meta":[],"product_brand":[2750],"product_cat":[1300,1181,1186],"product_tag":[1735],"class_list":{"0":"post-112481","1":"product","2":"type-product","3":"status-publish","4":"has-post-thumbnail","6":"product_brand-kainelabs","7":"product_cat-adhesion","8":"product_cat-plugins","9":"product_cat-wordpress-plugins","10":"product_tag-kainelabs","11":"member-discount","12":"discount-restricted","14":"first","15":"instock","16":"sale","17":"downloadable","18":"virtual","19":"sold-individually","20":"purchasable","21":"product-type-simple"},"_links":{"self":[{"href":"https:\/\/gpl-love.com\/fr\/wp-json\/wp\/v2\/product\/112481","targetHints":{"allow":["GET"]}}],"collection":[{"href":"https:\/\/gpl-love.com\/fr\/wp-json\/wp\/v2\/product"}],"about":[{"href":"https:\/\/gpl-love.com\/fr\/wp-json\/wp\/v2\/types\/product"}],"replies":[{"embeddable":true,"href":"https:\/\/gpl-love.com\/fr\/wp-json\/wp\/v2\/comments?post=112481"}],"wp:featuredmedia":[{"embeddable":true,"href":"https:\/\/gpl-love.com\/fr\/wp-json\/wp\/v2\/media\/146458"}],"wp:attachment":[{"href":"https:\/\/gpl-love.com\/fr\/wp-json\/wp\/v2\/media?parent=112481"}],"wp:term":[{"taxonomy":"product_brand","embeddable":true,"href":"https:\/\/gpl-love.com\/fr\/wp-json\/wp\/v2\/product_brand?post=112481"},{"taxonomy":"product_cat","embeddable":true,"href":"https:\/\/gpl-love.com\/fr\/wp-json\/wp\/v2\/product_cat?post=112481"},{"taxonomy":"product_tag","embeddable":true,"href":"https:\/\/gpl-love.com\/fr\/wp-json\/wp\/v2\/product_tag?post=112481"}],"curies":[{"name":"wp","href":"https:\/\/api.w.org\/{rel}","templated":true}]}}