{"id":112477,"date":"2021-08-06T00:00:00","date_gmt":"2021-08-05T22:00:00","guid":{"rendered":"http:\/\/gpl-love.com\/fr\/produit\/youzify-buddypress-mycred-integration\/"},"modified":"2026-04-08T18:31:21","modified_gmt":"2026-04-08T16:31:21","slug":"youzify-buddypress-mycred-integration","status":"publish","type":"product","link":"https:\/\/gpl-love.com\/fr\/produit\/youzify-buddypress-mycred-integration\/","title":{"rendered":"Youzify BuddyPress MyCRED Integration 2.0.0"},"content":{"rendered":"<h3>Youzify BuddyPress MyCRED Integration Traits<\/h3>\n<p>L&rsquo;int\u00e9gration Youzify BuddyPress MyCred a \u00e9t\u00e9 ing\u00e9nieusement d\u00e9velopp\u00e9e comme un outil tr\u00e8s robuste et efficace, m\u00e9ticuleusement con\u00e7u pour amplifier et augmenter consid\u00e9rablement l&rsquo;exp\u00e9rience utilisateur globale au sein de la communaut\u00e9 du bouddypress. Ce plugin exceptionnel permet aux utilisateurs de la capacit\u00e9 extraordinaire d&rsquo;amasser et d&rsquo;accumuler des r\u00e9compenses et des incitations en tirant parti du remarquable syst\u00e8me MyCred Points, qui peut par la suite \u00eatre magnifiquement rachet\u00e9 pour d\u00e9verrouiller une vaste gamme de avantages divers et d&rsquo;avantages avantageux. Une int\u00e9gration transparente avec Buddypress amalgame de mani\u00e8re transparente et fusionne parfaitement les fonctionnalit\u00e9s des deux plateformes, permettant aux utilisateurs d&rsquo;acc\u00e9der et de parcourir et de parcourir facilement leurs points individuels, leurs classements et leurs r\u00e9alisations au sein de la communaut\u00e9 dans son ensemble. Sans aucun doute, ce plugin ph\u00e9nom\u00e9nal est sans aucun doute un ajout exceptionnellement louable et inestimable \u00e0 tout site Web de copain, fournissant avec diligence un mode incroyablement agr\u00e9able et captivant pour galvaniser efficacement les utilisateurs et augmenter consid\u00e9rablement leur participation et leur implication au sein de la communaut\u00e9 florissante.<\/p>\n<ul>\n<li>Int\u00e8gre Youzify et Buddypress de mani\u00e8re transparente, permettant une plate-forme de communaut\u00e9 sociale enti\u00e8rement fonctionnelle<\/li>\n<li>Utilise la plate-forme MyCred, fournissant un syst\u00e8me de points et de r\u00e9compenses pour inciter l&rsquo;engagement et l&rsquo;activit\u00e9 des utilisateurs<\/li>\n<li>Les param\u00e8tres personnalisables permettent de contr\u00f4ler l&rsquo;administrateur sur les points attribu\u00e9s pour diverses actions, tels que la publication de contenu ou s&rsquo;engager avec les autres<\/li>\n<li>L&rsquo;int\u00e9gration permet \u00e9galement aux profils d&rsquo;utilisateurs d&rsquo;afficher les soldes de points MyCred et d&rsquo;autres informations pertinentes<\/li>\n<li>Compatible avec une vari\u00e9t\u00e9 d&rsquo;autres plugins et extensions, permettant une personnalisation et une fonctionnalit\u00e9 encore plus importantes dans la plate-forme<\/li>\n<li>L&rsquo;interface conviviale et le processus d&rsquo;installation simple permettent \u00e0 quiconque de configurer et de commencer \u00e0 utiliser l&rsquo;int\u00e9gration<\/li>\n<li>Am\u00e9liore l&rsquo;exp\u00e9rience utilisateur globale en incitant l&rsquo;engagement et en fournissant un moyen amusant et interactif pour les utilisateurs d&rsquo;interagir et de se connecter les uns avec les autres.<\/li>\n<\/ul>\n","protected":false},"excerpt":{"rendered":"<p>L&rsquo;int\u00e9gration MyCred Youzify BuddyPress est un plugin exceptionnellement robuste qui a \u00e9t\u00e9 ing\u00e9nieusement con\u00e7u pour augmenter et enrichir votre exp\u00e9rience communautaire en ligne globale. Il fusionne parfaitement les fonctionnalit\u00e9s de deux plugins WordPress tr\u00e8s acclam\u00e9s, \u00e0 savoir Buddypress et MyCred, vous offrant ainsi un r\u00e9seau social global et complet et complet rempli d&rsquo;un syst\u00e8me de r\u00e9compenses remarquable. Ce plugin sans pr\u00e9c\u00e9dent vous permet d&rsquo;\u00e9tablir et de cultiver une communaut\u00e9 dynamique et interactive dans laquelle les membres peuvent sans effort amasser des points \u00e0 travers leurs diverses activit\u00e9s, favorisant ainsi une culture de conduite positive et finalement cultiver une loyaut\u00e9 in\u00e9branlable parmi ses \u00e9lecteurs. De plus, il poss\u00e8de un \u00e9ventail de param\u00e8tres avanc\u00e9s qui vous accordent une grande libert\u00e9 d&rsquo;adapter le syst\u00e8me de r\u00e9compenses conform\u00e9ment \u00e0 vos exigences individuelles et distinctives. Que vous soyez \u00e0 la t\u00eate d&rsquo;une entreprise commerciale florissante ou d&rsquo;une organisation de bienfaisance \u00e0 but non lucratif, l&rsquo;int\u00e9gration transparente offerte par ce plugin s&rsquo;av\u00e9rera sans aucun doute d\u00e9terminant dans la cr\u00e9ation et la culture d&rsquo;une communaut\u00e9 active.<\/p>\n","protected":false},"featured_media":146461,"comment_status":"open","ping_status":"open","template":"","meta":[],"product_brand":[2750],"product_cat":[1300,1181,1186],"product_tag":[1735],"class_list":{"0":"post-112477","1":"product","2":"type-product","3":"status-publish","4":"has-post-thumbnail","6":"product_brand-kainelabs","7":"product_cat-adhesion","8":"product_cat-plugins","9":"product_cat-wordpress-plugins","10":"product_tag-kainelabs","11":"member-discount","12":"discount-restricted","14":"first","15":"instock","16":"sale","17":"downloadable","18":"virtual","19":"sold-individually","20":"purchasable","21":"product-type-simple"},"_links":{"self":[{"href":"https:\/\/gpl-love.com\/fr\/wp-json\/wp\/v2\/product\/112477","targetHints":{"allow":["GET"]}}],"collection":[{"href":"https:\/\/gpl-love.com\/fr\/wp-json\/wp\/v2\/product"}],"about":[{"href":"https:\/\/gpl-love.com\/fr\/wp-json\/wp\/v2\/types\/product"}],"replies":[{"embeddable":true,"href":"https:\/\/gpl-love.com\/fr\/wp-json\/wp\/v2\/comments?post=112477"}],"wp:featuredmedia":[{"embeddable":true,"href":"https:\/\/gpl-love.com\/fr\/wp-json\/wp\/v2\/media\/146461"}],"wp:attachment":[{"href":"https:\/\/gpl-love.com\/fr\/wp-json\/wp\/v2\/media?parent=112477"}],"wp:term":[{"taxonomy":"product_brand","embeddable":true,"href":"https:\/\/gpl-love.com\/fr\/wp-json\/wp\/v2\/product_brand?post=112477"},{"taxonomy":"product_cat","embeddable":true,"href":"https:\/\/gpl-love.com\/fr\/wp-json\/wp\/v2\/product_cat?post=112477"},{"taxonomy":"product_tag","embeddable":true,"href":"https:\/\/gpl-love.com\/fr\/wp-json\/wp\/v2\/product_tag?post=112477"}],"curies":[{"name":"wp","href":"https:\/\/api.w.org\/{rel}","templated":true}]}}