{"id":112475,"date":"2025-11-26T00:00:00","date_gmt":"2025-11-25T23:00:00","guid":{"rendered":"http:\/\/gpl-love.com\/fr\/produit\/learndash-notes\/"},"modified":"2026-03-20T23:22:03","modified_gmt":"2026-03-20T22:22:03","slug":"learndash-notes","status":"publish","type":"product","link":"https:\/\/gpl-love.com\/fr\/produit\/learndash-notes\/","title":{"rendered":"LearnDash LMS Notes 2.0.1"},"content":{"rendered":"<h3>LearnDash LMS Notes Traits<\/h3>\n<p>LearnDash Notes, un syst\u00e8me de gestion d&rsquo;apprentissage tr\u00e8s convivial et remarquablement efficace, sert de plate-forme remarquable pour que les \u00e9tudiants puissent m\u00e9ticuleusement leurs pens\u00e9es et pr\u00e9serveront parfaitement leur progr\u00e8s acad\u00e9mique tout au long de leur vaste exp\u00e9dition \u00e9ducative en ligne. \u00c0 l&rsquo;aide de Notes Learndash, les \u00e9tudiants peuvent enregistrer sans effort leurs observations et r\u00e9flexions sur divers mat\u00e9riels de cours, les classer bien en sections sp\u00e9cifiques et leur acc\u00e9der sans effort \u00e0 leur plus grande commodit\u00e9, quel que soit le temps ou le lieu. De plus, cet outil inestimable permet aux \u00e9tudiants de s&rsquo;engager activement dans des efforts de collaboration avec leurs pairs et leurs instructeurs, facilitant ainsi un environnement o\u00f9 les id\u00e9es et les commentaires peuvent \u00eatre \u00e9chang\u00e9s instantan\u00e9ment, en temps r\u00e9el. Ce syst\u00e8me m\u00e9ticuleusement con\u00e7u vise fondamentalement \u00e0 augmenter l&rsquo;exp\u00e9rience d&rsquo;apprentissage globale, permettant ainsi aux \u00e9tudiants de se concentrer de tout c\u0153ur sur leurs \u00e9tudes, sans souci p\u00e9nible de perdre leurs progr\u00e8s durement gagn\u00e9s. Notamment, l&rsquo;incorporation de la fonctionnalit\u00e9 Learndash Notes dans toute plate-forme \u00e9ducative en ligne s&rsquo;av\u00e8re invariablement \u00eatre un ajout exceptionnel, car il permet non seulement aux \u00e9tudiants de surveiller et d&rsquo;\u00e9valuer m\u00e9ticuleusement leur croissance personnelle, mais fournit \u00e9galement une avenue inestimable pour partager des informations profondes et d\u00e9velopper des comp\u00e9tences cruciales d&rsquo;une mani\u00e8re tr\u00e8s efficace.<\/p>\n<ul>\n<li>Prenez sans effort des notes tout en utilisant LearnDash<\/li>\n<li>Gardez une trace des informations importantes dans un endroit central<\/li>\n<li>Am\u00e9liorez vos s\u00e9ances d&rsquo;\u00e9tude et de r\u00e9vision avec des notes personnalis\u00e9es<\/li>\n<li>R\u00e9f\u00e9rencer facilement les notes pendant les cours et les examens<\/li>\n<li>Pas besoin de basculer entre Learndash et les applications de prise de notes externes<\/li>\n<li>Interface simple et intuitive pour la prise de notes rapide \u00e0 l&#8217;emploi<\/li>\n<li>Compatible avec les appareils de bureau et mobiles pour un acc\u00e8s facile \u00e0 partir de n&rsquo;importe o\u00f9<\/li>\n<li>Organisez des notes par cours, module et sujet pour l&rsquo;\u00e9tude rationalis\u00e9e<\/li>\n<li>Rationalisez votre processus d&rsquo;\u00e9tude et am\u00e9liorez vos performances globales gr\u00e2ce \u00e0 la prise de notes personnalis\u00e9es avec les notes Learndash.<\/li>\n<\/ul>\n","protected":false},"excerpt":{"rendered":"<p>LearnDash Notes est un plugin tr\u00e8s robuste et riche en fonctionnalit\u00e9s, rempli d&rsquo;une pl\u00e9thore de fonctionnalit\u00e9s, permettant aux utilisateurs de prendre sans effort des notes et de stocker m\u00e9ticuleusement des informations indispensables au cours de l&rsquo;\u00e9tude de divers cours sur la plate-forme. Cet outil remarquable \u00e9vite effectivement l&rsquo;effort de basculer sans cesse entre une myriade d&rsquo;applications tout en parcourant le mat\u00e9riel de cours, engendrez ainsi un sentiment d&rsquo;organisation et d&rsquo;efficacit\u00e9 am\u00e9lior\u00e9s dans la poursuite ardue des connaissances. Avec la possibilit\u00e9 de cr\u00e9er, \u00e9diter et supprimer de mani\u00e8re transparente des notes avec la plus grande facilit\u00e9, les utilisateurs re\u00e7oivent une occasion in\u00e9gal\u00e9e de documenter de mani\u00e8re globale et de suivre m\u00e9ticuleusement leurs progr\u00e8s. De plus, le plugin se vante d&rsquo;une interface utilisateur exceptionnellement intuitive, garantissant une int\u00e9gration sans frottement et sans couture avec Learndash, permettant ainsi aux utilisateurs d&rsquo;exploiter efficacement la puissance de la fonctionnalit\u00e9 de recherche avanc\u00e9e pour localiser rapidement et rapidement leurs notes m\u00e9ticuleusement con\u00e7ues. Pas de temps, cher apprenant et tirez parti du potentiel transformateur des notes Learndash pour rationaliser efficacement votre processus d&rsquo;apprentissage aujourd&rsquo;hui!<\/p>\n","protected":false},"featured_media":144348,"comment_status":"open","ping_status":"open","template":"","meta":[],"product_brand":[2579],"product_cat":[1189,1181,1186],"product_tag":[1295],"class_list":{"0":"post-112475","1":"product","2":"type-product","3":"status-publish","4":"has-post-thumbnail","6":"product_brand-learndash","7":"product_cat-personnalisation","8":"product_cat-plugins","9":"product_cat-wordpress-plugins","10":"product_tag-learndash","11":"member-discount","12":"discount-restricted","14":"first","15":"instock","16":"sale","17":"downloadable","18":"virtual","19":"sold-individually","20":"purchasable","21":"product-type-simple"},"_links":{"self":[{"href":"https:\/\/gpl-love.com\/fr\/wp-json\/wp\/v2\/product\/112475","targetHints":{"allow":["GET"]}}],"collection":[{"href":"https:\/\/gpl-love.com\/fr\/wp-json\/wp\/v2\/product"}],"about":[{"href":"https:\/\/gpl-love.com\/fr\/wp-json\/wp\/v2\/types\/product"}],"replies":[{"embeddable":true,"href":"https:\/\/gpl-love.com\/fr\/wp-json\/wp\/v2\/comments?post=112475"}],"wp:featuredmedia":[{"embeddable":true,"href":"https:\/\/gpl-love.com\/fr\/wp-json\/wp\/v2\/media\/144348"}],"wp:attachment":[{"href":"https:\/\/gpl-love.com\/fr\/wp-json\/wp\/v2\/media?parent=112475"}],"wp:term":[{"taxonomy":"product_brand","embeddable":true,"href":"https:\/\/gpl-love.com\/fr\/wp-json\/wp\/v2\/product_brand?post=112475"},{"taxonomy":"product_cat","embeddable":true,"href":"https:\/\/gpl-love.com\/fr\/wp-json\/wp\/v2\/product_cat?post=112475"},{"taxonomy":"product_tag","embeddable":true,"href":"https:\/\/gpl-love.com\/fr\/wp-json\/wp\/v2\/product_tag?post=112475"}],"curies":[{"name":"wp","href":"https:\/\/api.w.org\/{rel}","templated":true}]}}