{"id":112471,"date":"2022-08-30T00:00:00","date_gmt":"2022-08-29T22:00:00","guid":{"rendered":"http:\/\/gpl-love.com\/fr\/produit\/learndash-lms-slack-integration\/"},"modified":"2026-03-20T23:22:00","modified_gmt":"2026-03-20T22:22:00","slug":"learndash-lms-slack-integration","status":"publish","type":"product","link":"https:\/\/gpl-love.com\/fr\/produit\/learndash-lms-slack-integration\/","title":{"rendered":"LearnDash LMS Slack Integration 1.4.0"},"content":{"rendered":"<h3>LearnDash LMS Slack Integration Traits<\/h3>\n<p>L&rsquo;int\u00e9gration Learndash LMS Slack fournit une solution robuste et efficace, garantissant un flux d&rsquo;informations sans couture et ininterrompu entre votre plate-forme d&rsquo;apprentissage en ligne et l&rsquo;application de messagerie renomm\u00e9e, Slack. En int\u00e9grant ces deux plates-formes, vous pouvez recevoir sans effort des notifications en temps r\u00e9el concernant les progr\u00e8s de vos cours, les r\u00e9sultats des quiz et les activit\u00e9s des utilisateurs, le tout directement dans vos canaux de rel\u00e2che d\u00e9sign\u00e9s. Cette int\u00e9gration permet aux instructeurs, aux apprenants et aux administrateurs de s&rsquo;engager dans une communication plus rapide et plus efficace, acc\u00e9l\u00e9rant efficacement le processus d&rsquo;\u00e9ducation en ligne. De plus, le processus de configuration est simple et peut \u00eatre facilement adapt\u00e9 pour r\u00e9pondre aux exigences sp\u00e9cifiques de votre organisation. En incorporant l&rsquo;int\u00e9gration Learndash LMS Slack, vous \u00eates pr\u00eat \u00e0 \u00e9lever votre exp\u00e9rience d&rsquo;apprentissage en ligne, \u00e0 amplifier la collaboration et \u00e0 favoriser une communication am\u00e9lior\u00e9e.<\/p>\n<ul>\n<li>Int\u00e9grez de mani\u00e8re transparente LearnDash LMS avec Slack<\/li>\n<li>Recevez des notifications en temps r\u00e9el sur l&rsquo;activit\u00e9 du cours dans vos canaux Slack<\/li>\n<li>Suivre facilement les progr\u00e8s et l&rsquo;ach\u00e8vement des \u00e9l\u00e8ves \u00e0 travers Slack<\/li>\n<li>Gagnez du temps et augmentez la productivit\u00e9 avec les mises \u00e0 jour automatiques et les rappels<\/li>\n<li>Personnaliser les notifications pour r\u00e9pondre \u00e0 vos besoins et pr\u00e9f\u00e9rences sp\u00e9cifiques<\/li>\n<li>Am\u00e9liorer la communication et la collaboration entre les cr\u00e9ateurs de cours et les \u00e9tudiants<\/li>\n<li>Compatible avec Learndash et Learndash Pro, ainsi que les applications Web et mobiles de Slack<\/li>\n<li>Processus d&rsquo;installation et de configuration simple en un clic<\/li>\n<li>Id\u00e9al pour les \u00e9ducateurs, les formateurs et les entreprises utilisant LearnDash LMS pour g\u00e9rer leurs cours en ligne<\/li>\n<\/ul>\n","protected":false},"excerpt":{"rendered":"<p>L&rsquo;int\u00e9gration Learndash LMS Slack est un outil incroyablement robuste et avanc\u00e9 qui facilite une connexion transparente entre votre LMS Learndash et la plate-forme Slack. Cette int\u00e9gration sert de moyen d&rsquo;acqu\u00e9rir sans effort des notifications en temps r\u00e9el concernant les activit\u00e9s de cours, d&rsquo;automatiser le processus d&rsquo;inscription pour les cours et de rester pleinement inform\u00e9 de votre progression du cours Learndash directement au sein de Slack. De plus, il sert de m\u00e9thode exceptionnelle pour rationaliser efficacement la communication et r\u00e9duire consid\u00e9rablement le temps et les efforts d\u00e9pens\u00e9s lors de la gestion de vos cours Learndash. De plus, il convient de noter que cette int\u00e9gration est incroyablement conviviale, car elle n\u00e9cessite un effort minimal pour installer et utiliser. Par cons\u00e9quent, il repr\u00e9sente la solution id\u00e9ale pour les entreprises et les organisations de toute nature qui utilisent \u00e0 la fois Learndash et Slack en tant que composants int\u00e9graux de leurs op\u00e9rations.<\/p>\n","protected":false},"featured_media":144344,"comment_status":"open","ping_status":"open","template":"","meta":[],"product_brand":[2579],"product_cat":[1187,1181,1186],"product_tag":[1295],"class_list":{"0":"post-112471","1":"product","2":"type-product","3":"status-publish","4":"has-post-thumbnail","6":"product_brand-learndash","7":"product_cat-administration-wordpress-plugins","8":"product_cat-plugins","9":"product_cat-wordpress-plugins","10":"product_tag-learndash","11":"member-discount","12":"discount-restricted","14":"first","15":"instock","16":"sale","17":"downloadable","18":"virtual","19":"sold-individually","20":"purchasable","21":"product-type-simple"},"_links":{"self":[{"href":"https:\/\/gpl-love.com\/fr\/wp-json\/wp\/v2\/product\/112471","targetHints":{"allow":["GET"]}}],"collection":[{"href":"https:\/\/gpl-love.com\/fr\/wp-json\/wp\/v2\/product"}],"about":[{"href":"https:\/\/gpl-love.com\/fr\/wp-json\/wp\/v2\/types\/product"}],"replies":[{"embeddable":true,"href":"https:\/\/gpl-love.com\/fr\/wp-json\/wp\/v2\/comments?post=112471"}],"wp:featuredmedia":[{"embeddable":true,"href":"https:\/\/gpl-love.com\/fr\/wp-json\/wp\/v2\/media\/144344"}],"wp:attachment":[{"href":"https:\/\/gpl-love.com\/fr\/wp-json\/wp\/v2\/media?parent=112471"}],"wp:term":[{"taxonomy":"product_brand","embeddable":true,"href":"https:\/\/gpl-love.com\/fr\/wp-json\/wp\/v2\/product_brand?post=112471"},{"taxonomy":"product_cat","embeddable":true,"href":"https:\/\/gpl-love.com\/fr\/wp-json\/wp\/v2\/product_cat?post=112471"},{"taxonomy":"product_tag","embeddable":true,"href":"https:\/\/gpl-love.com\/fr\/wp-json\/wp\/v2\/product_tag?post=112471"}],"curies":[{"name":"wp","href":"https:\/\/api.w.org\/{rel}","templated":true}]}}