{"id":112469,"date":"2026-01-10T00:00:00","date_gmt":"2026-01-09T23:00:00","guid":{"rendered":"http:\/\/gpl-love.com\/fr\/produit\/learndash-lms-propanel-addon\/"},"modified":"2026-03-20T23:21:58","modified_gmt":"2026-03-20T22:21:58","slug":"learndash-lms-propanel-addon","status":"publish","type":"product","link":"https:\/\/gpl-love.com\/fr\/produit\/learndash-lms-propanel-addon\/","title":{"rendered":"LearnDash LMS Pro Panel Addon 3.0.4"},"content":{"rendered":"<h3>LearnDash LMS Pro Panel Addon Traits<\/h3>\n<p>L&rsquo;addon de propanel LMS Learndash, \u00e9tant un outil remarquablement robuste, a \u00e9t\u00e9 sp\u00e9cifiquement con\u00e7u pour augmenter efficacement la fonctionnalit\u00e9 du syst\u00e8me de gestion d&rsquo;apprentissage Learndash. Cet addon incroyablement pr\u00e9cieux sert \u00e0 autonomiser les administrateurs en les donnant des dotant d&rsquo;un tableau de bord global, leur offrant ainsi une autorit\u00e9 compl\u00e8te et un contr\u00f4le sur leur programme d&rsquo;apprentissage en ligne. En vertu de l&rsquo;addon propanel, les administrateurs sont rendus capables de g\u00e9rer de mani\u00e8re transparente les comptes d&rsquo;utilisateurs, de suivre avec diligence les progr\u00e8s des cours, de permettre m\u00e9ticuleusement des rapports approfondis et m\u00eame de reconna\u00eetre les r\u00e9alisations m\u00e9ritoires gr\u00e2ce \u00e0 l&rsquo;octroi de certificats et de badges. En outre, la personnalisation exquise de l&rsquo;addon permet aux administrateurs de fa\u00e7onner leurs propres rapports sur mesure et de voir les donn\u00e9es gr\u00e2ce \u00e0 un assortiment d&rsquo;objectifs alternatifs. Incontestablement, cet outil indispensable est un imp\u00e9ratif absolu pour tout \u00e9tablissement d&rsquo;enseignement ou aspiration commerciale \u00e0 favoriser l&rsquo;optimisation de leur programme d&rsquo;apprentissage en ligne et \u00e0 am\u00e9liorer les performances globales.<\/p>\n<ul>\n<li>Fournit des rapports et des analyses compl\u00e8tes pour LearnDash LMS<\/li>\n<li>Permet aux administrateurs de sites et de cours de voir les donn\u00e9es d\u00e9taill\u00e9es des progr\u00e8s des \u00e9tudiants et de l&rsquo;ach\u00e8vement du cours<\/li>\n<li>Permet des options de rapports et d&rsquo;exportation de donn\u00e9es personnalis\u00e9es<\/li>\n<li>Offre un aper\u00e7u de l&rsquo;engagement des \u00e9tudiants et de l&rsquo;efficacit\u00e9 des cours<\/li>\n<li>Simplifie la gestion des grands cours et des groupes d&rsquo;\u00e9tudiants<\/li>\n<li>Interface facile \u00e0 utiliser pour un acc\u00e8s rapide \u00e0 des informations importantes<\/li>\n<li>Tableau de bord personnalisable pour l&rsquo;affichage de donn\u00e9es personnalis\u00e9<\/li>\n<li>Int\u00e9gration avec des outils de marketing et de commerce \u00e9lectronique populaires pour un meilleur retour sur investissement et l&rsquo;engagement des utilisateurs<\/li>\n<li>Fonctionnalit\u00e9s de s\u00e9curit\u00e9 de pointe pour la protection des donn\u00e9es et la confidentialit\u00e9.<\/li>\n<\/ul>\n","protected":false},"excerpt":{"rendered":"<p>Le Learndash LMS ProPanel Addon, un outil tr\u00e8s robuste, permet aux administrateurs de les \u00e9quiper d&rsquo;un tableau de bord centralis\u00e9 visant \u00e0 faciliter la gestion et la surveillance de leur programme d&rsquo;apprentissage en ligne. Non seulement il fournit aux utilisateurs des rapports complets, mais cela leur permet \u00e9galement de suivre les progr\u00e8s des \u00e9tudiants et de s&rsquo;engager dans une communication directe avec les apprenants via l&rsquo;interface propanel conviviale. En incorporant cet addon indispensable dans votre syst\u00e8me de gestion d&rsquo;apprentissage Learndash, vous pouvez amplifier sans effort l&rsquo;efficacit\u00e9 et l&rsquo;efficacit\u00e9 de vos efforts \u00e9ducatifs.<\/p>\n","protected":false},"featured_media":144343,"comment_status":"open","ping_status":"open","template":"","meta":[],"product_brand":[2579],"product_cat":[1189,1181,1186],"product_tag":[1295],"class_list":{"0":"post-112469","1":"product","2":"type-product","3":"status-publish","4":"has-post-thumbnail","6":"product_brand-learndash","7":"product_cat-personnalisation","8":"product_cat-plugins","9":"product_cat-wordpress-plugins","10":"product_tag-learndash","11":"member-discount","12":"discount-restricted","14":"first","15":"instock","16":"sale","17":"downloadable","18":"virtual","19":"sold-individually","20":"purchasable","21":"product-type-simple"},"_links":{"self":[{"href":"https:\/\/gpl-love.com\/fr\/wp-json\/wp\/v2\/product\/112469","targetHints":{"allow":["GET"]}}],"collection":[{"href":"https:\/\/gpl-love.com\/fr\/wp-json\/wp\/v2\/product"}],"about":[{"href":"https:\/\/gpl-love.com\/fr\/wp-json\/wp\/v2\/types\/product"}],"replies":[{"embeddable":true,"href":"https:\/\/gpl-love.com\/fr\/wp-json\/wp\/v2\/comments?post=112469"}],"wp:featuredmedia":[{"embeddable":true,"href":"https:\/\/gpl-love.com\/fr\/wp-json\/wp\/v2\/media\/144343"}],"wp:attachment":[{"href":"https:\/\/gpl-love.com\/fr\/wp-json\/wp\/v2\/media?parent=112469"}],"wp:term":[{"taxonomy":"product_brand","embeddable":true,"href":"https:\/\/gpl-love.com\/fr\/wp-json\/wp\/v2\/product_brand?post=112469"},{"taxonomy":"product_cat","embeddable":true,"href":"https:\/\/gpl-love.com\/fr\/wp-json\/wp\/v2\/product_cat?post=112469"},{"taxonomy":"product_tag","embeddable":true,"href":"https:\/\/gpl-love.com\/fr\/wp-json\/wp\/v2\/product_tag?post=112469"}],"curies":[{"name":"wp","href":"https:\/\/api.w.org\/{rel}","templated":true}]}}