{"id":112467,"date":"2022-10-12T00:00:00","date_gmt":"2022-10-11T22:00:00","guid":{"rendered":"http:\/\/gpl-love.com\/fr\/produit\/learndash-lms-mailchimp-integration\/"},"modified":"2026-03-20T23:21:57","modified_gmt":"2026-03-20T22:21:57","slug":"learndash-lms-mailchimp-integration","status":"publish","type":"product","link":"https:\/\/gpl-love.com\/fr\/produit\/learndash-lms-mailchimp-integration\/","title":{"rendered":"LearnDash LMS MailChimp Integration 1.5.0"},"content":{"rendered":"<h3>LearnDash LMS MailChimp Integration Traits<\/h3>\n<p>L&rsquo;int\u00e9gration Learndash LMS MailChimp est un outil incroyablement robuste et puissant qui offre aux utilisateurs la capacit\u00e9 remarquable d&rsquo;int\u00e9grer sans effort et de mani\u00e8re transparente leurs cours Learndash avec la plate-forme de marketing par e-mail MailChimp tr\u00e8s acclam\u00e9e. Cette int\u00e9gration remarquable sert \u00e0 \u00e9conomiser consid\u00e9rablement une abondance de temps et d&rsquo;\u00e9nergie en automatisant efficacement le processus autrement fastidieux et long d&rsquo;envoyer des campagnes de courrier \u00e9lectronique \u00e0 des \u00e9tudiants qui se sont inscrits avec enthousiasme \u00e0 un cours sp\u00e9cifique. Avec l&rsquo;int\u00e9gration Learndash LMS MailChimp \u00e0 leur disposition, les utilisateurs sont non seulement \u00e9quip\u00e9s de capacit\u00e9s de marketing par e-mail de pointe et avanc\u00e9es, mais ils acqui\u00e8rent \u00e9galement des informations inestimables et in\u00e9gal\u00e9es sur le monde complexe et nuanc\u00e9 du comportement et des performances des \u00e9tudiants. Cet outil inestimable et de pointe est extr\u00eamement adapt\u00e9 pour r\u00e9pondre aux besoins et aux exigences uniques des \u00e9ducateurs, des formateurs, ainsi que de diverses organisations qui sont profond\u00e9ment engag\u00e9es dans la livraison transparente et rationalis\u00e9e de leurs cours en ligne de premier ordre, am\u00e9liorant ainsi consid\u00e9rablement et, ce qui am\u00e9liorait consid\u00e9rablement et, ce Stimuler l&rsquo;engagement des \u00e9tudiants \u00e0 des sommets sans pr\u00e9c\u00e9dent.<\/p>\n<ul>\n<li>Int\u00e9grez de mani\u00e8re transparente LearnDash LMS avec MailChimp<\/li>\n<li>Ajouter automatiquement les \u00e9tudiants aux listes de courrier d\u00e9sign\u00e9es lorsqu&rsquo;ils s&rsquo;inscrivent aux cours<\/li>\n<li>G\u00e9rez facilement les listes de diffusion et les campagnes \u00e0 partir d&rsquo;un emplacement central<\/li>\n<li>Envoyer des rappels automatis\u00e9s et des mises \u00e0 jour aux \u00e9tudiants par e-mail<\/li>\n<li>Augmenter l&rsquo;engagement et la r\u00e9tention en gardant les \u00e9tudiants \u00e0 jour sur les progr\u00e8s des cours et les \u00e9v\u00e9nements \u00e0 venir<\/li>\n<li>Personnaliser les e-mails avec des balises de fusion dynamique pour une touche personnalis\u00e9e<\/li>\n<li>Simplifiez le processus de gestion des efforts de communication et de marketing des \u00e9tudiants<\/li>\n<li>Acc\u00e9dez \u00e0 des rapports et des analyses d\u00e9taill\u00e9s pour suivre les performances des e-mails et l&rsquo;engagement du public.<\/li>\n<\/ul>\n","protected":false},"excerpt":{"rendered":"<p>En utilisant notre int\u00e9gration de pointe Learndash LMS MailChimp, les individus peuvent administrer efficacement et efficacement leurs campagnes de marketing par e-mail. En synchronisant de mani\u00e8re transparente les donn\u00e9es d&rsquo;utilisateurs LMS LearnDash pr\u00e9cieuses avec leur compte MailChimp estim\u00e9, les utilisateurs peuvent concevoir sans effort des campagnes de messagerie et des newsletters sur mesure, qui s&rsquo;adressent m\u00e9ticuleusement aux int\u00e9r\u00eats distincts de leurs apprenants. De plus, cette int\u00e9gration permet \u00e9galement aux individus de surveiller et d&rsquo;\u00e9valuer \u00e9troitement les progr\u00e8s et les interactions des apprenants avec le contenu fourni. Peu importe que l&rsquo;on fonctionne en tant que propri\u00e9taire d&rsquo;une petite entreprise ou \u00e9ducateur en ligne estim\u00e9, cette int\u00e9gration sert ind\u00e9niablement d&rsquo;outil indispensable, permettant aux individus de maintenir un avantage concurrentiel et de propulser leurs entreprises commerciales \u00e0 des hauteurs sans pr\u00e9c\u00e9dent.<\/p>\n","protected":false},"featured_media":144342,"comment_status":"open","ping_status":"open","template":"","meta":[],"product_brand":[2579],"product_cat":[1207,1181,1186],"product_tag":[1295],"class_list":{"0":"post-112467","1":"product","2":"type-product","3":"status-publish","4":"has-post-thumbnail","6":"product_brand-learndash","7":"product_cat-commercialisation-wordpress-plugins","8":"product_cat-plugins","9":"product_cat-wordpress-plugins","10":"product_tag-learndash","11":"member-discount","12":"discount-restricted","14":"first","15":"instock","16":"sale","17":"downloadable","18":"virtual","19":"sold-individually","20":"purchasable","21":"product-type-simple"},"_links":{"self":[{"href":"https:\/\/gpl-love.com\/fr\/wp-json\/wp\/v2\/product\/112467","targetHints":{"allow":["GET"]}}],"collection":[{"href":"https:\/\/gpl-love.com\/fr\/wp-json\/wp\/v2\/product"}],"about":[{"href":"https:\/\/gpl-love.com\/fr\/wp-json\/wp\/v2\/types\/product"}],"replies":[{"embeddable":true,"href":"https:\/\/gpl-love.com\/fr\/wp-json\/wp\/v2\/comments?post=112467"}],"wp:featuredmedia":[{"embeddable":true,"href":"https:\/\/gpl-love.com\/fr\/wp-json\/wp\/v2\/media\/144342"}],"wp:attachment":[{"href":"https:\/\/gpl-love.com\/fr\/wp-json\/wp\/v2\/media?parent=112467"}],"wp:term":[{"taxonomy":"product_brand","embeddable":true,"href":"https:\/\/gpl-love.com\/fr\/wp-json\/wp\/v2\/product_brand?post=112467"},{"taxonomy":"product_cat","embeddable":true,"href":"https:\/\/gpl-love.com\/fr\/wp-json\/wp\/v2\/product_cat?post=112467"},{"taxonomy":"product_tag","embeddable":true,"href":"https:\/\/gpl-love.com\/fr\/wp-json\/wp\/v2\/product_tag?post=112467"}],"curies":[{"name":"wp","href":"https:\/\/api.w.org\/{rel}","templated":true}]}}