{"id":112465,"date":"2026-01-10T00:00:00","date_gmt":"2026-01-09T23:00:00","guid":{"rendered":"http:\/\/gpl-love.com\/fr\/produit\/learndash-lms-gradebook\/"},"modified":"2026-03-20T23:21:57","modified_gmt":"2026-03-20T22:21:57","slug":"learndash-lms-gradebook","status":"publish","type":"product","link":"https:\/\/gpl-love.com\/fr\/produit\/learndash-lms-gradebook\/","title":{"rendered":"LearnDash LMS Gradebook 4.3.3"},"content":{"rendered":"<h3>LearnDash LMS Gradebook Traits<\/h3>\n<p>Le livre de notes Learndash LMS, un outil indispensable pour les administrateurs et les \u00e9ducateurs cherchant \u00e0 g\u00e9rer et \u00e0 suivre efficacement les progr\u00e8s des \u00e9l\u00e8ves, offre une multitude de fonctionnalit\u00e9s. Ce plugin permet la cr\u00e9ation d&rsquo;\u00e9chelles de classement personnalis\u00e9es, l&rsquo;affectation des notes aux quiz et la visualisation en temps r\u00e9el des rapports de progression des \u00e9tudiants. En fournissant des informations compl\u00e8tes sur les performances et l&rsquo;engagement, les \u00e9ducateurs peuvent identifier les domaines pour l&rsquo;am\u00e9lioration, reconna\u00eetre les \u00e9tudiants les plus performants et fournir des commentaires sur mesure \u00e0 chaque individu. De plus, l&rsquo;interface conviviale assure la facilit\u00e9 d&rsquo;utilisation, m\u00eame pour ceux qui manquent de comp\u00e9tence technique, tandis que son int\u00e9gration transparente avec Learndash en fait un ajout transparent \u00e0 toute plate-forme d&rsquo;apprentissage en ligne. Que vous superposiez un cours en ligne, facilite la formation d&rsquo;entreprise ou que vous offriez une formation continue, le livre de notes Learndash LMS est une n\u00e9cessit\u00e9 absolue pour atteindre des r\u00e9sultats d&rsquo;apprentissage optimaux.<\/p>\n<ul>\n<li>G\u00e9rer et suivre efficacement les notes des \u00e9tudiants<\/li>\n<li>Personnaliser les \u00e9chelles de classement et les notes de poids en cons\u00e9quence<\/li>\n<li>G\u00e9n\u00e9rer des rapports d\u00e9taill\u00e9s sur les progr\u00e8s et les performances des \u00e9tudiants<\/li>\n<li>Int\u00e9grer parfaitement avec LearnDash LMS<\/li>\n<li>Fournir une interface facile \u00e0 utiliser pour les instructeurs et les administrateurs<\/li>\n<li>Autoriser une analyse d\u00e9taill\u00e9e des performances des \u00e9tudiants par des cours individuels ou dans l&rsquo;ensemble du LMS<\/li>\n<\/ul>\n","protected":false},"excerpt":{"rendered":"<p>Le livret du Syst\u00e8me de gestion de l&rsquo;apprentissage Learndash (LMS) est un outil incroyablement robuste et tr\u00e8s efficace qui vous donne la possibilit\u00e9 de superviser et de surveiller sans effort l&rsquo;avancement et les r\u00e9alisations de vos \u00e9tudiants dans leurs cours en ligne respectifs. En utilisant cet outil exceptionnel, vous avez la possibilit\u00e9 de plonger dans des rapports approfondis et complets d\u00e9taillant les performances de chaque \u00e9tudiant individuel, surveiller sans effort les taux d&rsquo;ach\u00e8vement et allouer sans effort les notes et fournir des commentaires inestimables. La conception intuitive et la gamme \u00e9tendue d&rsquo;options personnalisables contribuent en outre \u00e0 la facilit\u00e9 d&rsquo;utilisation extraordinaire pour les instructeurs et les \u00e9tudiants. En int\u00e9grant le livre de notes Learndash LMS dans vos efforts \u00e9ducatifs, vous \u00eates en mesure de rationaliser et d&rsquo;acc\u00e9l\u00e9rer le processus de notation, en fin de temps pr\u00e9cieux et de fournir \u00e0 vos \u00e9l\u00e8ves des id\u00e9es indispensables pour faciliter leur succ\u00e8s global.<\/p>\n","protected":false},"featured_media":144341,"comment_status":"open","ping_status":"open","template":"","meta":[],"product_brand":[2579],"product_cat":[1189,1181,1186],"product_tag":[1295],"class_list":{"0":"post-112465","1":"product","2":"type-product","3":"status-publish","4":"has-post-thumbnail","6":"product_brand-learndash","7":"product_cat-personnalisation","8":"product_cat-plugins","9":"product_cat-wordpress-plugins","10":"product_tag-learndash","11":"member-discount","12":"discount-restricted","14":"first","15":"instock","16":"sale","17":"downloadable","18":"virtual","19":"sold-individually","20":"purchasable","21":"product-type-simple"},"_links":{"self":[{"href":"https:\/\/gpl-love.com\/fr\/wp-json\/wp\/v2\/product\/112465","targetHints":{"allow":["GET"]}}],"collection":[{"href":"https:\/\/gpl-love.com\/fr\/wp-json\/wp\/v2\/product"}],"about":[{"href":"https:\/\/gpl-love.com\/fr\/wp-json\/wp\/v2\/types\/product"}],"replies":[{"embeddable":true,"href":"https:\/\/gpl-love.com\/fr\/wp-json\/wp\/v2\/comments?post=112465"}],"wp:featuredmedia":[{"embeddable":true,"href":"https:\/\/gpl-love.com\/fr\/wp-json\/wp\/v2\/media\/144341"}],"wp:attachment":[{"href":"https:\/\/gpl-love.com\/fr\/wp-json\/wp\/v2\/media?parent=112465"}],"wp:term":[{"taxonomy":"product_brand","embeddable":true,"href":"https:\/\/gpl-love.com\/fr\/wp-json\/wp\/v2\/product_brand?post=112465"},{"taxonomy":"product_cat","embeddable":true,"href":"https:\/\/gpl-love.com\/fr\/wp-json\/wp\/v2\/product_cat?post=112465"},{"taxonomy":"product_tag","embeddable":true,"href":"https:\/\/gpl-love.com\/fr\/wp-json\/wp\/v2\/product_tag?post=112465"}],"curies":[{"name":"wp","href":"https:\/\/api.w.org\/{rel}","templated":true}]}}