{"id":112461,"date":"2021-03-02T00:00:00","date_gmt":"2021-03-01T23:00:00","guid":{"rendered":"http:\/\/gpl-love.com\/fr\/produit\/fullpage-for-wpbakery-page-builder\/"},"modified":"2026-04-18T06:30:42","modified_gmt":"2026-04-18T04:30:42","slug":"fullpage-for-wpbakery-page-builder","status":"publish","type":"product","link":"https:\/\/gpl-love.com\/fr\/produit\/fullpage-for-wpbakery-page-builder\/","title":{"rendered":"FullPage pour WPBakery Page Builder 2.1.4"},"content":{"rendered":"<h3>FullPage pour WPBakery Page Builder Traits<\/h3>\n<p>FullPage pour WPBakery Page Builder est un plugin exceptionnellement innovant qui pr\u00e9sente une opportunit\u00e9 incroyable pour les utilisateurs de fabriquer sans effort des conceptions captivantes pour leurs sites Web. Son int\u00e9gration avec WPBakery Page Builder permet aux utilisateurs d&rsquo;incorporer efficacement les effets de parallaxe, les animations de d\u00e9filement et les \u00e9l\u00e9ments interactifs dans leurs pages. De plus, le plugin propose un vaste r\u00e9pertoire de mod\u00e8les et de dispositions pr\u00e9-con\u00e7us, rendant le processus de conception plus opportun pour les utilisateurs. De plus, FullPage poss\u00e8de un niveau de personnalisation remarquable, permettant aux utilisateurs de affiner les param\u00e8tres complexes tels que les transitions de pages, la vitesse de d\u00e9filement et les effets d&rsquo;animation. Il convient de noter que le plugin est parfaitement r\u00e9actif, garantissant que toutes les conceptions pr\u00e9sentent un attrait visuel extraordinaire sur tous les appareils. En tirant parti des puissantes capacit\u00e9s de FullPage, les utilisateurs peuvent fa\u00e7onner des exp\u00e9riences utilisateur convaincantes et inoubliables sur leurs sites Web, leur permettant ainsi de forger une pr\u00e9sence distinctive au milieu d&rsquo;un paysage num\u00e9rique farouchement comp\u00e9titif.<\/p>\n<ul>\n<li>FullPage pour WPBAKERY Page Builder vous permet de cr\u00e9er des exp\u00e9riences compl\u00e8tes sur la page compl\u00e8te sur votre site Web WordPress rapidement et facilement.<\/li>\n<li>Il comprend une gamme de mod\u00e8les pleine page pr\u00e9-con\u00e7us, afin que vous puissiez commencer \u00e0 construire imm\u00e9diatement.<\/li>\n<li>Les options de personnalisation facilitent l&rsquo;ajout de votre propre contenu, graphique et \u00e9l\u00e9ments de marque \u00e0 chaque conception pleine page.<\/li>\n<li>Le plugin est optimis\u00e9 pour la vitesse et les performances, garantissant que vos exp\u00e9riences pleine page se chargent rapidement et en douceur sur tous les appareils.<\/li>\n<li>Vous pouvez utiliser FullPage pour WPBakery Page Builder pour cr\u00e9er des pages de destination compl\u00e8tes, des portefeuilles, des vitrines de produits, etc.<\/li>\n<li>Le plugin est facile \u00e0 utiliser, avec une interface glisser-d\u00e9poser intuitive et aucun codage requis.<\/li>\n<li>Il est enti\u00e8rement r\u00e9actif, donc vos conceptions pleine page auront fi\u00e8re allure sur le bureau, les tablettes et les appareils mobiles.<\/li>\n<li>FullPage pour WPBakery Page Builder est constamment mis \u00e0 jour et pris en charge pour assurer la compatibilit\u00e9 avec la derni\u00e8re version de WordPress et WPBakery Page Builder.<\/li>\n<li>Vous aurez \u00e9galement acc\u00e8s \u00e0 une gamme de ressources de documentation et de support utiles pour vous aider \u00e0 tirer le meilleur parti du plugin.<\/li>\n<\/ul>\n","protected":false},"excerpt":{"rendered":"<p>FullPage pour WPBakery Page Builder est une extension exceptionnellement performante qui permet de cr\u00e9er facilement des designs de pages compl\u00e8tes visuellement captivants et interactifs au sein de la plateforme WordPress. Cet outil exceptionnel offre la possibilit\u00e9 d&rsquo;int\u00e9grer des animations envo\u00fbtantes, des transitions fluides et des effets saisissants pour sublimer l&rsquo;esth\u00e9tique de vos pages web et permettre \u00e0 votre site de se d\u00e9marquer ais\u00e9ment dans l&rsquo;immensit\u00e9 du web. De plus, il est important de souligner que cette extension remarquable a \u00e9t\u00e9 con\u00e7ue avec le plus grand soin pour garantir une compatibilit\u00e9 optimale avec WPBakery Page Builder, s&rsquo;int\u00e9grant parfaitement avec tous les th\u00e8mes WordPress les plus populaires et les plus recherch\u00e9s dans le monde num\u00e9rique. Que vous soyez blogueur, chef d&rsquo;entreprise ou cr\u00e9atif en devenir, FullPage s&rsquo;impose incontestablement comme la solution id\u00e9ale pour propulser votre site web vers de nouveaux sommets de r\u00e9ussite.<\/p>\n","protected":false},"featured_media":143931,"comment_status":"open","ping_status":"open","template":"","meta":[],"product_brand":[2435],"product_cat":[1189,1181,1186],"product_tag":[1231],"class_list":{"0":"post-112461","1":"product","2":"type-product","3":"status-publish","4":"has-post-thumbnail","6":"product_brand-codecanyon","7":"product_cat-personnalisation","8":"product_cat-plugins","9":"product_cat-wordpress-plugins","10":"product_tag-codecanyon","11":"member-discount","12":"discount-restricted","14":"first","15":"instock","16":"sale","17":"downloadable","18":"virtual","19":"sold-individually","20":"purchasable","21":"product-type-simple"},"_links":{"self":[{"href":"https:\/\/gpl-love.com\/fr\/wp-json\/wp\/v2\/product\/112461","targetHints":{"allow":["GET"]}}],"collection":[{"href":"https:\/\/gpl-love.com\/fr\/wp-json\/wp\/v2\/product"}],"about":[{"href":"https:\/\/gpl-love.com\/fr\/wp-json\/wp\/v2\/types\/product"}],"replies":[{"embeddable":true,"href":"https:\/\/gpl-love.com\/fr\/wp-json\/wp\/v2\/comments?post=112461"}],"wp:featuredmedia":[{"embeddable":true,"href":"https:\/\/gpl-love.com\/fr\/wp-json\/wp\/v2\/media\/143931"}],"wp:attachment":[{"href":"https:\/\/gpl-love.com\/fr\/wp-json\/wp\/v2\/media?parent=112461"}],"wp:term":[{"taxonomy":"product_brand","embeddable":true,"href":"https:\/\/gpl-love.com\/fr\/wp-json\/wp\/v2\/product_brand?post=112461"},{"taxonomy":"product_cat","embeddable":true,"href":"https:\/\/gpl-love.com\/fr\/wp-json\/wp\/v2\/product_cat?post=112461"},{"taxonomy":"product_tag","embeddable":true,"href":"https:\/\/gpl-love.com\/fr\/wp-json\/wp\/v2\/product_tag?post=112461"}],"curies":[{"name":"wp","href":"https:\/\/api.w.org\/{rel}","templated":true}]}}