{"id":112459,"date":"2025-07-23T00:00:00","date_gmt":"2025-07-22T22:00:00","guid":{"rendered":"http:\/\/gpl-love.com\/fr\/produit\/if-so-dynamic-content-wordpress-plugin\/"},"modified":"2026-03-20T23:20:07","modified_gmt":"2026-03-20T22:20:07","slug":"if-so-dynamic-content-wordpress-plugin","status":"publish","type":"product","link":"https:\/\/gpl-love.com\/fr\/produit\/if-so-dynamic-content-wordpress-plugin\/","title":{"rendered":"If-So Dynamic Content WordPress Plugin 1.9.4"},"content":{"rendered":"<h3>If-So Dynamic Content WordPress Plugin Traits<\/h3>\n<p>Le plugin WordPress de contenu IF-SO Dynamic est un outil extr\u00eamement robuste et formidable qui accorde aux propri\u00e9taires de sites Web la capacit\u00e9 d&rsquo;exposer du contenu sur mesure \u00e0 leurs clients, fond\u00e9 sur leur comportement, leurs pr\u00e9dilections et les interactions ant\u00e9rieures avec le site Web. Avec l&rsquo;utilisation de IF-SO, un assortiment de versions distinctes d&rsquo;une page Web peut \u00eatre fabriqu\u00e9e, chacune remplie de contenu distinctif. Par cons\u00e9quent, le plugin pr\u00e9sentera de mani\u00e8re autonome la version la plus pertinente \u00e0 chaque visiteur individuel. Cela ne sert pas seulement \u00e0 amplifier l&rsquo;exp\u00e9rience client, mais augmente \u00e9galement les niveaux d&rsquo;engagement, les conversions et, finalement, les chiffres de vente. Le plugin lui-m\u00eame poss\u00e8de un processus de configuration simple, coupl\u00e9 \u00e0 une interface conviviale et \u00e0 une vaste gamme d&rsquo;options personnalisables. Peu importe que l&rsquo;on exploite une entreprise de commerce \u00e9lectronique, un blog ou un site Web d&rsquo;entreprise, il est sans \u00e9quivoque que si-si est un plugin indispensable qui propulsera son site Web \u00e0 des hauteurs in\u00e9gal\u00e9es.<\/p>\n<ul>\n<li>Permet d&rsquo;afficher le contenu dynamique en fonction du comportement ou des conditions de l&rsquo;utilisateur<\/li>\n<li>Peut personnaliser le contenu en fonction de facteurs tels que la g\u00e9olocalisation, la source de r\u00e9f\u00e9rence, le type de p\u00e9riph\u00e9rique, et plus<\/li>\n<li>Interface facile \u00e0 utiliser pour la cr\u00e9ation de sc\u00e9narios de contenu dynamique<\/li>\n<li>Compatible avec tous les th\u00e8mes et plugins WordPress<\/li>\n<li>Id\u00e9al pour personnaliser les exp\u00e9riences des utilisateurs et l&rsquo;augmentation de l&rsquo;engagement<\/li>\n<li>Am\u00e9liore les taux de conversion du site Web et r\u00e9duit les taux de rebond<\/li>\n<li>Comprend des outils d&rsquo;analyse pour suivre les performances des sc\u00e9narios de contenu dynamique<\/li>\n<li>Hautement personnalisable avec des options de logique conditionnelle<\/li>\n<li>Offre une prise en charge des tests A \/ B pour optimiser les performances du contenu<\/li>\n<li>Aide \u00e0 cr\u00e9er une exp\u00e9rience de site Web plus personnalis\u00e9e pour les visiteurs.<\/li>\n<\/ul>\n","protected":false},"excerpt":{"rendered":"<p>Le plugin WordPress de contenu IF-So Dynamic est un instrument extr\u00eamement robuste et efficace qui vous permet de fabriquer du contenu personnalis\u00e9 et cibl\u00e9 pour les personnes qui fr\u00e9quentent votre site Web, fond\u00e9e sur leurs mod\u00e8les comportementaux, leurs pr\u00e9dilections, leur emplacement g\u00e9ographique et d&rsquo;autres donn\u00e9es pertinentes. Si-si vous vous offre la possibilit\u00e9 d&rsquo;exposer diverses it\u00e9rations de vos pages Web, de vos articles de blog, des menus de navigation, de vos widgets de barres lat\u00e9rales et d&rsquo;une pl\u00e9thore d&rsquo;autres \u00e9l\u00e9ments contingents aux crit\u00e8res sp\u00e9cifiques que vous \u00e9tablissez m\u00e9ticuleusement. Le plugin fournit une interface conviviale et intuitive, en plus d&rsquo;une vaste gamme de conditions et d&rsquo;options de personnalisation. Que vous vous efforcez d&rsquo;optimiser vos taux de conversion, d&rsquo;augmenter l&rsquo;engagement des utilisateurs ou d&rsquo;\u00e9lever l&rsquo;exp\u00e9rience utilisateur globale, si-aussi, c&rsquo;est sans \u00e9quivoque la solution ultime pour votre site Web WordPress.<\/p>\n","protected":false},"featured_media":144216,"comment_status":"open","ping_status":"open","template":"","meta":[],"product_brand":[2573],"product_cat":[1189,1181,1186],"product_tag":[1725],"class_list":{"0":"post-112459","1":"product","2":"type-product","3":"status-publish","4":"has-post-thumbnail","6":"product_brand-if-so","7":"product_cat-personnalisation","8":"product_cat-plugins","9":"product_cat-wordpress-plugins","10":"product_tag-if-so","11":"member-discount","12":"discount-restricted","14":"first","15":"instock","16":"sale","17":"downloadable","18":"virtual","19":"sold-individually","20":"purchasable","21":"product-type-simple"},"_links":{"self":[{"href":"https:\/\/gpl-love.com\/fr\/wp-json\/wp\/v2\/product\/112459","targetHints":{"allow":["GET"]}}],"collection":[{"href":"https:\/\/gpl-love.com\/fr\/wp-json\/wp\/v2\/product"}],"about":[{"href":"https:\/\/gpl-love.com\/fr\/wp-json\/wp\/v2\/types\/product"}],"replies":[{"embeddable":true,"href":"https:\/\/gpl-love.com\/fr\/wp-json\/wp\/v2\/comments?post=112459"}],"wp:featuredmedia":[{"embeddable":true,"href":"https:\/\/gpl-love.com\/fr\/wp-json\/wp\/v2\/media\/144216"}],"wp:attachment":[{"href":"https:\/\/gpl-love.com\/fr\/wp-json\/wp\/v2\/media?parent=112459"}],"wp:term":[{"taxonomy":"product_brand","embeddable":true,"href":"https:\/\/gpl-love.com\/fr\/wp-json\/wp\/v2\/product_brand?post=112459"},{"taxonomy":"product_cat","embeddable":true,"href":"https:\/\/gpl-love.com\/fr\/wp-json\/wp\/v2\/product_cat?post=112459"},{"taxonomy":"product_tag","embeddable":true,"href":"https:\/\/gpl-love.com\/fr\/wp-json\/wp\/v2\/product_tag?post=112459"}],"curies":[{"name":"wp","href":"https:\/\/api.w.org\/{rel}","templated":true}]}}