{"id":112455,"date":"2022-06-19T00:00:00","date_gmt":"2022-06-18T22:00:00","guid":{"rendered":"http:\/\/gpl-love.com\/fr\/produit\/exertio-freelance-marketplace-wordpress-theme\/"},"modified":"2026-03-20T23:05:13","modified_gmt":"2026-03-20T22:05:13","slug":"exertio-freelance-marketplace-wordpress-theme","status":"publish","type":"product","link":"https:\/\/gpl-love.com\/fr\/produit\/exertio-freelance-marketplace-wordpress-theme\/","title":{"rendered":"Exertio Freelance Marketplace WordPress Theme 1.1.8"},"content":{"rendered":"<h3>Exertio Freelance Marketplace WordPress Theme Traits<\/h3>\n<p>Le th\u00e8me WordPress du march\u00e9 ind\u00e9pendant d&rsquo;Exertio s&rsquo;av\u00e8re \u00eatre un outil incroyablement efficace dans la cr\u00e9ation d&rsquo;une plate-forme de march\u00e9 ind\u00e9pendant en ligne professionnel et convivial. Ce th\u00e8me poss\u00e8de une vaste gamme de fonctionnalit\u00e9s avanc\u00e9es, y compris des capacit\u00e9s de messagerie sur place, des outils de gestion de projet, des fonctionnalit\u00e9s d&rsquo;appel d&rsquo;offres et diverses passerelles de paiement. Toutes ces fonctionnalit\u00e9s ont \u00e9t\u00e9 m\u00e9ticuleusement con\u00e7ues pour am\u00e9liorer consid\u00e9rablement l&rsquo;exp\u00e9rience utilisateur globale. De plus, le th\u00e8me EXERTIO est hautement personnalisable, ce qui lui permet d&rsquo;\u00eatre adapt\u00e9 parfaitement pour r\u00e9pondre aux exigences uniques des diff\u00e9rentes entreprises. Ce niveau d&rsquo;adaptabilit\u00e9 en fait la solution parfaite pour les pigistes, les agences ou toute autre entit\u00e9 cherchant \u00e0 \u00e9tablir leur propre march\u00e9 ind\u00e9pendant. Notamment, le th\u00e8me WordPress du march\u00e9 ind\u00e9pendant Exetio est incroyablement convivial, gr\u00e2ce \u00e0 son syst\u00e8me backend robuste qui facilite la gestion intuitive du site. En somme, ce th\u00e8me fournit sans effort une solution exceptionnelle \u00e0 tous ceux qui cherchent \u00e0 entreprendre sans effort leur entreprise de plate-forme ind\u00e9pendante.<\/p>\n<ul>\n<li>Design \u00e9l\u00e9gant et moderne avec des options personnalisables<\/li>\n<li>Processus de configuration et d&rsquo;installation facile<\/li>\n<li>Interface conviviale pour les employeurs et les pigistes<\/li>\n<li>Options de passerelle de paiement multiples pour les transactions s\u00e9curis\u00e9es<\/li>\n<li>Fonctionnalit\u00e9 de recherche avanc\u00e9e pour trouver et embaucher les bons pigistes<\/li>\n<li>Syst\u00e8me de gestion de projet intuitif pour une collaboration transparente<\/li>\n<li>Syst\u00e8me de messagerie int\u00e9gr\u00e9 pour une communication efficace<\/li>\n<li>Option pour que les pigistes pr\u00e9sentent leurs portefeuilles et leurs travaux pass\u00e9s<\/li>\n<li>SEO optimis\u00e9 pour une meilleure visibilit\u00e9 sur les moteurs de recherche<\/li>\n<li>Mises \u00e0 jour r\u00e9guli\u00e8res et support client pour des performances optimis\u00e9es.<\/li>\n<\/ul>\n","protected":false},"excerpt":{"rendered":"<p>Cherchez-vous une plate-forme tr\u00e8s efficace et conviviale pour \u00e9tablir un march\u00e9 ind\u00e9pendant comp\u00e9tent? Ne cherchez pas plus loin que le th\u00e8me WordPress du march\u00e9 freelance exertio! Cette solution remarquable est m\u00e9ticuleusement con\u00e7ue pour offrir une exp\u00e9rience in\u00e9gal\u00e9e aux pigistes et aux clients. B\u00e9n\u00e9ficiant d&rsquo;un design \u00e9l\u00e9gant et contemporain, ainsi qu&rsquo;une pl\u00e9thore de fonctionnalit\u00e9s puissantes, EXertio garantit que toutes vos exigences pour g\u00e9rer un march\u00e9 florissant pour les services ind\u00e9pendants sont satisfaits. Que votre objectif soit de construire une plate-forme pour les concepteurs, les d\u00e9veloppeurs, les \u00e9crivains ou toute autre cat\u00e9gorie de pigistes, EXERTIO est la solution compl\u00e8te que vous recherchez. Ne tarde plus! Commencez votre voyage aujourd&rsquo;hui et apportez une transformation r\u00e9volutionnaire de la mani\u00e8re dont les individus se connectent et collaborent en ligne, gracieuset\u00e9 d&rsquo;Exertio.<\/p>\n","protected":false},"featured_media":143824,"comment_status":"open","ping_status":"open","template":"","meta":[],"product_brand":[2433],"product_cat":[1516,1212,1213],"product_tag":[1366],"class_list":{"0":"post-112455","1":"product","2":"type-product","3":"status-publish","4":"has-post-thumbnail","6":"product_brand-themeforest","7":"product_cat-entreprise","8":"product_cat-themes","9":"product_cat-wordpress-themes","10":"product_tag-themeforest","11":"member-discount","12":"discount-restricted","14":"first","15":"instock","16":"sale","17":"downloadable","18":"virtual","19":"sold-individually","20":"purchasable","21":"product-type-simple"},"_links":{"self":[{"href":"https:\/\/gpl-love.com\/fr\/wp-json\/wp\/v2\/product\/112455","targetHints":{"allow":["GET"]}}],"collection":[{"href":"https:\/\/gpl-love.com\/fr\/wp-json\/wp\/v2\/product"}],"about":[{"href":"https:\/\/gpl-love.com\/fr\/wp-json\/wp\/v2\/types\/product"}],"replies":[{"embeddable":true,"href":"https:\/\/gpl-love.com\/fr\/wp-json\/wp\/v2\/comments?post=112455"}],"wp:featuredmedia":[{"embeddable":true,"href":"https:\/\/gpl-love.com\/fr\/wp-json\/wp\/v2\/media\/143824"}],"wp:attachment":[{"href":"https:\/\/gpl-love.com\/fr\/wp-json\/wp\/v2\/media?parent=112455"}],"wp:term":[{"taxonomy":"product_brand","embeddable":true,"href":"https:\/\/gpl-love.com\/fr\/wp-json\/wp\/v2\/product_brand?post=112455"},{"taxonomy":"product_cat","embeddable":true,"href":"https:\/\/gpl-love.com\/fr\/wp-json\/wp\/v2\/product_cat?post=112455"},{"taxonomy":"product_tag","embeddable":true,"href":"https:\/\/gpl-love.com\/fr\/wp-json\/wp\/v2\/product_tag?post=112455"}],"curies":[{"name":"wp","href":"https:\/\/api.w.org\/{rel}","templated":true}]}}