{"id":112453,"date":"2022-09-19T00:00:00","date_gmt":"2022-09-18T22:00:00","guid":{"rendered":"http:\/\/gpl-love.com\/fr\/produit\/facet-wp-multilingual\/"},"modified":"2026-03-28T23:30:24","modified_gmt":"2026-03-28T22:30:24","slug":"facet-wp-multilingual","status":"publish","type":"product","link":"https:\/\/gpl-love.com\/fr\/produit\/facet-wp-multilingual\/","title":{"rendered":"FacetWP Multilingual 1.0.2"},"content":{"rendered":"<h3>FacetWP Multilingual Traits<\/h3>\n<p>FACETWP multilingue, un outil hautement formidable, est sp\u00e9cialement con\u00e7u pour optimiser les fonctionnalit\u00e9s des sites Web multilingues. Il poss\u00e8de une interface parfaitement int\u00e9gr\u00e9e avec des plugins de traduction renomm\u00e9s tels que WPML et Polylang, permettant ainsi aux utilisateurs de g\u00e9n\u00e9rer et de g\u00e9rer sans effort des fonctionnalit\u00e9s de recherche \u00e0 facettes personnalis\u00e9es qui sont traduites en toute transparence en de nombreuses langues. Avec les capacit\u00e9s remarquables de FACETWP multilingue, les propri\u00e9taires de sites Web peuvent concocter sans effort les r\u00e9glementations de recherche personnalis\u00e9es, les taxonomies et les filtres, \u00e9levant ainsi l&rsquo;exp\u00e9rience de recherche pour leurs visiteurs estim\u00e9s. De plus, il facilite la cr\u00e9ation de structures URL sur mesure pour diverses langues, garantissant que les utilisateurs sont en mesure de naviguer sans effort sur le site Web dans leur langue pr\u00e9f\u00e9r\u00e9e. En fin de compte, il est sans \u00e9quivoque que FACETWP multilingue soit un outil indispensable que chaque propri\u00e9taire de site Web devrait poss\u00e9der afin d&rsquo;offrir une exp\u00e9rience de recherche multilingue am\u00e9lior\u00e9e et sans couture \u00e0 ses pr\u00e9cieux visiteurs.<\/p>\n<ul>\n<li>FACETWP Multantial est un plugin qui aide \u00e0 fabriquer vos filtres FACETWP sur les sites WordPress multilingues.<\/li>\n<li>Il vous permet d&rsquo;ajouter des traductions pour toutes les options et valeurs du filtre, ce qui facilite la navigation sur votre site pour les utilisateurs internationaux.<\/li>\n<li>Le plugin s&rsquo;int\u00e8gre parfaitement aux plugins de traduction populaires tels que WPML et Polylang, assurant des traductions lisses.<\/li>\n<li>Avec FACETWP multilingue, vous pouvez cr\u00e9er une exp\u00e9rience de recherche conviviale pour les utilisateurs avec diff\u00e9rentes pr\u00e9f\u00e9rences linguistiques.<\/li>\n<li>Il simplifie le processus de gestion des sites multilingues WordPress, d&rsquo;\u00e9conomise de temps et d&rsquo;efforts.<\/li>\n<li>Le plugin est compatible avec la plupart des modules compl\u00e9mentaires FACETWP, ce qui en fait un outil polyvalent pour votre site Web.<\/li>\n<li>Il fournit un support technique complet et des mises \u00e0 jour r\u00e9guli\u00e8res, garantissant une efficacit\u00e9 maximale.<\/li>\n<li>Avec FacetWP multilingue, vous pouvez personnaliser facilement l&rsquo;apparence de vos filtres afin qu&rsquo;ils se fondent dans la conception de votre site.<\/li>\n<\/ul>\n","protected":false},"excerpt":{"rendered":"<p>FACETWP Multantial est un plugin exceptionnellement robuste et influent qui vous accorde la possibilit\u00e9 de fabriquer des exp\u00e9riences de recherche et de filtre dans plusieurs langues pour votre site Web WordPress. En utilisant cet outil remarquable, vous avez la capacit\u00e9 de traduire sans effort vos facettes, \u00e9tiquettes et valeurs en de nombreuses langues, garantissant ainsi que chaque visiteur de votre site peut localiser de mani\u00e8re transparente le contenu sp\u00e9cifique qu&rsquo;ils recherchent dans la langue souhait\u00e9e. Ce plugin est sans \u00e9quivoque parfait pour les entreprises et les \u00e9tablissements qui s&rsquo;adressent \u00e0 un public international diversifi\u00e9, car il a le potentiel d&rsquo;augmenter consid\u00e9rablement l&rsquo;engagement, les conversions et la gratification globale des utilisateurs avec votre site Web estim\u00e9.<\/p>\n","protected":false},"featured_media":143845,"comment_status":"open","ping_status":"open","template":"","meta":[],"product_brand":[2543],"product_cat":[1189,1181,1186],"product_tag":[1482],"class_list":{"0":"post-112453","1":"product","2":"type-product","3":"status-publish","4":"has-post-thumbnail","6":"product_brand-facetwp","7":"product_cat-personnalisation","8":"product_cat-plugins","9":"product_cat-wordpress-plugins","10":"product_tag-facetwp","11":"member-discount","12":"discount-restricted","14":"first","15":"instock","16":"sale","17":"downloadable","18":"virtual","19":"sold-individually","20":"purchasable","21":"product-type-simple"},"_links":{"self":[{"href":"https:\/\/gpl-love.com\/fr\/wp-json\/wp\/v2\/product\/112453","targetHints":{"allow":["GET"]}}],"collection":[{"href":"https:\/\/gpl-love.com\/fr\/wp-json\/wp\/v2\/product"}],"about":[{"href":"https:\/\/gpl-love.com\/fr\/wp-json\/wp\/v2\/types\/product"}],"replies":[{"embeddable":true,"href":"https:\/\/gpl-love.com\/fr\/wp-json\/wp\/v2\/comments?post=112453"}],"wp:featuredmedia":[{"embeddable":true,"href":"https:\/\/gpl-love.com\/fr\/wp-json\/wp\/v2\/media\/143845"}],"wp:attachment":[{"href":"https:\/\/gpl-love.com\/fr\/wp-json\/wp\/v2\/media?parent=112453"}],"wp:term":[{"taxonomy":"product_brand","embeddable":true,"href":"https:\/\/gpl-love.com\/fr\/wp-json\/wp\/v2\/product_brand?post=112453"},{"taxonomy":"product_cat","embeddable":true,"href":"https:\/\/gpl-love.com\/fr\/wp-json\/wp\/v2\/product_cat?post=112453"},{"taxonomy":"product_tag","embeddable":true,"href":"https:\/\/gpl-love.com\/fr\/wp-json\/wp\/v2\/product_tag?post=112453"}],"curies":[{"name":"wp","href":"https:\/\/api.w.org\/{rel}","templated":true}]}}