{"id":112426,"date":"2023-06-01T00:00:00","date_gmt":"2023-05-31T22:00:00","guid":{"rendered":"http:\/\/gpl-love.com\/fr\/produit\/real-thumbnail-generator\/"},"modified":"2026-04-10T18:37:50","modified_gmt":"2026-04-10T16:37:50","slug":"real-thumbnail-generator","status":"publish","type":"product","link":"https:\/\/gpl-love.com\/fr\/produit\/real-thumbnail-generator\/","title":{"rendered":"Real Thumbnail Generator 2.6.44"},"content":{"rendered":"<h3>Real Thumbnail Generator Traits<\/h3>\n<p>Le vrai g\u00e9n\u00e9rateur de vignettes est un outil incroyablement robuste et efficace qui vous donne la possibilit\u00e9 de g\u00e9n\u00e9rer sans effort des miniatures de premier ordre pour les images et les vid\u00e9os. Que votre intention soit de cr\u00e9er des miniatures pour votre blog, votre site Web, vos plateformes de m\u00e9dias sociaux ou tout autre support, ce logiciel remarquable offre une vaste gamme d&rsquo;options de personnalisation qui vous permettent de fa\u00e7onner visuellement et captivantes de vignettes. Il soutient non seulement tous les formats d&rsquo;image et de vid\u00e9o r\u00e9pandus, mais il vous fournit \u00e9galement une pl\u00e9thore de pr\u00e9r\u00e9glages et de mod\u00e8les qui \u00e9conomisent efficacement votre temps pendant le processus de cr\u00e9ation de vignettes. Avec un v\u00e9ritable g\u00e9n\u00e9rateur de miniatures, vous poss\u00e9dez la capacit\u00e9 de redimensionner, de recadrer, d&rsquo;incorporer du texte, d&rsquo;appliquer des filtres et de vous engager dans une myriade d&rsquo;autres am\u00e9liorations \u00e0 vos miniatures. Dans l&rsquo;ensemble, cela repr\u00e9sente un investissement vraiment exceptionnel pour les individus aspirant \u00e0 \u00e9lever l&rsquo;attrait visuel de leur contenu et \u00e0 attirer un public plus large.<\/p>\n<ul>\n<li>G\u00e9n\u00e9ration de miniatures de haute qualit\u00e9: le g\u00e9n\u00e9rateur de miniatures r\u00e9el produit des miniatures de haute qualit\u00e9 qui repr\u00e9sentent avec pr\u00e9cision l&rsquo;image d&rsquo;origine.<\/li>\n<li>Options de personnalisation: les utilisateurs peuvent personnaliser la taille, la mise en page et le style de leurs miniatures pour r\u00e9pondre \u00e0 leurs besoins.<\/li>\n<li>Prise en charge de plusieurs formats d&rsquo;images: cet outil peut g\u00e9n\u00e9rer des vignettes pour une large gamme de formats d&rsquo;image, y compris JPEG, PNG, GIF et BMP.<\/li>\n<li>Traitement par lots: il est possible de g\u00e9n\u00e9rer des miniatures pour des centaines ou des milliers d&rsquo;images \u00e0 la fois, en rationalisant le flux de travail des cr\u00e9ateurs de contenu.<\/li>\n<li>Vitesse de traitement rapide: en utilisant des algorithmes avanc\u00e9s, le g\u00e9n\u00e9rateur de vignettes r\u00e9el peut g\u00e9n\u00e9rer plusieurs miniatures rapidement et efficacement.<\/li>\n<li>Interface conviviale: l&rsquo;interface de l&rsquo;outil est simple et facile \u00e0 utiliser, m\u00eame pour ceux qui n&rsquo;ont pas de comp\u00e9tences techniques avanc\u00e9es.<\/li>\n<li>Int\u00e9gration avec des outils tiers: cette solution peut s&rsquo;int\u00e9grer \u00e0 des syst\u00e8mes de gestion de contenu tiers, y compris WordPress et Drupal.<\/li>\n<li>Cost-efficace: par rapport \u00e0 d&rsquo;autres outils de g\u00e9n\u00e9ration de miniatures plus sp\u00e9cialis\u00e9s, le g\u00e9n\u00e9rateur de vignettes r\u00e9el offre une solution rentable pour les utilisateurs.<\/li>\n<\/ul>\n","protected":false},"excerpt":{"rendered":"<p>Real Thumbnail Generator est une application conviviale et simple qui vous permet de produire sans effort des miniatures de premier ordre pour vos images et vos vid\u00e9os. Ce produit remarquable vous donne la possibilit\u00e9 de fabriquer rapidement des miniatures con\u00e7ues expertes qui captiveront l&rsquo;int\u00e9r\u00eat de votre public cible et d&#8217;embellir l&rsquo;attrait visuel de votre contenu. Que vous vous identifiiez comme un blogueur, un cr\u00e9ateur de contenu ou un propri\u00e9taire commercial avis\u00e9, un v\u00e9ritable g\u00e9n\u00e9rateur de vignettes est le rem\u00e8de ultime pour la fabrication de vignettes visuellement frappantes et captivantes qui vous distingueront efficacement des masses dans la vaste \u00e9tendue du domaine en ligne.<\/p>\n","protected":false},"featured_media":145088,"comment_status":"open","ping_status":"open","template":"","meta":[],"product_brand":[2435],"product_cat":[1187,1181,1186],"product_tag":[1231],"class_list":{"0":"post-112426","1":"product","2":"type-product","3":"status-publish","4":"has-post-thumbnail","6":"product_brand-codecanyon","7":"product_cat-administration-wordpress-plugins","8":"product_cat-plugins","9":"product_cat-wordpress-plugins","10":"product_tag-codecanyon","11":"member-discount","12":"discount-restricted","14":"first","15":"instock","16":"sale","17":"downloadable","18":"virtual","19":"sold-individually","20":"purchasable","21":"product-type-simple"},"_links":{"self":[{"href":"https:\/\/gpl-love.com\/fr\/wp-json\/wp\/v2\/product\/112426","targetHints":{"allow":["GET"]}}],"collection":[{"href":"https:\/\/gpl-love.com\/fr\/wp-json\/wp\/v2\/product"}],"about":[{"href":"https:\/\/gpl-love.com\/fr\/wp-json\/wp\/v2\/types\/product"}],"replies":[{"embeddable":true,"href":"https:\/\/gpl-love.com\/fr\/wp-json\/wp\/v2\/comments?post=112426"}],"wp:featuredmedia":[{"embeddable":true,"href":"https:\/\/gpl-love.com\/fr\/wp-json\/wp\/v2\/media\/145088"}],"wp:attachment":[{"href":"https:\/\/gpl-love.com\/fr\/wp-json\/wp\/v2\/media?parent=112426"}],"wp:term":[{"taxonomy":"product_brand","embeddable":true,"href":"https:\/\/gpl-love.com\/fr\/wp-json\/wp\/v2\/product_brand?post=112426"},{"taxonomy":"product_cat","embeddable":true,"href":"https:\/\/gpl-love.com\/fr\/wp-json\/wp\/v2\/product_cat?post=112426"},{"taxonomy":"product_tag","embeddable":true,"href":"https:\/\/gpl-love.com\/fr\/wp-json\/wp\/v2\/product_tag?post=112426"}],"curies":[{"name":"wp","href":"https:\/\/api.w.org\/{rel}","templated":true}]}}