{"id":112424,"date":"2021-03-01T00:00:00","date_gmt":"2021-02-28T23:00:00","guid":{"rendered":"http:\/\/gpl-love.com\/fr\/produit\/whatsapp-food-saas-whatsapp-ordering\/"},"modified":"2026-04-10T18:45:33","modified_gmt":"2026-04-10T16:45:33","slug":"whatsapp-food-saas-whatsapp-ordering","status":"publish","type":"product","link":"https:\/\/gpl-love.com\/fr\/produit\/whatsapp-food-saas-whatsapp-ordering\/","title":{"rendered":"WhatsApp Food SaaS WhatsApp Ordering 2.1.1"},"content":{"rendered":"<h3>WhatsApp Food SaaS WhatsApp Ordering Traits<\/h3>\n<p>WhatsApp Food SaaS pr\u00e9sente une solution efficace pour les restaurants et les entreprises alimentaires souhaitant optimiser leur processus de commande. Cet outil de pointe facilite les clients pour passer sans effort leurs commandes via WhatsApp, \u00e9vitant la n\u00e9cessit\u00e9 de naviguer physiquement ou d&rsquo;engager des conversations t\u00e9l\u00e9phoniques. Le syst\u00e8me fonctionne via l&rsquo;automatisation compl\u00e8te et poss\u00e8de une interface conviviale, rendu la gestion des commandes, le suivi des stocks et le traitement des paiements une brise pour les entreprises. Cette solution SaaS a \u00e9t\u00e9 m\u00e9ticuleusement con\u00e7ue pour augmenter l&rsquo;efficacit\u00e9, r\u00e9duire les erreurs et \u00e9lever l&rsquo;exp\u00e9rience client globale. En capitalisant sur le potentiel de WhatsApp, les entreprises peuvent forger des liens plus intimes avec leur client\u00e8le, renfor\u00e7ant simultan\u00e9ment les chiffres de vente et la g\u00e9n\u00e9ration de revenus. Que ce soit un \u00e9tablissement est un caf\u00e9 diminutif ou une vaste cha\u00eene de restaurants, WhatsApp Food SaaS est sur le point de rationaliser les op\u00e9rations et de favoriser l&rsquo;expansion de leur entreprise.<\/p>\n<ul>\n<li>Un puissant syst\u00e8me de commande des aliments qui fonctionne via l&rsquo;application de messagerie populaire, WhatsApp<\/li>\n<li>Permet aux restaurants de recevoir et de suivre les commandes directement via WhatsApp, rationaliser le processus de commande<\/li>\n<li>Propose une interface conviviale qui permet aux clients de parcourir et de passer des commandes facilement<\/li>\n<li>Offre des menus personnalisables et la possibilit\u00e9 de d\u00e9finir des options de prix et de livraison<\/li>\n<li>Comprend la confirmation automatique des commandes et les mises \u00e0 jour pour tenir les clients et les restaurants inform\u00e9s tout au long du processus<\/li>\n<li>Prend en charge plusieurs langues et devises pour l&rsquo;accessibilit\u00e9 mondiale<\/li>\n<li>Fournit des analyses et des rapports d\u00e9taill\u00e9s pour aider les restaurants \u00e0 suivre les ventes et \u00e0 am\u00e9liorer les performances<\/li>\n<li>Peut \u00eatre facilement int\u00e9gr\u00e9 \u00e0 d&rsquo;autres logiciels de gestion des restaurants pour une solution compl\u00e8te<\/li>\n<li>Offre un support client fiable et une assistance technique pour assurer une impl\u00e9mentation et une utilisation efficaces.<\/li>\n<\/ul>\n","protected":false},"excerpt":{"rendered":"<p>WhatsApp Food Saas WhatsApp Commande est un logiciel exceptionnel et tr\u00e8s intuitif qui a \u00e9t\u00e9 m\u00e9ticuleusement con\u00e7u pour propulser votre entreprise alimentaire vers des hauteurs de succ\u00e8s sans pr\u00e9c\u00e9dent. Exploitant la puissance de cette solution de pointe, votre client\u00e8le estim\u00e9e sera en mesure de soumettre sans effort leurs commandes et de faire des paiements rapides, le tout sans jamais avoir \u00e0 recourir aux m\u00e9thodes traditionnelles et longues de conversations t\u00e9l\u00e9phoniques ou \u00e0 visiter physiquement votre \u00e9tablissement. En int\u00e9grant de mani\u00e8re transparente ce logiciel remarquable dans vos op\u00e9rations, vous pourrez optimiser et rationaliser l&rsquo;int\u00e9gralit\u00e9 de vos processus culinaires, garantissant ainsi une commodit\u00e9 et une satisfaction sans pr\u00e9c\u00e9dent pour vos clients estim\u00e9s et votre moi estim\u00e9. Que vous pr\u00e9siiez un caf\u00e9 modeste et confortable ou un empire de restauration expansif et prestigieux, WhatsApp Food Saas WhatsApp Commande repr\u00e9sente le choix par excellence pour amplifier l&rsquo;efficacit\u00e9, la commodit\u00e9 et la rentabilit\u00e9 de votre \u00e9tablissement estim\u00e9.<\/p>\n","protected":false},"featured_media":145757,"comment_status":"open","ping_status":"open","template":"","meta":[],"product_brand":[2435],"product_cat":[1189,1181,1186],"product_tag":[1231],"class_list":{"0":"post-112424","1":"product","2":"type-product","3":"status-publish","4":"has-post-thumbnail","6":"product_brand-codecanyon","7":"product_cat-personnalisation","8":"product_cat-plugins","9":"product_cat-wordpress-plugins","10":"product_tag-codecanyon","11":"member-discount","12":"discount-restricted","14":"first","15":"instock","16":"sale","17":"downloadable","18":"virtual","19":"sold-individually","20":"purchasable","21":"product-type-simple"},"_links":{"self":[{"href":"https:\/\/gpl-love.com\/fr\/wp-json\/wp\/v2\/product\/112424","targetHints":{"allow":["GET"]}}],"collection":[{"href":"https:\/\/gpl-love.com\/fr\/wp-json\/wp\/v2\/product"}],"about":[{"href":"https:\/\/gpl-love.com\/fr\/wp-json\/wp\/v2\/types\/product"}],"replies":[{"embeddable":true,"href":"https:\/\/gpl-love.com\/fr\/wp-json\/wp\/v2\/comments?post=112424"}],"wp:featuredmedia":[{"embeddable":true,"href":"https:\/\/gpl-love.com\/fr\/wp-json\/wp\/v2\/media\/145757"}],"wp:attachment":[{"href":"https:\/\/gpl-love.com\/fr\/wp-json\/wp\/v2\/media?parent=112424"}],"wp:term":[{"taxonomy":"product_brand","embeddable":true,"href":"https:\/\/gpl-love.com\/fr\/wp-json\/wp\/v2\/product_brand?post=112424"},{"taxonomy":"product_cat","embeddable":true,"href":"https:\/\/gpl-love.com\/fr\/wp-json\/wp\/v2\/product_cat?post=112424"},{"taxonomy":"product_tag","embeddable":true,"href":"https:\/\/gpl-love.com\/fr\/wp-json\/wp\/v2\/product_tag?post=112424"}],"curies":[{"name":"wp","href":"https:\/\/api.w.org\/{rel}","templated":true}]}}