{"id":112422,"date":"2021-03-01T00:00:00","date_gmt":"2021-02-28T23:00:00","guid":{"rendered":"http:\/\/gpl-love.com\/fr\/produit\/xerochat-best-multichannel-marketing-application-saas-platform\/"},"modified":"2026-03-20T23:52:26","modified_gmt":"2026-03-20T22:52:26","slug":"xerochat-best-multichannel-marketing-application-saas-platform","status":"publish","type":"product","link":"https:\/\/gpl-love.com\/fr\/produit\/xerochat-best-multichannel-marketing-application-saas-platform\/","title":{"rendered":"XeroChat Best Multichannel Marketing Application (SaaS Platform) 6.0.8"},"content":{"rendered":"<h3>XeroChat Best Multichannel Marketing Application (SaaS Platform) Traits<\/h3>\n<p>Xerochat, une plate-forme SaaS de pointe, se targue de fournir la meilleure application de marketing multicanal disponible sur le march\u00e9. B\u00e9n\u00e9ficiant d&rsquo;un r\u00e9pertoire de fonctionnalit\u00e9s innovantes et d&rsquo;une interface conviviale, Xerochat autorise les entreprises de chaque ampleur \u00e0 se connecter efficacement avec leur public cible sur divers canaux tels que Facebook Messenger, Instagram, WhatsApp, SMS et bien d&rsquo;autres. Cette plate-forme remarquable vous accorde la possibilit\u00e9 d&rsquo;automatiser vos campagnes de marketing, de g\u00e9rer des messages personnalis\u00e9s et de s&rsquo;engager avec vos clients en temps r\u00e9el. En mettant en \u0153uvre Xerochat dans votre strat\u00e9gie marketing, vous pouvez optimiser et rationaliser vos efforts de marketing, en pr\u00e9servant ainsi un temps et des ressources pr\u00e9cieux, tout en favorisant simultan\u00e9ment des conversions accrues et en g\u00e9n\u00e9rant des revenus accrus pour votre entreprise. Que vous soyez un propri\u00e9taire d&rsquo;une petite entreprise ou une entreprise colossale, Xerochat est sans \u00e9quivoque la solution ultime pour r\u00e9pondre \u00e0 toutes vos conditions de marketing multicanaux.<\/p>\n<ul>\n<li>Xerochat est une application de marketing multicanal compl\u00e8te qui aide les entreprises \u00e0 atteindre leurs clients sur plusieurs plateformes.<\/li>\n<li>Ce logiciel est fourni en tant que service (SaaS), \u00e9liminant la n\u00e9cessit\u00e9 pour les entreprises de t\u00e9l\u00e9charger ou d&rsquo;installer un logiciel suppl\u00e9mentaire.<\/li>\n<li>Avec Xerochat, les entreprises peuvent facilement g\u00e9rer et automatiser leurs campagnes de marketing sur des canaux populaires tels que Facebook, WhatsApp, Telegram, Instagram, SMS et e-mail.<\/li>\n<li>La plate-forme propose des outils de marketing avanc\u00e9s, y compris les formulaires de g\u00e9n\u00e9ration de leads, les chatbots, la messagerie automatique, les campagnes goutte \u00e0 goutte, etc.<\/li>\n<li>Les entreprises peuvent segmenter leur public en fonction de leur comportement, de leur d\u00e9mographie ou de leurs pr\u00e9f\u00e9rences, et les ciblent avec des messages personnalis\u00e9s, des promotions et des offres.<\/li>\n<li>Xerochat propose des analyses et des rapports en temps r\u00e9el, qui permettent aux entreprises de suivre les performances de leurs campagnes et de prendre des d\u00e9cisions bas\u00e9es sur les donn\u00e9es.<\/li>\n<li>La plate-forme prend \u00e9galement en charge l&rsquo;int\u00e9gration avec les CRM populaires, les fournisseurs de services de messagerie et d&rsquo;autres outils tiers pour un flux de travail transparent.<\/li>\n<li>L&rsquo;interface conviviale de Xerochat et les fonctionnalit\u00e9s puissantes en font un excellent choix pour les entreprises de toutes tailles qui cherchent \u00e0 \u00e9voluer leurs efforts de marketing et \u00e0 atteindre leurs objectifs commerciaux.<\/li>\n<\/ul>\n","protected":false},"excerpt":{"rendered":"<p>Xerochat, une application de marketing multicanal extraordinaire, a \u00e9t\u00e9 magistralement con\u00e7u pour am\u00e9liorer la capacit\u00e9 des entreprises \u00e0 \u00e9tendre leur port\u00e9e et \u00e0 augmenter leur engagement avec leurs clients estim\u00e9s. Cette plate-forme logicielle en tant que service (SaaS) extraordinairement puissante pr\u00e9sente une vaste gamme de fonctionnalit\u00e9s remarquables, y compris des chatbots, du marketing par e-mail, une automatisation SMS, et bien plus encore, ce qui le rend l&rsquo;instrument id\u00e9al pour les professionnels du marketing s&rsquo;effor\u00e7ant d&rsquo;obtenir des r\u00e9sultats sup\u00e9rieurs. En exploitant la puissance de Xerochat, en concoctant sans effort des campagnes personnalis\u00e9es, en g\u00e9rant efficacement plusieurs canaux \u00e0 partir d&rsquo;un tableau de bord consolid\u00e9 et en surveillant avec diligence vos performances avec une analyse en temps r\u00e9el de pointe devient une t\u00e2che sans effort. Peu importe l&rsquo;ampleur de votre entreprise, qu&rsquo;il s&rsquo;agisse d&rsquo;un \u00e9tablissement diminutif ou d&rsquo;une soci\u00e9t\u00e9 colossale, Xerochat \u00e9merge sans \u00e9quivoque comme la r\u00e9solution ultime pour r\u00e9pondre \u00e0 toutes vos exigences de marketing multicanaux multiples.<\/p>\n","protected":false},"featured_media":146326,"comment_status":"open","ping_status":"open","template":"","meta":[],"product_brand":[2435],"product_cat":[1189,1181,1186],"product_tag":[1231],"class_list":{"0":"post-112422","1":"product","2":"type-product","3":"status-publish","4":"has-post-thumbnail","6":"product_brand-codecanyon","7":"product_cat-personnalisation","8":"product_cat-plugins","9":"product_cat-wordpress-plugins","10":"product_tag-codecanyon","11":"member-discount","12":"discount-restricted","14":"first","15":"instock","16":"sale","17":"downloadable","18":"virtual","19":"sold-individually","20":"purchasable","21":"product-type-simple"},"_links":{"self":[{"href":"https:\/\/gpl-love.com\/fr\/wp-json\/wp\/v2\/product\/112422","targetHints":{"allow":["GET"]}}],"collection":[{"href":"https:\/\/gpl-love.com\/fr\/wp-json\/wp\/v2\/product"}],"about":[{"href":"https:\/\/gpl-love.com\/fr\/wp-json\/wp\/v2\/types\/product"}],"replies":[{"embeddable":true,"href":"https:\/\/gpl-love.com\/fr\/wp-json\/wp\/v2\/comments?post=112422"}],"wp:featuredmedia":[{"embeddable":true,"href":"https:\/\/gpl-love.com\/fr\/wp-json\/wp\/v2\/media\/146326"}],"wp:attachment":[{"href":"https:\/\/gpl-love.com\/fr\/wp-json\/wp\/v2\/media?parent=112422"}],"wp:term":[{"taxonomy":"product_brand","embeddable":true,"href":"https:\/\/gpl-love.com\/fr\/wp-json\/wp\/v2\/product_brand?post=112422"},{"taxonomy":"product_cat","embeddable":true,"href":"https:\/\/gpl-love.com\/fr\/wp-json\/wp\/v2\/product_cat?post=112422"},{"taxonomy":"product_tag","embeddable":true,"href":"https:\/\/gpl-love.com\/fr\/wp-json\/wp\/v2\/product_tag?post=112422"}],"curies":[{"name":"wp","href":"https:\/\/api.w.org\/{rel}","templated":true}]}}