{"id":112416,"date":"2026-05-01T00:00:00","date_gmt":"2026-04-30T22:00:00","guid":{"rendered":"http:\/\/gpl-love.com\/fr\/produit\/woocommerce-appointments\/"},"modified":"2026-05-13T00:30:51","modified_gmt":"2026-05-12T22:30:51","slug":"woocommerce-appointments","status":"publish","type":"product","link":"https:\/\/gpl-love.com\/fr\/produit\/woocommerce-appointments\/","title":{"rendered":"WooCommerce Appointments 5.3.8"},"content":{"rendered":"<h3>WooCommerce Appointments Traits<\/h3>\n<p>Rendez-vous WooCommerce, un outil robuste m\u00e9ticuleusement con\u00e7u pour optimiser et rationaliser le domaine complexe des proc\u00e9dures de r\u00e9servation et de planification en ligne, s&rsquo;adresse aux entreprises op\u00e9rant sur WooCommerce. Ce plugin exceptionnel permet aux clients de planifier sans effort des rendez-vous, de r\u00e9server des si\u00e8ges convoit\u00e9s ou de se procurer des services essentiels directement \u00e0 partir du site Web, en distribuant l&rsquo;exigence de tout logiciel suppl\u00e9mentaire. L&rsquo;int\u00e9gration de mani\u00e8re transparente avec WooCommerce, ce logiciel m\u00e9ticuleusement con\u00e7u garantit efficacement la gestion transparente et le suivi m\u00e9ticuleux de tous les rendez-vous et des paiements. En outre, ce plugin remarquable poss\u00e8de un \u00e9ventail de fonctionnalit\u00e9s hautement personnalisables, y compris, mais sans s&rsquo;y limiter, les rappels de courrier \u00e9lectronique automatis\u00e9s, les mises \u00e0 jour de disponibilit\u00e9 en temps r\u00e9el et plusieurs passerelles de paiement s\u00e9curis\u00e9es. En capitalisant sur les capacit\u00e9s exceptionnelles des rendez-vous WooCommerce, les entreprises peuvent augmenter consid\u00e9rablement l&rsquo;efficacit\u00e9 op\u00e9rationnelle et amplifier simultan\u00e9ment les niveaux de satisfaction des clients en offrant une exp\u00e9rience de r\u00e9servation conviviale, exp\u00e9diante et totalement sans tracas.<\/p>\n<ul>\n<li>Processus de r\u00e9servation de rendez-vous rationalis\u00e9 pour les propri\u00e9taires de magasins WooCommerce<\/li>\n<li>Permet aux clients de planifier facilement des rendez-vous avec les entreprises via la plateforme WooCommerce<\/li>\n<li>Param\u00e8tres et disponibilit\u00e9 de r\u00e9servation de rendez-vous personnalisables<\/li>\n<li>Int\u00e9gration avec des applications de calendrier populaires telles que Google Calendar, Ical et Outlook<\/li>\n<li>Notifications par e-mail automatis\u00e9es pour les clients et les entreprises<\/li>\n<li>Capacit\u00e9 \u00e0 accepter les paiements en ligne pour les rendez-vous<\/li>\n<li>Mises \u00e0 jour en temps r\u00e9el et synchronisation avec WooCommerce Inventory et Syst\u00e8me de gestion des commandes<\/li>\n<li>Plusieurs types de rendez-vous et dur\u00e9es soutenues<\/li>\n<li>Option pour les entreprises pour configurer plusieurs emplacements et membres du personnel avec leurs propres horaires de disponibilit\u00e9 uniques<\/li>\n<li>Rapports d\u00e9taill\u00e9s et analyses pour suivre la r\u00e9servation de rendez-vous et les performances des revenus.<\/li>\n<\/ul>\n","protected":false},"excerpt":{"rendered":"<p>La demande de rendez-vous WooCommerce est un outil incroyablement robuste et tr\u00e8s efficace qui accorde \u00e0 vos clients la commodit\u00e9 et la facilit\u00e9 de planification des rendez-vous avec votre entreprise directement via une plate-forme en ligne. Cette application remarquable vous permet non seulement de g\u00e9rer et de superviser sans effort votre disponibilit\u00e9, mais elle vous offre \u00e9galement la possibilit\u00e9 d&rsquo;\u00e9tablir des dur\u00e9es sp\u00e9cifiques pour chaque rendez-vous, tout en incorporant m\u00eame un traitement de paiement de mani\u00e8re transparente pour une exp\u00e9rience de paiement rationalis\u00e9e et sans tracas. Peu importe que vous exploitiez un salon renomm\u00e9, une prestigieuse clinique m\u00e9dicale ou toute autre sorte d&rsquo;entreprise qui s&rsquo;appuie fortement sur les r\u00e9servations de rendez-vous, la demande de rendez-vous WooCommerce simplifie et att\u00e9nue efficacement la charge associ\u00e9e \u00e0 la gestion de votre horaire charg\u00e9. En outre, l&rsquo;application s&rsquo;int\u00e8gre de mani\u00e8re transparente \u00e0 WooCommerce, vous permettant ainsi de surveiller et de suivre sans effort les m\u00e9triques et les chiffres de vente essentiels dans les limites d&rsquo;une seule plate-forme compl\u00e8te.<\/p>\n","protected":false},"featured_media":145806,"comment_status":"open","ping_status":"open","template":"","meta":[],"product_brand":[2695],"product_cat":[1182,1223,1181],"product_tag":[1697],"class_list":{"0":"post-112416","1":"product","2":"type-product","3":"status-publish","4":"has-post-thumbnail","6":"product_brand-booking-wp","7":"product_cat-commerce-electronique-plugins","8":"product_cat-personnalisation-commerce-electronique-plugins","9":"product_cat-plugins","10":"product_tag-booking-wp","11":"member-discount","12":"discount-restricted","14":"first","15":"instock","16":"sale","17":"downloadable","18":"virtual","19":"sold-individually","20":"purchasable","21":"product-type-simple"},"_links":{"self":[{"href":"https:\/\/gpl-love.com\/fr\/wp-json\/wp\/v2\/product\/112416","targetHints":{"allow":["GET"]}}],"collection":[{"href":"https:\/\/gpl-love.com\/fr\/wp-json\/wp\/v2\/product"}],"about":[{"href":"https:\/\/gpl-love.com\/fr\/wp-json\/wp\/v2\/types\/product"}],"replies":[{"embeddable":true,"href":"https:\/\/gpl-love.com\/fr\/wp-json\/wp\/v2\/comments?post=112416"}],"wp:featuredmedia":[{"embeddable":true,"href":"https:\/\/gpl-love.com\/fr\/wp-json\/wp\/v2\/media\/145806"}],"wp:attachment":[{"href":"https:\/\/gpl-love.com\/fr\/wp-json\/wp\/v2\/media?parent=112416"}],"wp:term":[{"taxonomy":"product_brand","embeddable":true,"href":"https:\/\/gpl-love.com\/fr\/wp-json\/wp\/v2\/product_brand?post=112416"},{"taxonomy":"product_cat","embeddable":true,"href":"https:\/\/gpl-love.com\/fr\/wp-json\/wp\/v2\/product_cat?post=112416"},{"taxonomy":"product_tag","embeddable":true,"href":"https:\/\/gpl-love.com\/fr\/wp-json\/wp\/v2\/product_tag?post=112416"}],"curies":[{"name":"wp","href":"https:\/\/api.w.org\/{rel}","templated":true}]}}