{"id":112414,"date":"2022-02-19T00:00:00","date_gmt":"2022-02-18T23:00:00","guid":{"rendered":"http:\/\/gpl-love.com\/fr\/produit\/woocommerce-pdf-catalog\/"},"modified":"2026-04-10T18:47:46","modified_gmt":"2026-04-10T16:47:46","slug":"woocommerce-pdf-catalog","status":"publish","type":"product","link":"https:\/\/gpl-love.com\/fr\/produit\/woocommerce-pdf-catalog\/","title":{"rendered":"WooCommerce PDF Catalog 1.16.3"},"content":{"rendered":"<h3>WooCommerce PDF Catalog Traits<\/h3>\n<p>Le plugin de catalogue WOOCommerce PDF est un outil incroyablement avantageux pour les personnes qui poss\u00e8dent des magasins en ligne et souhaitent produire et distribuer des catalogues de produits raffin\u00e9s et polis dans le format des PDF. Ce plugin exceptionnel accorde aux utilisateurs la possibilit\u00e9 d&rsquo;\u00e9tablir des mod\u00e8les personnalis\u00e9s pour leurs catalogues, de s\u00e9lectionner m\u00e9ticuleusement quels produits doivent \u00eatre englob\u00e9s \u00e0 l&rsquo;int\u00e9rieur et de modifier sans effort les catalogues \u00e0 mesure que les nouveaux produits se concr\u00e9tisent. De plus, les utilisateurs ont la possibilit\u00e9 d&rsquo;incorporer des images de produits, des descriptions d\u00e9taill\u00e9es et des informations sur les prix, tout en personnalisant simultan\u00e9ment la mise en page et la conception pour s&rsquo;aligner harmonieusement avec leur marque. Par cons\u00e9quent, ce plugin convient particuli\u00e8rement aux entreprises qui cherchent \u00e0 \u00e9tendre leur port\u00e9e aux clients potentiels ou \u00e0 fournir une m\u00e9thode plus opportun pour les clients pr\u00e9existants pour parcourir et acheter des produits. Dans son int\u00e9gralit\u00e9, le plugin de catalogue PDF WooCommerce constitue sans aucun doute une solution optimale et efficace pour la cr\u00e9ation et la distribution des catalogues de produits.<\/p>\n<ul>\n<li>Cr\u00e9e un catalogue PDF d&rsquo;apparence professionnelle de vos produits WooCommerce<\/li>\n<li>Vous permet de choisir parmi une vari\u00e9t\u00e9 de mod\u00e8les et de conceptions pour personnaliser l&rsquo;apparence de votre catalogue<\/li>\n<li>Peut g\u00e9n\u00e9rer des catalogues par cat\u00e9gorie, \u00e9tat du produit ou s\u00e9lection personnalis\u00e9e<\/li>\n<li>Prend en charge les catalogues multi-langues pour les entreprises mondiales<\/li>\n<li>Met automatiquement \u00e0 jour votre catalogue lorsque vous ajoutez ou supprimez des produits de votre boutique WooCommerce<\/li>\n<li>L&rsquo;interface simple et conviviale permet de cr\u00e9er facilement votre catalogue en quelques clics<\/li>\n<li>Prend en charge des liens et des signets int\u00e9gr\u00e9s dans votre catalogue pour une navigation facile<\/li>\n<li>Peut \u00eatre t\u00e9l\u00e9charg\u00e9 ou int\u00e9gr\u00e9 sur votre site Web pour l&rsquo;acc\u00e8s et la commodit\u00e9 des clients<\/li>\n<li>\u00c9conomise du temps et des efforts par rapport \u00e0 la cr\u00e9ation manuelle d&rsquo;un catalogue \u00e0 partir de z\u00e9ro<\/li>\n<li>Compatible avec une gamme d&rsquo;appareils et de plates-formes pour une accessibilit\u00e9 diversifi\u00e9e.<\/li>\n<\/ul>\n","protected":false},"excerpt":{"rendered":"<p>Le plugin de catalogue PDF WooCommerce vous offre la capacit\u00e9 de cr\u00e9er un catalogue PDF visuellement attrayant qui pr\u00e9sente vos produits WooCommerce de mani\u00e8re exquise. Dans ce catalogue, vous pouvez afficher des images de produits captivantes, des descriptions d\u00e9taill\u00e9es, des informations de prix pr\u00e9cises et bien plus encore, toutes pr\u00e9sent\u00e9es dans un format PDF sophistiqu\u00e9. Avec une large gamme de mod\u00e8les et de styles personnalisables \u00e0 votre disposition, vous avez la flexibilit\u00e9 de personnaliser le catalogue pour s&rsquo;aligner parfaitement avec votre image de marque et vos offres de produits. Cet outil puissant vous permet de g\u00e9n\u00e9rer et de distribuer sans effort votre catalogue de produits \u00e0 vos clients estim\u00e9s et \u00e0 vos partenaires de confiance, en garantissant une exp\u00e9rience transparente et professionnelle pour toutes les personnes impliqu\u00e9es.<\/p>\n","protected":false},"featured_media":145959,"comment_status":"open","ping_status":"closed","template":"","meta":[],"product_brand":[2435],"product_cat":[1182,1223,1181],"product_tag":[1231],"class_list":{"0":"post-112414","1":"product","2":"type-product","3":"status-publish","4":"has-post-thumbnail","6":"product_brand-codecanyon","7":"product_cat-commerce-electronique-plugins","8":"product_cat-personnalisation-commerce-electronique-plugins","9":"product_cat-plugins","10":"product_tag-codecanyon","11":"member-discount","12":"discount-restricted","14":"first","15":"instock","16":"sale","17":"downloadable","18":"virtual","19":"sold-individually","20":"purchasable","21":"product-type-simple"},"_links":{"self":[{"href":"https:\/\/gpl-love.com\/fr\/wp-json\/wp\/v2\/product\/112414","targetHints":{"allow":["GET"]}}],"collection":[{"href":"https:\/\/gpl-love.com\/fr\/wp-json\/wp\/v2\/product"}],"about":[{"href":"https:\/\/gpl-love.com\/fr\/wp-json\/wp\/v2\/types\/product"}],"replies":[{"embeddable":true,"href":"https:\/\/gpl-love.com\/fr\/wp-json\/wp\/v2\/comments?post=112414"}],"wp:featuredmedia":[{"embeddable":true,"href":"https:\/\/gpl-love.com\/fr\/wp-json\/wp\/v2\/media\/145959"}],"wp:attachment":[{"href":"https:\/\/gpl-love.com\/fr\/wp-json\/wp\/v2\/media?parent=112414"}],"wp:term":[{"taxonomy":"product_brand","embeddable":true,"href":"https:\/\/gpl-love.com\/fr\/wp-json\/wp\/v2\/product_brand?post=112414"},{"taxonomy":"product_cat","embeddable":true,"href":"https:\/\/gpl-love.com\/fr\/wp-json\/wp\/v2\/product_cat?post=112414"},{"taxonomy":"product_tag","embeddable":true,"href":"https:\/\/gpl-love.com\/fr\/wp-json\/wp\/v2\/product_tag?post=112414"}],"curies":[{"name":"wp","href":"https:\/\/api.w.org\/{rel}","templated":true}]}}