{"id":112412,"date":"2022-11-22T00:00:00","date_gmt":"2022-11-21T23:00:00","guid":{"rendered":"http:\/\/gpl-love.com\/fr\/produit\/energyplus-beautiful-admin-panel-for-woocommerce\/"},"modified":"2026-03-20T23:03:59","modified_gmt":"2026-03-20T22:03:59","slug":"energyplus-beautiful-admin-panel-for-woocommerce","status":"publish","type":"product","link":"https:\/\/gpl-love.com\/fr\/produit\/energyplus-beautiful-admin-panel-for-woocommerce\/","title":{"rendered":"EnergyPlus Beautiful Admin Panel pour WooCommerce 1.3.4"},"content":{"rendered":"<h3>EnergyPlus Beautiful Admin Panel pour WooCommerce Traits<\/h3>\n<p>Le panneau d&rsquo;administration de EnergyPlus Beautiful pour WooCommerce est un outil incroyablement puissant qui offre une aide immense pour g\u00e9rer efficacement votre boutique en ligne. Ce plugin exceptionnel vous donne non seulement une interface conviviale, mais vous permet \u00e9galement de g\u00e9rer sans effort vos produits, commandes, clients et divers autres d\u00e9tails cruciaux. De plus, le panneau d&rsquo;administration de EnergyPlus Beautiful pour WooCommerce offre une vaste gamme de fonctionnalit\u00e9s, vous offrant la plus grande commodit\u00e9 dans la personnalisation de votre magasin. En utilisant son tableau de bord intuitif, vous pouvez analyser sans effort vos donn\u00e9es de vente et surveiller m\u00e9ticuleusement les performances de votre magasin. De plus, ce plugin vous pr\u00e9sente des options de recherche et de filtrage avanc\u00e9es, simplifiant le processus de localisation de produits, de commandes ou de clients sp\u00e9cifiques. Dans l&rsquo;ensemble, le panel d&rsquo;administration EnergyPlus Beautiful pour WooCommerce est un outil indispensable pour tout propri\u00e9taire d&rsquo;entreprise qui aspire \u00e0 rationaliser sa gestion de la boutique en ligne et \u00e0 \u00e9lever ses performances de vente.<\/p>\n<ul>\n<li>Panneau d&rsquo;administration convivial avec conception moderne<\/li>\n<li>G\u00e9rer et personnaliser facilement votre boutique WooCommerce<\/li>\n<li>Navigation simple et interface intuitive<\/li>\n<li>Acc\u00e8s \u00e0 tous les param\u00e8tres et fonctionnalit\u00e9s de WooCommerce<\/li>\n<li>Vue rapide des statistiques et des commandes du magasin<\/li>\n<li>Capacit\u00e9 \u00e0 ajouter et \u00e0 g\u00e9rer facilement les produits<\/li>\n<li>Processus de paiement rationalis\u00e9 pour les clients<\/li>\n<li>Compatible avec tous les th\u00e8mes WordPress<\/li>\n<li>Mises \u00e0 jour r\u00e9guli\u00e8res et am\u00e9liorations pour assurer des performances optimales<\/li>\n<li>Utilisation efficace de l&rsquo;\u00e9nergie pour un fonctionnement \u00e9cologique<\/li>\n<\/ul>\n","protected":false},"excerpt":{"rendered":"<p>Le panneau d&rsquo;administration EnergyPlus Beautiful pour WooCommerce est un plugin extr\u00eamement puissant qui vous offre la capacit\u00e9 d&rsquo;administrer sans effort votre magasin de commerce \u00e9lectronique via un tableau de bord extr\u00eamement con\u00e7u. Gr\u00e2ce \u00e0 son interface remarquablement conviviale, vous \u00eates autoris\u00e9 \u00e0 surveiller et \u00e0 g\u00e9rer efficacement vos ventes, vos commandes, vos stocks et vos clients en temps r\u00e9el. Ce plugin pr\u00e9sente une myriade d&rsquo;options de personnalisation, vous accordant la possibilit\u00e9 d&rsquo;adapter m\u00e9ticuleusement le tableau de bord pour s&rsquo;aligner sur l&rsquo;esth\u00e9tique de votre marque. Que vous ayez une comp\u00e9tence novice ou avanc\u00e9e, le panneau d&rsquo;administration EnergyPlus rationalisera ind\u00e9niablement vos responsabilit\u00e9s quotidiennes et facilitera le fonctionnement transparent de votre magasin WooCommerce.<\/p>\n","protected":false},"featured_media":143744,"comment_status":"open","ping_status":"open","template":"","meta":[],"product_brand":[2435],"product_cat":[1238,1444,1212],"product_tag":[1231],"class_list":{"0":"post-112412","1":"product","2":"type-product","3":"status-publish","4":"has-post-thumbnail","6":"product_brand-codecanyon","7":"product_cat-commerce-electronique-themes","8":"product_cat-creatif-commerce-electronique-themes","9":"product_cat-themes","10":"product_tag-codecanyon","11":"member-discount","12":"discount-restricted","14":"first","15":"instock","16":"sale","17":"downloadable","18":"virtual","19":"sold-individually","20":"purchasable","21":"product-type-simple"},"_links":{"self":[{"href":"https:\/\/gpl-love.com\/fr\/wp-json\/wp\/v2\/product\/112412","targetHints":{"allow":["GET"]}}],"collection":[{"href":"https:\/\/gpl-love.com\/fr\/wp-json\/wp\/v2\/product"}],"about":[{"href":"https:\/\/gpl-love.com\/fr\/wp-json\/wp\/v2\/types\/product"}],"replies":[{"embeddable":true,"href":"https:\/\/gpl-love.com\/fr\/wp-json\/wp\/v2\/comments?post=112412"}],"wp:featuredmedia":[{"embeddable":true,"href":"https:\/\/gpl-love.com\/fr\/wp-json\/wp\/v2\/media\/143744"}],"wp:attachment":[{"href":"https:\/\/gpl-love.com\/fr\/wp-json\/wp\/v2\/media?parent=112412"}],"wp:term":[{"taxonomy":"product_brand","embeddable":true,"href":"https:\/\/gpl-love.com\/fr\/wp-json\/wp\/v2\/product_brand?post=112412"},{"taxonomy":"product_cat","embeddable":true,"href":"https:\/\/gpl-love.com\/fr\/wp-json\/wp\/v2\/product_cat?post=112412"},{"taxonomy":"product_tag","embeddable":true,"href":"https:\/\/gpl-love.com\/fr\/wp-json\/wp\/v2\/product_tag?post=112412"}],"curies":[{"name":"wp","href":"https:\/\/api.w.org\/{rel}","templated":true}]}}