{"id":112408,"date":"2023-02-09T00:00:00","date_gmt":"2023-02-08T23:00:00","guid":{"rendered":"http:\/\/gpl-love.com\/fr\/produit\/shoppy-store-multipurpose-woocommerce-theme\/"},"modified":"2026-04-10T18:39:37","modified_gmt":"2026-04-10T16:39:37","slug":"shoppy-store-multipurpose-woocommerce-theme","status":"publish","type":"product","link":"https:\/\/gpl-love.com\/fr\/produit\/shoppy-store-multipurpose-woocommerce-theme\/","title":{"rendered":"Shoppy Store Multipurpose WooCommerce Theme 3.7.10"},"content":{"rendered":"<h3>Shoppy Store Multipurpose WooCommerce Theme Traits<\/h3>\n<p>Shoppy Store Multipurpose WooCommerce Le th\u00e8me, un th\u00e8me WordPress de commerce \u00e9lectronique incroyablement polyvalent et tr\u00e8s flexible, est une option id\u00e9ale pour les personnes cherchant \u00e0 \u00e9tablir une boutique en ligne florissante. Avec son design \u00e9l\u00e9gant et contemporain, ce th\u00e8me garantit une exp\u00e9rience utilisateur exceptionnelle sur tous les appareils, am\u00e9liorant ainsi la satisfaction des clients. De plus, son processus de personnalisation sans effort ajoute en outre son attrait, permettant aux utilisateurs d&rsquo;adapter tous les aspects de leur site Web \u00e0 leurs pr\u00e9f\u00e9rences uniques. B\u00e9n\u00e9ficiant d&rsquo;un \u00e9ventail de fonctionnalit\u00e9s remarquables, telles que plusieurs dispositions de page d&rsquo;accueil, des pages de produits m\u00e9ticuleusement con\u00e7ues et un assortiment de mod\u00e8les pr\u00e9d\u00e9finis, ce th\u00e8me ne laisse vraiment aucune pierre non retourn\u00e9e \u00e0 fournir une exp\u00e9rience utilisateur compl\u00e8te et sans couture. De plus, son int\u00e9gration transparente avec WooCommerce, la principale plate-forme de commerce \u00e9lectronique, permet aux utilisateurs une vaste gamme de fonctionnalit\u00e9s, amplifiant ainsi leur potentiel commercial en ligne. Dans l&rsquo;ensemble, le th\u00e8me WooCommerce de magasin Shoppy Store se distingue ind\u00e9niablement comme un choix exceptionnel pour les particuliers d\u00e9sireux d&rsquo;\u00e9tablir une boutique en ligne professionnelle et tr\u00e8s efficace.<\/p>\n<ul>\n<li>Th\u00e8me WooCommerce enti\u00e8rement personnalisable avec une conception polyvalente pour tout type de boutique en ligne.<\/li>\n<li>Livr\u00e9 pr\u00e9charg\u00e9 avec 8 d\u00e9mos de page d&rsquo;accueil uniques et plus de 18 dispositions de pages int\u00e9rieures.<\/li>\n<li>Construit avec les derni\u00e8res technologies Web, notamment HTML5, CSS3, JQuery et bootstrap &#8211;<\/li>\n<li>Le r\u00e9f\u00e9rencement optimis\u00e9 pour un meilleur classement des moteurs de recherche et une compatibilit\u00e9 avec le plugin SEO Yoast.<\/li>\n<li>Sensible aux mobiles, avec une conception flexible qui s&rsquo;adapte aux \u00e9crans de toute taille et r\u00e9solution.<\/li>\n<li>Offre une vari\u00e9t\u00e9 d&rsquo;options de personnalisation, y compris des sch\u00e9mas de couleurs, des param\u00e8tres de typographie et des styles de mise en page.<\/li>\n<li>Livr\u00e9 avec des fonctionnalit\u00e9s utiles telles que la vue rapide, la liste de souhaits et la fonctionnalit\u00e9 de recherche AJAX.<\/li>\n<li>Compatible avec une large gamme de plugins populaires, tels que WPBakery Page Builder, Revolution Slider et Contact Form &#8211;<\/li>\n<li>Offre une documentation d\u00e9taill\u00e9e et un excellent support client pour vous aider \u00e0 d\u00e9marrer rapidement et facilement.<\/li>\n<li>RECLUG\u00c9 MISE \u00c0 JOUR pour assurer la compatibilit\u00e9 avec les derni\u00e8res versions WordPress et WooCommerce.<\/li>\n<\/ul>\n","protected":false},"excerpt":{"rendered":"<p>Le th\u00e8me WooCommerce en plusieurs \u00e9tages est un outil exceptionnel qui facilite la cr\u00e9ation d&rsquo;une boutique en ligne enti\u00e8rement personnalisable et sophistiqu\u00e9e. En tirant parti des immenses capacit\u00e9s du plugin WooCommerce, ce th\u00e8me pr\u00e9sente une pl\u00e9thore d&rsquo;options de conception qui peuvent \u00eatre m\u00e9ticuleusement adapt\u00e9es \u00e0 vos besoins sp\u00e9cifiques. Que votre cr\u00e9neau tourne autour de la vente de v\u00eatements \u00e0 la mode, d&rsquo;\u00e9lectronique de pointe ou d&rsquo;un assortiment de services professionnels, soyez assur\u00e9 que ce th\u00e8me est \u00e9quip\u00e9 pour r\u00e9pondre \u00e0 tous vos besoins avec une efficacit\u00e9. Non seulement il se vante d&rsquo;une conception r\u00e9active qui garantit une apparence impeccable de votre magasin sur divers appareils, mais il englobe \u00e9galement un syst\u00e8me complet de documentation et de soutien, simplifiant ainsi le processus de mise en place et de gestion de votre boutique en ligne. Si vous \u00eates \u00e0 la recherche d&rsquo;un th\u00e8me fiable et polyvalent pour \u00e9lever vos efforts commerciaux en ligne, il ne fait aucun doute que le th\u00e8me WooCommerce polyvalent du magasin Shoppy est le choix principal pour vous.<\/p>\n","protected":false},"featured_media":145245,"comment_status":"open","ping_status":"open","template":"","meta":[],"product_brand":[2433],"product_cat":[1238,1372,1212],"product_tag":[1366],"class_list":{"0":"post-112408","1":"product","2":"type-product","3":"status-publish","4":"has-post-thumbnail","6":"product_brand-themeforest","7":"product_cat-commerce-electronique-themes","8":"product_cat-polyvalent-commerce-electronique-themes","9":"product_cat-themes","10":"product_tag-themeforest","11":"member-discount","12":"discount-restricted","14":"first","15":"instock","16":"sale","17":"downloadable","18":"virtual","19":"sold-individually","20":"purchasable","21":"product-type-simple"},"_links":{"self":[{"href":"https:\/\/gpl-love.com\/fr\/wp-json\/wp\/v2\/product\/112408","targetHints":{"allow":["GET"]}}],"collection":[{"href":"https:\/\/gpl-love.com\/fr\/wp-json\/wp\/v2\/product"}],"about":[{"href":"https:\/\/gpl-love.com\/fr\/wp-json\/wp\/v2\/types\/product"}],"replies":[{"embeddable":true,"href":"https:\/\/gpl-love.com\/fr\/wp-json\/wp\/v2\/comments?post=112408"}],"wp:featuredmedia":[{"embeddable":true,"href":"https:\/\/gpl-love.com\/fr\/wp-json\/wp\/v2\/media\/145245"}],"wp:attachment":[{"href":"https:\/\/gpl-love.com\/fr\/wp-json\/wp\/v2\/media?parent=112408"}],"wp:term":[{"taxonomy":"product_brand","embeddable":true,"href":"https:\/\/gpl-love.com\/fr\/wp-json\/wp\/v2\/product_brand?post=112408"},{"taxonomy":"product_cat","embeddable":true,"href":"https:\/\/gpl-love.com\/fr\/wp-json\/wp\/v2\/product_cat?post=112408"},{"taxonomy":"product_tag","embeddable":true,"href":"https:\/\/gpl-love.com\/fr\/wp-json\/wp\/v2\/product_tag?post=112408"}],"curies":[{"name":"wp","href":"https:\/\/api.w.org\/{rel}","templated":true}]}}