{"id":112406,"date":"2025-08-03T00:00:00","date_gmt":"2025-08-02T22:00:00","guid":{"rendered":"http:\/\/gpl-love.com\/fr\/produit\/searchwp-xpdf-integration\/"},"modified":"2026-04-10T18:39:07","modified_gmt":"2026-04-10T16:39:07","slug":"searchwp-xpdf-integration","status":"publish","type":"product","link":"https:\/\/gpl-love.com\/fr\/produit\/searchwp-xpdf-integration\/","title":{"rendered":"SearchWP Xpdf Integration 1.3.2"},"content":{"rendered":"<h3>SearchWP Xpdf Integration Traits<\/h3>\n<p>L&rsquo;int\u00e9gration de recherche XPDF SearchWP est un outil remarquable et tr\u00e8s efficace qui fournit une int\u00e9gration sans faille et transparente entre deux plates-formes pro\u00e9minentes, \u00e0 savoir SearchWP et XPDF. Cette int\u00e9gration sert de catalyseur aux utilisateurs pour rechercher et indexer sans effort les fichiers PDF, am\u00e9liorant ainsi leur exp\u00e9rience globale. En vertu de cette int\u00e9gration, les utilisateurs sont habilit\u00e9s \u00e0 la possibilit\u00e9 de rechercher rapidement et commod\u00e9ment des termes sp\u00e9cifiques dans les fichiers PDF, leur permettant par la suite de parcourir les r\u00e9sultats dans leurs requ\u00eates de recherche. Ce qui distingue cet outil, ce sont les fonctionnalit\u00e9s avanc\u00e9es qu&rsquo;il offre, y compris, mais sans s&rsquo;y limiter, la mise en \u00e9vidence et la pr\u00e9visualisation des mots PDF, ce qui facilite consid\u00e9rablement les utilisateurs dans la localisation des informations qu&rsquo;ils recherchent. De plus, la facilit\u00e9 de mise en \u0153uvre de cette int\u00e9gration est vraiment louable, car elle peut \u00eatre configur\u00e9e et configur\u00e9e sans effort pour r\u00e9pondre aux exigences distinctives de toute entreprise ou organisation. En conclusion, l&rsquo;int\u00e9gration SearchWP XPDF appara\u00eet ind\u00e9niablement comme un outil inestimable pour les individus ou les entit\u00e9s cherchant \u00e0 am\u00e9liorer leurs capacit\u00e9s de recherche PDF et \u00e0 rationaliser leur flux de travail.<\/p>\n<ul>\n<li>Int\u00e9grez de mani\u00e8re transparente XPDF \u00e0 SearchWP pour am\u00e9liorer les capacit\u00e9s de recherche de documents<\/li>\n<li>Recherchez facilement les fichiers PDF par leur contenu texte, titres et autres attributs \u00e0 l&rsquo;aide de XPDF<\/li>\n<li>Filtre les r\u00e9sultats de la recherche par pertinence, date et autres param\u00e8tres pour des r\u00e9sultats plus cibl\u00e9s<\/li>\n<li>Extrait de recherche d&rsquo;acc\u00e8s et d&rsquo;affichage pour un aper\u00e7u rapide du contenu avant d&rsquo;ouvrir le fichier<\/li>\n<li>Am\u00e9liorer l&rsquo;exp\u00e9rience utilisateur et gagner du temps en fournissant des r\u00e9sultats de recherche pr\u00e9cis et efficaces<\/li>\n<li>Profitez d&rsquo;un processus de recherche rationalis\u00e9 et intuitif qui aide les utilisateurs \u00e0 trouver exactement ce qu&rsquo;ils recherchent,<\/li>\n<li>Augmenter la productivit\u00e9 et r\u00e9duire la frustration en \u00e9liminant le besoin de recherches de documents manuels<\/li>\n<li>Compatible avec une large gamme de th\u00e8mes et plugins WordPress pour une int\u00e9gration transparente avec votre flux de travail existant<\/li>\n<li>Restez \u00e0 jour avec les derni\u00e8res fonctionnalit\u00e9s et fonctionnalit\u00e9s gr\u00e2ce \u00e0 des mises \u00e0 jour et un support r\u00e9guliers.<\/li>\n<\/ul>\n","protected":false},"excerpt":{"rendered":"<p>L&rsquo;int\u00e9gration RecherchWP XPDF est un module compl\u00e9mentaire incroyablement robuste et formidable pour SearchWP, offrant aux utilisateurs la capacit\u00e9 transparente de rechercher sans effort dans leurs fichiers PDF. Cette int\u00e9gration remarquable s&rsquo;int\u00e8gre parfaitement au convertisseur PDF XPDF, simplifiant ainsi le processus de navigation dans votre vaste collection de documents PDF. En utilisant les capacit\u00e9s remarquables de l&rsquo;int\u00e9gration de recherche XPDF SearchWP, la d\u00e9couverte d&rsquo;informations pertinentes et importantes au sein de vos fichiers PDF n&rsquo;a jamais \u00e9t\u00e9 aussi sans effort. Quel que soit le contenu sp\u00e9cifique contenu dans vos fichiers PDF, qu&rsquo;il s&rsquo;agisse de rapports financiers ou de manuels techniques, cette int\u00e9gration vous aidera sans aucun doute \u00e0 localiser rapidement et efficacement ce que vous recherchez.<\/p>\n","protected":false},"featured_media":145204,"comment_status":"open","ping_status":"open","template":"","meta":[],"product_brand":[2649],"product_cat":[1189,1181,1186],"product_tag":[1343],"class_list":{"0":"post-112406","1":"product","2":"type-product","3":"status-publish","4":"has-post-thumbnail","6":"product_brand-search-wp","7":"product_cat-personnalisation","8":"product_cat-plugins","9":"product_cat-wordpress-plugins","10":"product_tag-search-wp","11":"member-discount","12":"discount-restricted","14":"first","15":"instock","16":"sale","17":"downloadable","18":"virtual","19":"sold-individually","20":"purchasable","21":"product-type-simple"},"_links":{"self":[{"href":"https:\/\/gpl-love.com\/fr\/wp-json\/wp\/v2\/product\/112406","targetHints":{"allow":["GET"]}}],"collection":[{"href":"https:\/\/gpl-love.com\/fr\/wp-json\/wp\/v2\/product"}],"about":[{"href":"https:\/\/gpl-love.com\/fr\/wp-json\/wp\/v2\/types\/product"}],"replies":[{"embeddable":true,"href":"https:\/\/gpl-love.com\/fr\/wp-json\/wp\/v2\/comments?post=112406"}],"wp:featuredmedia":[{"embeddable":true,"href":"https:\/\/gpl-love.com\/fr\/wp-json\/wp\/v2\/media\/145204"}],"wp:attachment":[{"href":"https:\/\/gpl-love.com\/fr\/wp-json\/wp\/v2\/media?parent=112406"}],"wp:term":[{"taxonomy":"product_brand","embeddable":true,"href":"https:\/\/gpl-love.com\/fr\/wp-json\/wp\/v2\/product_brand?post=112406"},{"taxonomy":"product_cat","embeddable":true,"href":"https:\/\/gpl-love.com\/fr\/wp-json\/wp\/v2\/product_cat?post=112406"},{"taxonomy":"product_tag","embeddable":true,"href":"https:\/\/gpl-love.com\/fr\/wp-json\/wp\/v2\/product_tag?post=112406"}],"curies":[{"name":"wp","href":"https:\/\/api.w.org\/{rel}","templated":true}]}}