{"id":112404,"date":"2025-03-07T00:00:00","date_gmt":"2025-03-06T23:00:00","guid":{"rendered":"http:\/\/gpl-love.com\/fr\/produit\/searchwp-wpml-integration\/"},"modified":"2026-04-10T18:39:06","modified_gmt":"2026-04-10T16:39:06","slug":"searchwp-wpml-integration","status":"publish","type":"product","link":"https:\/\/gpl-love.com\/fr\/produit\/searchwp-wpml-integration\/","title":{"rendered":"SearchWP WPML Integration 1.7.2"},"content":{"rendered":"<h3>SearchWP WPML Integration Traits<\/h3>\n<p>L&rsquo;int\u00e9gration WPML SearchWP, un outil remarquablement puissant, fusionne parfaitement le plugin SearchWP largement acclam\u00e9 avec le plugin de traduction WPML le mieux not\u00e9. Cette int\u00e9gration exceptionnelle accorde aux utilisateurs la capacit\u00e9 sans effort \u00e0 explorer le contenu traduit sur leur site WordPress multilingue en exploitant la formidable fonctionnalit\u00e9 de recherche de SearchWP. Gr\u00e2ce \u00e0 cette int\u00e9gration transparente, les utilisateurs peuvent rechercher et r\u00e9cup\u00e9rer sans effort un contenu dans une multitude de langues, englobant un \u00e9ventail de champs personnalis\u00e9s, de taxonomies et de types de poste. En plus de cela, l&rsquo;int\u00e9gration WPML SearchWP offre aux utilisateurs la capacit\u00e9 inestimable \u00e0 adapter les r\u00e9sultats de recherche selon le langage, solidant ainsi son statut comme un atout indispensable pour les sites Web multilingues. Dans l&rsquo;ensemble, cette int\u00e9gration sert \u00e0 rationaliser le processus de recherche pour les sites multilingues, donnant aux utilisateurs des r\u00e9sultats de recherche pr\u00e9cis et pertinents dans leur langue pr\u00e9f\u00e9r\u00e9e.<\/p>\n<ul>\n<li>Int\u00e8gre de mani\u00e8re transparente SearchWP avec WPML pour les capacit\u00e9s de recherche multilingue<\/li>\n<li>Permet une recherche efficace et pr\u00e9cise dans plusieurs langues sur votre site WordPress<\/li>\n<li>Compatible avec toutes les fonctionnalit\u00e9s de recherche de SearchWP, y compris la mise en \u00e9vidence des mots cl\u00e9s et la correspondance floue<\/li>\n<li>Facile \u00e0 configurer et \u00e0 configurer avec le syst\u00e8me de gestion de la traduction de WPML<\/li>\n<li>Fournit une solution de recherche puissante pour les sites avec un public global ou des versions linguistiques multiples<\/li>\n<li>Am\u00e9liore l&rsquo;exp\u00e9rience utilisateur en \u00e9liminant les barri\u00e8res linguistiques pour les fonctionnalit\u00e9s de recherche<\/li>\n<li>Offre la prise en charge et les mises \u00e0 jour pour la compatibilit\u00e9 continue et les performances optimales.<\/li>\n<\/ul>\n","protected":false},"excerpt":{"rendered":"<p>L&rsquo;int\u00e9gration WPML SearchWP repr\u00e9sente un outil remarquablement puissant qui amplifie consid\u00e9rablement la fonctionnalit\u00e9 de recherche de votre site WordPress, engendrant une exp\u00e9rience utilisateur am\u00e9lior\u00e9e. Cette int\u00e9gration facilite de mani\u00e8re transparente la traduction des termes de recherche, permettant ainsi aux utilisateurs de se procurer de contenu dans leur langue pr\u00e9f\u00e9r\u00e9e. En outre, il fait consid\u00e9rablement progresser la pertinence et la pr\u00e9cision des r\u00e9sultats de recherche. En vous profitant de l&rsquo;int\u00e9gration SearchWP WPML, vous accorderez sans aucun doute \u00e0 votre public multilingue une exp\u00e9rience utilisateur in\u00e9gal\u00e9e.<\/p>\n","protected":false},"featured_media":145203,"comment_status":"open","ping_status":"open","template":"","meta":[],"product_brand":[2649],"product_cat":[1189,1181,1186],"product_tag":[1343],"class_list":{"0":"post-112404","1":"product","2":"type-product","3":"status-publish","4":"has-post-thumbnail","6":"product_brand-search-wp","7":"product_cat-personnalisation","8":"product_cat-plugins","9":"product_cat-wordpress-plugins","10":"product_tag-search-wp","11":"member-discount","12":"discount-restricted","14":"first","15":"instock","16":"sale","17":"downloadable","18":"virtual","19":"sold-individually","20":"purchasable","21":"product-type-simple"},"_links":{"self":[{"href":"https:\/\/gpl-love.com\/fr\/wp-json\/wp\/v2\/product\/112404","targetHints":{"allow":["GET"]}}],"collection":[{"href":"https:\/\/gpl-love.com\/fr\/wp-json\/wp\/v2\/product"}],"about":[{"href":"https:\/\/gpl-love.com\/fr\/wp-json\/wp\/v2\/types\/product"}],"replies":[{"embeddable":true,"href":"https:\/\/gpl-love.com\/fr\/wp-json\/wp\/v2\/comments?post=112404"}],"wp:featuredmedia":[{"embeddable":true,"href":"https:\/\/gpl-love.com\/fr\/wp-json\/wp\/v2\/media\/145203"}],"wp:attachment":[{"href":"https:\/\/gpl-love.com\/fr\/wp-json\/wp\/v2\/media?parent=112404"}],"wp:term":[{"taxonomy":"product_brand","embeddable":true,"href":"https:\/\/gpl-love.com\/fr\/wp-json\/wp\/v2\/product_brand?post=112404"},{"taxonomy":"product_cat","embeddable":true,"href":"https:\/\/gpl-love.com\/fr\/wp-json\/wp\/v2\/product_cat?post=112404"},{"taxonomy":"product_tag","embeddable":true,"href":"https:\/\/gpl-love.com\/fr\/wp-json\/wp\/v2\/product_tag?post=112404"}],"curies":[{"name":"wp","href":"https:\/\/api.w.org\/{rel}","templated":true}]}}