{"id":112402,"date":"2025-08-03T00:00:00","date_gmt":"2025-08-02T22:00:00","guid":{"rendered":"http:\/\/gpl-love.com\/fr\/produit\/searchwp-wp-job-manager-integration\/"},"modified":"2026-04-10T18:38:55","modified_gmt":"2026-04-10T16:38:55","slug":"searchwp-wp-job-manager-integration","status":"publish","type":"product","link":"https:\/\/gpl-love.com\/fr\/produit\/searchwp-wp-job-manager-integration\/","title":{"rendered":"SearchWP Job Manager Integration 1.6.2"},"content":{"rendered":"<h3>SearchWP Job Manager Integration Traits<\/h3>\n<p>L&rsquo;int\u00e9gration Recherchewp Job Manager, qui s&rsquo;int\u00e8gre de mani\u00e8re transparente au plugin de gestionnaire de travail largement utilis\u00e9 pour WordPress, offre une solution robuste et efficace pour les propri\u00e9taires de sites Web visant \u00e0 fournir \u00e0 leurs utilisateurs une fonctionnalit\u00e9 de recherche d&#8217;emploi am\u00e9lior\u00e9e. En permettant aux utilisateurs d&rsquo;explorer sans effort les listes d&#8217;emplois sur leur site Web, cette int\u00e9gration rend le processus de recherche de l&rsquo;opportunit\u00e9 d&#8217;emploi id\u00e9ale. \u00c9quip\u00e9s d&rsquo;une gamme de capacit\u00e9s de recherche avanc\u00e9es, les individus peuvent identifier sans effort le travail parfait qui s&rsquo;aligne sur leurs exigences sp\u00e9cifiques, qu&rsquo;ils recherchent des postes \u00e0 temps plein ou \u00e0 temps partiel, travaillent \u00e0 distance ou sur place, ou poursuivre tout autre type de emploi. Sans aucun doute, l&rsquo;int\u00e9gration SearchWP Job Manager sert d&rsquo;outil indispensable pour les propri\u00e9taires de sites Web qui se sont engag\u00e9s \u00e0 offrir une exp\u00e9rience de recherche d&#8217;emploi in\u00e9gal\u00e9e \u00e0 leurs utilisateurs estim\u00e9s.<\/p>\n<ul>\n<li>Int\u00e9grez de mani\u00e8re transparente SearchWP \u00e0 Job Manager pour am\u00e9liorer les fonctionnalit\u00e9s de recherche d&#8217;emploi sur votre site Web.<\/li>\n<li>Am\u00e9liorez l&rsquo;exp\u00e9rience utilisateur de votre site Web en permettant aux utilisateurs de rechercher et de filtrer facilement les listes de travaux \u00e0 l&rsquo;aide de puissantes capacit\u00e9s de recherche de SearchWP.<\/li>\n<li>Personnalisez vos r\u00e9sultats de recherche d&#8217;emploi en affichant uniquement les travaux les plus pertinents en fonction des mots cl\u00e9s, des cat\u00e9gories et des types de travaux.<\/li>\n<li>\u00c9conomisez du temps et des ressources en permettant aux demandeurs d&#8217;emploi de trouver rapidement le bon emploi, conduisant \u00e0 des taux d&rsquo;engagement et de r\u00e9tention plus \u00e9lev\u00e9s.<\/li>\n<li>Installation et configuration faciles, avec une documentation claire et un support disponibles aupr\u00e8s de l&rsquo;\u00e9quipe SearchWP.<\/li>\n<\/ul>\n","protected":false},"excerpt":{"rendered":"<p>L&rsquo;int\u00e9gration Recherchwp Job Manager est un outil extr\u00eamement puissant et efficace qui harmonise de mani\u00e8re transparente votre syst\u00e8me de gestion de l&#8217;emploi avec les fonctionnalit\u00e9s de la recherche de votre site Web. En offrant aux visiteurs la commodit\u00e9 de passer sans effort \u00e0 traverse et \u00e0 affiner leurs r\u00e9sultats de recherche au milieu de la pl\u00e9thore des listes d&#8217;emplois sur votre site Web, cette int\u00e9gration am\u00e9liore consid\u00e9rablement leur exp\u00e9rience utilisateur et augmente consid\u00e9rablement leur probabilit\u00e9 de d\u00e9nicher avec succ\u00e8s leur profession id\u00e9ale. B\u00e9n\u00e9ficiant d&rsquo;une proc\u00e9dure d&rsquo;installation simple et d&rsquo;un assortiment de param\u00e8tres personnalisables, l&rsquo;int\u00e9gration SearchWP Job Manager est un outil indispensable pour toute entreprise cherchant \u00e0 amplifier l&rsquo;efficacit\u00e9 et l&rsquo;efficacit\u00e9 de leur processus de recrutement en ligne.<\/p>\n","protected":false},"featured_media":145187,"comment_status":"open","ping_status":"open","template":"","meta":[],"product_brand":[2649],"product_cat":[1189,1181,1186],"product_tag":[1343],"class_list":{"0":"post-112402","1":"product","2":"type-product","3":"status-publish","4":"has-post-thumbnail","6":"product_brand-search-wp","7":"product_cat-personnalisation","8":"product_cat-plugins","9":"product_cat-wordpress-plugins","10":"product_tag-search-wp","11":"member-discount","12":"discount-restricted","14":"first","15":"instock","16":"sale","17":"downloadable","18":"virtual","19":"sold-individually","20":"purchasable","21":"product-type-simple"},"_links":{"self":[{"href":"https:\/\/gpl-love.com\/fr\/wp-json\/wp\/v2\/product\/112402","targetHints":{"allow":["GET"]}}],"collection":[{"href":"https:\/\/gpl-love.com\/fr\/wp-json\/wp\/v2\/product"}],"about":[{"href":"https:\/\/gpl-love.com\/fr\/wp-json\/wp\/v2\/types\/product"}],"replies":[{"embeddable":true,"href":"https:\/\/gpl-love.com\/fr\/wp-json\/wp\/v2\/comments?post=112402"}],"wp:featuredmedia":[{"embeddable":true,"href":"https:\/\/gpl-love.com\/fr\/wp-json\/wp\/v2\/media\/145187"}],"wp:attachment":[{"href":"https:\/\/gpl-love.com\/fr\/wp-json\/wp\/v2\/media?parent=112402"}],"wp:term":[{"taxonomy":"product_brand","embeddable":true,"href":"https:\/\/gpl-love.com\/fr\/wp-json\/wp\/v2\/product_brand?post=112402"},{"taxonomy":"product_cat","embeddable":true,"href":"https:\/\/gpl-love.com\/fr\/wp-json\/wp\/v2\/product_cat?post=112402"},{"taxonomy":"product_tag","embeddable":true,"href":"https:\/\/gpl-love.com\/fr\/wp-json\/wp\/v2\/product_tag?post=112402"}],"curies":[{"name":"wp","href":"https:\/\/api.w.org\/{rel}","templated":true}]}}