{"id":112400,"date":"2023-02-07T00:00:00","date_gmt":"2023-02-06T23:00:00","guid":{"rendered":"http:\/\/gpl-love.com\/fr\/produit\/searchwp-wp-document-revisions-integration\/"},"modified":"2026-04-10T18:38:51","modified_gmt":"2026-04-10T16:38:51","slug":"searchwp-wp-document-revisions-integration","status":"publish","type":"product","link":"https:\/\/gpl-love.com\/fr\/produit\/searchwp-wp-document-revisions-integration\/","title":{"rendered":"SearchWP Document Revisions Integration 1.1.0"},"content":{"rendered":"<h3>SearchWP Document Revisions Integration Traits<\/h3>\n<p>L&rsquo;int\u00e9gration entre SearchWP et les r\u00e9visions de documents offre une approche tr\u00e8s efficace et rationalis\u00e9e pour rechercher des r\u00e9visions de documents dans la plate-forme WordPress. Gr\u00e2ce \u00e0 l&rsquo;int\u00e9gration transparente fournie par ce plugin, les utilisateurs sont autoris\u00e9s \u00e0 naviguer sans effort dans les diff\u00e9rentes r\u00e9visions de leurs documents, en tirant parti des capacit\u00e9s de recherche qui englobent le contenu, le titre, l&rsquo;extrait et m\u00eame les champs personnalis\u00e9s. En \u00e9liminant le besoin de tamisage manuel, cette int\u00e9gration acc\u00e9l\u00e8re le processus de localisation des versions de documents pr\u00e9c\u00e9dentes, am\u00e9liorant consid\u00e9rablement la fonctionnalit\u00e9 globale et l&rsquo;exp\u00e9rience utilisateur de la plate-forme WordPress. Par cons\u00e9quent, la gestion et le suivi des r\u00e9visions de documents devient une entreprise plus transparente et conviviale.<\/p>\n<ul>\n<li>Int\u00e9grer le plugin SearchWP avec la fonctionnalit\u00e9 des r\u00e9visions de documents dans WordPress<\/li>\n<li>Permet aux utilisateurs de rechercher dans les r\u00e9visions de documents sur le site Web<\/li>\n<li>Rationalise le processus de recherche de versions sp\u00e9cifiques de documents<\/li>\n<li>Gave du temps et des efforts pour les administrateurs et les utilisateurs de sites Web<\/li>\n<li>Am\u00e9liore l&rsquo;exp\u00e9rience utilisateur globale sur le site Web<\/li>\n<li>Facile \u00e0 installer et \u00e0 configurer<\/li>\n<li>Fonctionne de mani\u00e8re transparente avec la recherche et les r\u00e9visions de documents<\/li>\n<li>Enti\u00e8rement pris en charge par l&rsquo;\u00e9quipe SearchWP avec des mises \u00e0 jour et des am\u00e9liorations r\u00e9guli\u00e8res<\/li>\n<li>S&rsquo;adresse aux sites Web qui mettent fr\u00e9quemment \u00e0 jour et r\u00e9viser les documents<\/li>\n<li>Hautement recommand\u00e9 pour les sites Web avec de grands volumes de mises \u00e0 jour de contenu et de r\u00e9visions.<\/li>\n<\/ul>\n","protected":false},"excerpt":{"rendered":"<p>L&rsquo;int\u00e9gration des r\u00e9visions de documents SearchWP s&rsquo;av\u00e8re \u00eatre un outil extr\u00eamement puissant, garantissant la pr\u00e9servation perp\u00e9tuelle des modifications importantes apport\u00e9es \u00e0 vos documents. En vous int\u00e9grant de mani\u00e8re transparente \u00e0 SearchWP, ce plugin d&rsquo;int\u00e9gration vous permet de parcourir sans effort par chaque variante de chaque document de votre site Web, ce qui rend la possibilit\u00e9 de n\u00e9gliger les informations cruciales obsol\u00e8tes. L&rsquo;interface con\u00e7ue intuitivement offre une exp\u00e9rience conviviale, simplifiant le processus de localisation de la r\u00e9vision du document souhait\u00e9 tout en maximisant l&rsquo;efficacit\u00e9. Par cons\u00e9quent, il n&rsquo;y a aucune raison de retarder! Embrassez les progr\u00e8s en t\u00e9l\u00e9chargeant le plugin d&rsquo;int\u00e9gration des r\u00e9visions de documents SearchWP d\u00e8s aujourd&rsquo;hui et \u00e9levez votre gestion de documents \u00e0 des hauteurs sans pr\u00e9c\u00e9dent!<\/p>\n","protected":false},"featured_media":145180,"comment_status":"open","ping_status":"open","template":"","meta":[],"product_brand":[2649],"product_cat":[1189,1181,1186],"product_tag":[1343],"class_list":{"0":"post-112400","1":"product","2":"type-product","3":"status-publish","4":"has-post-thumbnail","6":"product_brand-search-wp","7":"product_cat-personnalisation","8":"product_cat-plugins","9":"product_cat-wordpress-plugins","10":"product_tag-search-wp","11":"member-discount","12":"discount-restricted","14":"first","15":"instock","16":"sale","17":"downloadable","18":"virtual","19":"sold-individually","20":"purchasable","21":"product-type-simple"},"_links":{"self":[{"href":"https:\/\/gpl-love.com\/fr\/wp-json\/wp\/v2\/product\/112400","targetHints":{"allow":["GET"]}}],"collection":[{"href":"https:\/\/gpl-love.com\/fr\/wp-json\/wp\/v2\/product"}],"about":[{"href":"https:\/\/gpl-love.com\/fr\/wp-json\/wp\/v2\/types\/product"}],"replies":[{"embeddable":true,"href":"https:\/\/gpl-love.com\/fr\/wp-json\/wp\/v2\/comments?post=112400"}],"wp:featuredmedia":[{"embeddable":true,"href":"https:\/\/gpl-love.com\/fr\/wp-json\/wp\/v2\/media\/145180"}],"wp:attachment":[{"href":"https:\/\/gpl-love.com\/fr\/wp-json\/wp\/v2\/media?parent=112400"}],"wp:term":[{"taxonomy":"product_brand","embeddable":true,"href":"https:\/\/gpl-love.com\/fr\/wp-json\/wp\/v2\/product_brand?post=112400"},{"taxonomy":"product_cat","embeddable":true,"href":"https:\/\/gpl-love.com\/fr\/wp-json\/wp\/v2\/product_cat?post=112400"},{"taxonomy":"product_tag","embeddable":true,"href":"https:\/\/gpl-love.com\/fr\/wp-json\/wp\/v2\/product_tag?post=112400"}],"curies":[{"name":"wp","href":"https:\/\/api.w.org\/{rel}","templated":true}]}}