{"id":112398,"date":"2025-01-16T00:00:00","date_gmt":"2025-01-15T23:00:00","guid":{"rendered":"http:\/\/gpl-love.com\/fr\/produit\/searchwp-woocommerce-integration\/"},"modified":"2026-04-10T18:39:04","modified_gmt":"2026-04-10T16:39:04","slug":"searchwp-woocommerce-integration","status":"publish","type":"product","link":"https:\/\/gpl-love.com\/fr\/produit\/searchwp-woocommerce-integration\/","title":{"rendered":"SearchWP WooCommerce Integration 1.4.1"},"content":{"rendered":"<h3>SearchWP WooCommerce Integration Traits<\/h3>\n<p>L&rsquo;int\u00e9gration WOOCommerce SearchWP sert de solution robuste et influente qui permet aux propri\u00e9taires de magasins WooCommerce la possibilit\u00e9 d&rsquo;optimiser et d&rsquo;enrichir les fonctionnalit\u00e9s de recherche de leurs sites Web. En mettant en \u0153uvre cette int\u00e9gration, les clients re\u00e7oivent la commodit\u00e9 de localiser sans effort leurs produits souhait\u00e9s, d&rsquo;amplifiant ainsi leur exp\u00e9rience d&rsquo;achat globale et d&rsquo;augmenter par la suite les ventes. Cette int\u00e9gration profite \u00e0 une myriade de capacit\u00e9s de recherche avanc\u00e9es, englobant le filtrage, la saisie semi-automatique et la pond\u00e9ration de recherche, qui collaborent en synergie pour fournir aux utilisateurs des r\u00e9sultats de recherche qui sont non seulement plus pr\u00e9cis mais aussi plus pertinents \u00e0 leurs requ\u00eates pr\u00e9vues. En outre, l&rsquo;installation et la configuration de cette int\u00e9gration sont une entreprise simple, et sa compatibilit\u00e9 transparente avec WooCommerce le rend un choix extr\u00eamement louable pour tout propri\u00e9taire de magasin WooCommerce en ayant un d\u00e9sir d&rsquo;optimiser les fonctionnalit\u00e9s de recherche de leur site Web. Avec l&rsquo;incorporation transparente de SearchWP WooCommerce Int\u00e9gration, soyez assur\u00e9 que vos clients pourront d\u00e9couvrir rapidement ce qu&rsquo;ils recherchent, provoquant ainsi une augmentation notable des ventes de votre magasin.<\/p>\n<ul>\n<li>Int\u00e8gre de mani\u00e8re transparente SearchWP \u00e0 votre boutique WooCommerce<\/li>\n<li>Am\u00e9liore la fonctionnalit\u00e9 de recherche de produits pour vos clients<\/li>\n<li>Permet des r\u00e9sultats de recherche personnalis\u00e9s pour des cat\u00e9gories ou des attributs de produits sp\u00e9cifiques<\/li>\n<li>Augmente la vitesse du site en r\u00e9duisant les requ\u00eates de base de donn\u00e9es inutiles<\/li>\n<li>Fournit des journaux de recherche d\u00e9taill\u00e9s pour de meilleures informations clients<\/li>\n<li>Facilite la configuration et la configuration faciles avec une interface intuitive<\/li>\n<li>Prend en charge la recherche multilingue avec la compatibilit\u00e9 WPML<\/li>\n<li>Offre un support client de premier ordre et des mises \u00e0 jour r\u00e9guli\u00e8res<\/li>\n<\/ul>\n","protected":false},"excerpt":{"rendered":"<p>L&rsquo;int\u00e9gration SearchWP WooCommerce est un outil incroyablement robuste qui optimise efficacement et am\u00e9liore l&rsquo;exp\u00e9rience de recherche de votre boutique en ligne. Son objectif est de faciliter vos clients en trouvant sans effort et rapidement ce qu&rsquo;ils d\u00e9sirent, tout en vous fournissant simultan\u00e9ment des donn\u00e9es compl\u00e8tes et perspicaces concernant les performances de votre magasin. Au moyen de cette int\u00e9gration, vous poss\u00e9dez la capacit\u00e9 d&rsquo;adapter vos param\u00e8tres de recherche afin de g\u00e9n\u00e9rer des r\u00e9sultats de recherche beaucoup plus pertinents, ainsi que de personnaliser l&rsquo;apparence de ces r\u00e9sultats en fonction de vos pr\u00e9f\u00e9rences. De plus, vous avez la capacit\u00e9 de surveiller et d&rsquo;analyser le comportement des utilisateurs lors de leurs activit\u00e9s de recherche. Peu importe que votre objectif soit d&rsquo;\u00e9lever votre taux de conversion ou d&rsquo;augmenter la satisfaction globale de vos clients, l&rsquo;int\u00e9gration SearchWP WooCommerce est sans aucun doute le choix optimal pour tout d\u00e9taillant en ligne.<\/p>\n","protected":false},"featured_media":145200,"comment_status":"open","ping_status":"open","template":"","meta":[],"product_brand":[2649],"product_cat":[1189,1181,1186],"product_tag":[1343],"class_list":{"0":"post-112398","1":"product","2":"type-product","3":"status-publish","4":"has-post-thumbnail","6":"product_brand-search-wp","7":"product_cat-personnalisation","8":"product_cat-plugins","9":"product_cat-wordpress-plugins","10":"product_tag-search-wp","11":"member-discount","12":"discount-restricted","14":"first","15":"instock","16":"sale","17":"downloadable","18":"virtual","19":"sold-individually","20":"purchasable","21":"product-type-simple"},"_links":{"self":[{"href":"https:\/\/gpl-love.com\/fr\/wp-json\/wp\/v2\/product\/112398","targetHints":{"allow":["GET"]}}],"collection":[{"href":"https:\/\/gpl-love.com\/fr\/wp-json\/wp\/v2\/product"}],"about":[{"href":"https:\/\/gpl-love.com\/fr\/wp-json\/wp\/v2\/types\/product"}],"replies":[{"embeddable":true,"href":"https:\/\/gpl-love.com\/fr\/wp-json\/wp\/v2\/comments?post=112398"}],"wp:featuredmedia":[{"embeddable":true,"href":"https:\/\/gpl-love.com\/fr\/wp-json\/wp\/v2\/media\/145200"}],"wp:attachment":[{"href":"https:\/\/gpl-love.com\/fr\/wp-json\/wp\/v2\/media?parent=112398"}],"wp:term":[{"taxonomy":"product_brand","embeddable":true,"href":"https:\/\/gpl-love.com\/fr\/wp-json\/wp\/v2\/product_brand?post=112398"},{"taxonomy":"product_cat","embeddable":true,"href":"https:\/\/gpl-love.com\/fr\/wp-json\/wp\/v2\/product_cat?post=112398"},{"taxonomy":"product_tag","embeddable":true,"href":"https:\/\/gpl-love.com\/fr\/wp-json\/wp\/v2\/product_tag?post=112398"}],"curies":[{"name":"wp","href":"https:\/\/api.w.org\/{rel}","templated":true}]}}