{"id":112396,"date":"2021-03-02T00:00:00","date_gmt":"2021-03-01T23:00:00","guid":{"rendered":"http:\/\/gpl-love.com\/fr\/produit\/searchwp-term-synonyms\/"},"modified":"2026-04-10T18:39:03","modified_gmt":"2026-04-10T16:39:03","slug":"searchwp-term-synonyms","status":"publish","type":"product","link":"https:\/\/gpl-love.com\/fr\/produit\/searchwp-term-synonyms\/","title":{"rendered":"SearchWP Term Synonyms 2.4.14"},"content":{"rendered":"<h3>SearchWP Term Synonyms Traits<\/h3>\n<p>SearchWP Term Synonymes est un plugin WordPress robuste qui am\u00e9liore consid\u00e9rablement la fonctionnalit\u00e9 de recherche de votre site Web en vous accordant la capacit\u00e9 de d\u00e9finir et d&rsquo;incorporer m\u00e9ticuleusement les synonymes pour vos termes de recherche, facilitant ainsi une exp\u00e9rience de recherche plus compl\u00e8te et plus pr\u00e9cise pour vos utilisateurs. Ce plugin exceptionnel s&rsquo;int\u00e8gre parfaitement \u00e0 votre moteur de recherche pr\u00e9existant, vous permettant de d\u00e9signer sans effort des synonymes pour des termes individuels, des phrases ou m\u00eame des cat\u00e9gories enti\u00e8res. De plus, il poss\u00e8de des fonctionnalit\u00e9s avanc\u00e9es, telles que l&rsquo;exclusion de certains termes de la recherche ou l&rsquo;application d&rsquo;un terme sp\u00e9cifique \u00e0 rechercher. Sans aucun doute, cet outil indispensable est une n\u00e9cessit\u00e9 absolue pour tout site Web qui repose fortement sur l&rsquo;efficacit\u00e9 de sa fonctionnalit\u00e9 de recherche.<\/p>\n<ul>\n<li>Am\u00e9lioration des fonctionnalit\u00e9s de recherche sur votre site Web<\/li>\n<li>Synonymes automatiques pour les termes de recherche<\/li>\n<li>Int\u00e9gration facile avec le plugin SearchWP<\/li>\n<li>Meilleure exp\u00e9rience utilisateur pour les visiteurs<\/li>\n<li>Efficacit\u00e9 accrue pour les administrateurs du site<\/li>\n<li>R\u00e8gles flexibles pour personnaliser les synonymes<\/li>\n<li>R\u00e9sultats de recherche am\u00e9lior\u00e9s et engagement plus \u00e9lev\u00e9<\/li>\n<li>Interface facile \u00e0 utiliser pour g\u00e9rer les synonymes<\/li>\n<li>Am\u00e9lioration de la pertinence des r\u00e9sultats de recherche<\/li>\n<li>Int\u00e9gration avec WooCommerce pour une meilleure recherche de produits<\/li>\n<li>Compatibilit\u00e9 avec la plupart des th\u00e8mes et plugins WordPress.<\/li>\n<\/ul>\n","protected":false},"excerpt":{"rendered":"<p>SearchWP Term Synonymes est un plugin tr\u00e8s efficace et convivial qui a \u00e9t\u00e9 con\u00e7u avec compr\u00e9hension pour am\u00e9liorer consid\u00e9rablement la pr\u00e9cision et l&rsquo;exactitude des r\u00e9sultats de recherche sur votre site Web estim\u00e9. En proposant et en offrant des synonymes pour des termes qui sont r\u00e9guli\u00e8rement et fr\u00e9quemment recherch\u00e9s par les utilisateurs, cet outil ph\u00e9nom\u00e9nal fournit une assistance inestimable pour faciliter les utilisateurs en localisant sans effort et rapidement ce qu&rsquo;ils recherchent avec ferveur. En outre, ce plugin remarquable diminue consid\u00e9rablement la probabilit\u00e9 d&rsquo;opportunit\u00e9s manqu\u00e9es qui peuvent survenir en cons\u00e9quence directe des disparit\u00e9s dans le langage et la terminologie. Arm\u00e9 des capacit\u00e9s formidables de la recherche de termes de recherche, vous pouvez soutenir sans effort l&rsquo;exp\u00e9rience utilisateur globale \u00e0 des hauteurs sans pr\u00e9c\u00e9dent, tout en augmentant simultan\u00e9ment la vision et la pro\u00e9minence de votre contenu inestimable.<\/p>\n","protected":false},"featured_media":145199,"comment_status":"open","ping_status":"open","template":"","meta":[],"product_brand":[2649],"product_cat":[1189,1181,1186],"product_tag":[1343],"class_list":{"0":"post-112396","1":"product","2":"type-product","3":"status-publish","4":"has-post-thumbnail","6":"product_brand-search-wp","7":"product_cat-personnalisation","8":"product_cat-plugins","9":"product_cat-wordpress-plugins","10":"product_tag-search-wp","11":"member-discount","12":"discount-restricted","14":"first","15":"instock","16":"sale","17":"downloadable","18":"virtual","19":"sold-individually","20":"purchasable","21":"product-type-simple"},"_links":{"self":[{"href":"https:\/\/gpl-love.com\/fr\/wp-json\/wp\/v2\/product\/112396","targetHints":{"allow":["GET"]}}],"collection":[{"href":"https:\/\/gpl-love.com\/fr\/wp-json\/wp\/v2\/product"}],"about":[{"href":"https:\/\/gpl-love.com\/fr\/wp-json\/wp\/v2\/types\/product"}],"replies":[{"embeddable":true,"href":"https:\/\/gpl-love.com\/fr\/wp-json\/wp\/v2\/comments?post=112396"}],"wp:featuredmedia":[{"embeddable":true,"href":"https:\/\/gpl-love.com\/fr\/wp-json\/wp\/v2\/media\/145199"}],"wp:attachment":[{"href":"https:\/\/gpl-love.com\/fr\/wp-json\/wp\/v2\/media?parent=112396"}],"wp:term":[{"taxonomy":"product_brand","embeddable":true,"href":"https:\/\/gpl-love.com\/fr\/wp-json\/wp\/v2\/product_brand?post=112396"},{"taxonomy":"product_cat","embeddable":true,"href":"https:\/\/gpl-love.com\/fr\/wp-json\/wp\/v2\/product_cat?post=112396"},{"taxonomy":"product_tag","embeddable":true,"href":"https:\/\/gpl-love.com\/fr\/wp-json\/wp\/v2\/product_tag?post=112396"}],"curies":[{"name":"wp","href":"https:\/\/api.w.org\/{rel}","templated":true}]}}