{"id":112394,"date":"2021-03-02T00:00:00","date_gmt":"2021-03-01T23:00:00","guid":{"rendered":"http:\/\/gpl-love.com\/fr\/produit\/searchwp-term-highlight\/"},"modified":"2026-04-10T18:39:02","modified_gmt":"2026-04-10T16:39:02","slug":"searchwp-term-highlight","status":"publish","type":"product","link":"https:\/\/gpl-love.com\/fr\/produit\/searchwp-term-highlight\/","title":{"rendered":"SearchWP Term Highlight 2.1.14"},"content":{"rendered":"<h3>SearchWP Term Highlight Traits<\/h3>\n<p>Le terme SearchWP Trew Sight Highlight, une ressource innovante et tr\u00e8s b\u00e9n\u00e9fique, offre aux utilisateurs la capacit\u00e9 de souligner efficacement les termes et phrases pertinents dans leurs r\u00e9sultats de recherche. Gr\u00e2ce \u00e0 l&rsquo;utilisation de cet outil, les individus ont la possibilit\u00e9 de personnaliser sans effort la couleur et le style de ces points forts, facilitant finalement l&rsquo;identification rapide d&rsquo;informations cruciales concernant leurs requ\u00eates de recherche. En outre, l&rsquo;outil Recherchewp Term Sight Highlight poss\u00e8de une nature impressionnante adaptable, accordant aux utilisateurs la libert\u00e9 de s\u00e9lectionner les termes et phrases sp\u00e9cifiques \u00e0 mettre en \u00e9vidence et lesquels ne sont pas. Par cons\u00e9quent, cet outil sert d&rsquo;option exceptionnelle \u00e0 ceux qui cherchent \u00e0 am\u00e9liorer la fonctionnalit\u00e9 de recherche et \u00e0 optimiser l&rsquo;exp\u00e9rience utilisateur sur leurs sites Web respectifs.<\/p>\n<ul>\n<li>Mettez rapidement en \u00e9vidence les termes de recherche sur votre site Web pour une meilleure visibilit\u00e9<\/li>\n<li>Configurez facilement les termes de recherche mis en surbrillance et comment ils apparaissent<\/li>\n<li>Compatible avec une vari\u00e9t\u00e9 de th\u00e8mes et plugins WordPress<\/li>\n<li>Fournit une exp\u00e9rience utilisateur sans couture pour les visiteurs du site Web<\/li>\n<li>Aide les propri\u00e9taires de sites Web \u00e0 augmenter l&rsquo;engagement et \u00e0 am\u00e9liorer la recherche<\/li>\n<li>Peut \u00eatre personnalis\u00e9 pour correspondre \u00e0 la marque et \u00e0 la conception de votre site Web<\/li>\n<li>Propose des analyses d\u00e9taill\u00e9es pour suivre la popularit\u00e9 et les tendances du terme de recherche<\/li>\n<li>R\u00e9guli\u00e8rement mis \u00e0 jour avec de nouvelles fonctionnalit\u00e9s et am\u00e9liorations<\/li>\n<li>Interface conviviale et intuitive pour une configuration et une gestion faciles<\/li>\n<li>Fournit un excellent support client pour tous les besoins de d\u00e9pannage.<\/li>\n<\/ul>\n","protected":false},"excerpt":{"rendered":"<p>Le terme RecherchWP est un plugin tr\u00e8s formidable et influent con\u00e7u pour mettre en \u00e9vidence efficacement et avec comp\u00e9tence chaque occurrence et manifestation des termes de recherche qui sont utilis\u00e9s et utilis\u00e9s par les visiteurs et les utilisateurs de votre site Web estim\u00e9 et estim\u00e9 ou une boutique en ligne estim\u00e9e et estim\u00e9e. Ce plugin m\u00e9ticuleusement con\u00e7u et m\u00e9ticuleusement con\u00e7u et pr\u00e9sente une mani\u00e8re et une m\u00e9thode remarquablement pratiques et conviviales pour tirer parti et utiliser des termes de recherche, permettant et facilitant ainsi la navigation simple et sans tracas et la travers\u00e9e du contenu abondant et volumineux disponible et disponible et sans tracas accessible sur votre site Web ou votre boutique en ligne. Avec les capacit\u00e9s et fonctionnalit\u00e9s remarquables et exceptionnelles qui sont offertes et propos\u00e9es par le terme SearchWP Highlight, vos visiteurs et utilisateurs pr\u00e9cieux et estim\u00e9s peuvent localiser et acc\u00e9l\u00e9rer rapidement et rapidement ce qu&rsquo;ils recherchent ardemment et avec enthousiasme dans un court laps de temps remarquablement court et avec enthousiasme dans un court laps de temps remarquablement court et avec enthousiasme dans un court laps de temps remarquablement court en un court laps de temps remarquablement en un peu de temps de courtois , assurant et garantissent ainsi invariablement une exp\u00e9rience utilisateur tr\u00e8s satisfaisante et gratifiante qui est tenue d&rsquo;engendrer et de favoriser l&rsquo;engagement et l&rsquo;interaction accrus et am\u00e9lior\u00e9s.<\/p>\n","protected":false},"featured_media":145198,"comment_status":"open","ping_status":"open","template":"","meta":[],"product_brand":[2649],"product_cat":[1189,1181,1186],"product_tag":[1343],"class_list":{"0":"post-112394","1":"product","2":"type-product","3":"status-publish","4":"has-post-thumbnail","6":"product_brand-search-wp","7":"product_cat-personnalisation","8":"product_cat-plugins","9":"product_cat-wordpress-plugins","10":"product_tag-search-wp","11":"member-discount","12":"discount-restricted","14":"first","15":"instock","16":"sale","17":"downloadable","18":"virtual","19":"sold-individually","20":"purchasable","21":"product-type-simple"},"_links":{"self":[{"href":"https:\/\/gpl-love.com\/fr\/wp-json\/wp\/v2\/product\/112394","targetHints":{"allow":["GET"]}}],"collection":[{"href":"https:\/\/gpl-love.com\/fr\/wp-json\/wp\/v2\/product"}],"about":[{"href":"https:\/\/gpl-love.com\/fr\/wp-json\/wp\/v2\/types\/product"}],"replies":[{"embeddable":true,"href":"https:\/\/gpl-love.com\/fr\/wp-json\/wp\/v2\/comments?post=112394"}],"wp:featuredmedia":[{"embeddable":true,"href":"https:\/\/gpl-love.com\/fr\/wp-json\/wp\/v2\/media\/145198"}],"wp:attachment":[{"href":"https:\/\/gpl-love.com\/fr\/wp-json\/wp\/v2\/media?parent=112394"}],"wp:term":[{"taxonomy":"product_brand","embeddable":true,"href":"https:\/\/gpl-love.com\/fr\/wp-json\/wp\/v2\/product_brand?post=112394"},{"taxonomy":"product_cat","embeddable":true,"href":"https:\/\/gpl-love.com\/fr\/wp-json\/wp\/v2\/product_cat?post=112394"},{"taxonomy":"product_tag","embeddable":true,"href":"https:\/\/gpl-love.com\/fr\/wp-json\/wp\/v2\/product_tag?post=112394"}],"curies":[{"name":"wp","href":"https:\/\/api.w.org\/{rel}","templated":true}]}}