{"id":112392,"date":"2023-02-07T00:00:00","date_gmt":"2023-02-06T23:00:00","guid":{"rendered":"http:\/\/gpl-love.com\/fr\/produit\/searchwp-term-archive-priority\/"},"modified":"2026-04-10T18:39:02","modified_gmt":"2026-04-10T16:39:02","slug":"searchwp-term-archive-priority","status":"publish","type":"product","link":"https:\/\/gpl-love.com\/fr\/produit\/searchwp-term-archive-priority\/","title":{"rendered":"SearchWP Term Archive Priority 1.2.2"},"content":{"rendered":"<h3>SearchWP Term Archive Priority Traits<\/h3>\n<p>SearchWP Term Archive Priority est un plugin incroyablement utile et efficace qui a \u00e9t\u00e9 sp\u00e9cialement con\u00e7u pour aider \u00e0 hi\u00e9rarchiser les r\u00e9sultats de recherche pour les utilisateurs qui utilisent des termes \u00e0 partir d&rsquo;archives. Ce plugin remarquable vous offre la possibilit\u00e9 de d\u00e9terminer et d&rsquo;attribuer un niveau de priorit\u00e9 \u00e0 chaque archive de terme individuel, permettant par la suite les r\u00e9sultats de recherche d&rsquo;\u00eatre tri\u00e9s et organis\u00e9s conform\u00e9ment \u00e0 ces niveaux de priorit\u00e9 qui ont \u00e9t\u00e9 d\u00e9sign\u00e9s. Par cons\u00e9quent, cette caract\u00e9ristique ing\u00e9nieuse garantit que le contenu le plus pertinent et le plus important est affich\u00e9 en \u00e9vidence au tout d\u00e9but des r\u00e9sultats de la recherche, am\u00e9liorant par cons\u00e9quent l&rsquo;exp\u00e9rience globale de recherche pour les utilisateurs et facilitant leur capacit\u00e9 \u00e0 localiser et \u00e0 obtenir facilement les informations ou le contenu qu&rsquo;ils sont activement en cherchant. En outre, ce plugin exceptionnel englobe \u00e9galement une pl\u00e9thore d&rsquo;options personnalisables, vous permettant ainsi d&rsquo;adapter et de personnaliser efficacement l&rsquo;exp\u00e9rience de recherche efficace et efficiente pour vous aligner de mani\u00e8re transparente avec vos exigences et pr\u00e9f\u00e9rences pr\u00e9cises et sp\u00e9cifiques. Ainsi, il est \u00e9vident que la puissance et la polyvalence de la priorit\u00e9 d&rsquo;archives de termes SearchWP se terminent dans un outil exceptionnel et inestimable qui renforce et augmente consid\u00e9rablement la fonctionnalit\u00e9 de recherche de votre site Web estim\u00e9.<\/p>\n<ul>\n<li>Un plugin WordPress qui vous permet de hi\u00e9rarchiser vos r\u00e9sultats de recherche par archive<\/li>\n<li>Am\u00e9liore les fonctionnalit\u00e9s de recherche en veillant \u00e0 ce que les r\u00e9sultats soient command\u00e9s en fonction des archives \u00e0 terme sp\u00e9cifiques<\/li>\n<li>Aide les utilisateurs \u00e0 trouver le contenu pertinent plus rapidement et facilement<\/li>\n<li>Options personnalisables pour hi\u00e9rarchiser les archives \u00e0 terme sp\u00e9cifiques sur d&rsquo;autres<\/li>\n<li>Compl\u00e8tement int\u00e9gr\u00e9 au plugin SearchWP, garantissant une fonctionnalit\u00e9 transparente<\/li>\n<li>Facile \u00e0 installer et \u00e0 utiliser avec une configuration minimale requise<\/li>\n<li>Fournit une exp\u00e9rience utilisateur plus rationalis\u00e9e pour les visiteurs de votre site Web<\/li>\n<li>Compatible avec tous les th\u00e8mes WordPress et compatibles avec toutes les versions de WordPress.<\/li>\n<\/ul>\n","protected":false},"excerpt":{"rendered":"<p>SearchWP Term Archive Priority est un plugin WordPress incroyablement utile et efficace qui vous pr\u00e9sente la possibilit\u00e9 de hi\u00e9rarchiser vos r\u00e9sultats de recherche uniquement sur les archives des termes, am\u00e9liorant ainsi la pertinence globale de vos r\u00e9sultats de recherche. En mettant en \u0153uvre ce plugin innovant, vous pouvez garantir que les archives de terme les plus pertinentes sont en \u00e9vidence au tout d\u00e9but de vos r\u00e9sultats de recherche, ce qui rationalise et optimise finalement l&rsquo;exp\u00e9rience utilisateur. De plus, ce plugin exceptionnel poss\u00e8de une interface intuitivement con\u00e7ue qui est non seulement conviviale mais \u00e9galement remarquablement facile \u00e0 naviguer, \u00e0 installer et \u00e0 configurer. De plus, il s&rsquo;int\u00e8gre parfaitement \u00e0 la grande majorit\u00e9 des th\u00e8mes et plugins WordPress, ce qui en fait un outil incroyablement polyvalent et adaptable pour tout utilisateur WordPress. Si vous cherchez \u00e0 \u00e9lever et \u00e0 augmenter l&rsquo;efficacit\u00e9 et l&rsquo;efficacit\u00e9 de vos fonctionnalit\u00e9s de recherche, la priorit\u00e9 d&rsquo;archive de terme SearchWP est incontestablement la solution id\u00e9ale pour vous. Essayez-le aujourd&rsquo;hui et ressentez la diff\u00e9rence remarquable qu&rsquo;il peut faire pour votre site Web WordPress.<\/p>\n","protected":false},"featured_media":145197,"comment_status":"open","ping_status":"open","template":"","meta":[],"product_brand":[2649],"product_cat":[1189,1181,1186],"product_tag":[1343],"class_list":{"0":"post-112392","1":"product","2":"type-product","3":"status-publish","4":"has-post-thumbnail","6":"product_brand-search-wp","7":"product_cat-personnalisation","8":"product_cat-plugins","9":"product_cat-wordpress-plugins","10":"product_tag-search-wp","11":"member-discount","12":"discount-restricted","14":"first","15":"instock","16":"sale","17":"downloadable","18":"virtual","19":"sold-individually","20":"purchasable","21":"product-type-simple"},"_links":{"self":[{"href":"https:\/\/gpl-love.com\/fr\/wp-json\/wp\/v2\/product\/112392","targetHints":{"allow":["GET"]}}],"collection":[{"href":"https:\/\/gpl-love.com\/fr\/wp-json\/wp\/v2\/product"}],"about":[{"href":"https:\/\/gpl-love.com\/fr\/wp-json\/wp\/v2\/types\/product"}],"replies":[{"embeddable":true,"href":"https:\/\/gpl-love.com\/fr\/wp-json\/wp\/v2\/comments?post=112392"}],"wp:featuredmedia":[{"embeddable":true,"href":"https:\/\/gpl-love.com\/fr\/wp-json\/wp\/v2\/media\/145197"}],"wp:attachment":[{"href":"https:\/\/gpl-love.com\/fr\/wp-json\/wp\/v2\/media?parent=112392"}],"wp:term":[{"taxonomy":"product_brand","embeddable":true,"href":"https:\/\/gpl-love.com\/fr\/wp-json\/wp\/v2\/product_brand?post=112392"},{"taxonomy":"product_cat","embeddable":true,"href":"https:\/\/gpl-love.com\/fr\/wp-json\/wp\/v2\/product_cat?post=112392"},{"taxonomy":"product_tag","embeddable":true,"href":"https:\/\/gpl-love.com\/fr\/wp-json\/wp\/v2\/product_tag?post=112392"}],"curies":[{"name":"wp","href":"https:\/\/api.w.org\/{rel}","templated":true}]}}