{"id":112390,"date":"2025-07-31T00:00:00","date_gmt":"2025-07-30T22:00:00","guid":{"rendered":"http:\/\/gpl-love.com\/fr\/produit\/searchwp-shortcodes\/"},"modified":"2026-04-10T18:39:01","modified_gmt":"2026-04-10T16:39:01","slug":"searchwp-shortcodes","status":"publish","type":"product","link":"https:\/\/gpl-love.com\/fr\/produit\/searchwp-shortcodes\/","title":{"rendered":"SearchWP Shortcodes 1.8.5"},"content":{"rendered":"<h3>SearchWP Shortcodes Traits<\/h3>\n<p>SearchWP Shortcodes, un outil WordPress robuste, offre aux utilisateurs la possibilit\u00e9 de pr\u00e9senter les r\u00e9sultats de recherche gr\u00e2ce \u00e0 l&rsquo;utilisation de Shortcodes. Ce plugin exceptionnel donne aux individus la possibilit\u00e9 de pr\u00e9senter les r\u00e9sultats de recherche sur n&rsquo;importe quelle page, poste ou widget souhait\u00e9 avec une facilit\u00e9 remarquable, ne n\u00e9cessitant rien de plus qu&rsquo;une poign\u00e9e de clics simples. En outre, ce plugin englobe une gamme d&rsquo;options personnalisables, permettant aux utilisateurs de modifier sans effort la sortie pour s&rsquo;aligner parfaitement avec les conditions de conception et de fonctionnalit\u00e9 uniques de leur site Web. L&rsquo;incorporation de la fonction de raccourci rend le processus d&rsquo;incorporation de recherche dans n&rsquo;importe quel emplacement souhait\u00e9 une brise, \u00e9liminant la n\u00e9cessit\u00e9 de toute comp\u00e9tence de codage. De plus, il convient de noter que SearchWP Shortcodes poss\u00e8de une flexibilit\u00e9 in\u00e9gal\u00e9e et une int\u00e9gration transparente avec d&rsquo;autres plugins WordPress, solidifiant efficacement son statut en tant qu&rsquo;outil indispensable pour les sites Web qui s&rsquo;efforcent d&rsquo;am\u00e9liorer leur fonctionnalit\u00e9 de recherche.<\/p>\n<ul>\n<li>Affichage des r\u00e9sultats de recherche personnalisables<\/li>\n<li>Outil de g\u00e9n\u00e9rateur de raccourcis convivial<\/li>\n<li>Int\u00e9gration transparente avec le plugin SearchWP<\/li>\n<li>Prend en charge plusieurs formulaires de recherche sur une page<\/li>\n<li>Options de style flexibles pour les r\u00e9sultats de la recherche<\/li>\n<li>Affichage des r\u00e9sultats de recherche dans les types de publication et les taxonomies personnalis\u00e9s<\/li>\n<li>Option pour exclure des types de poste ou des taxonomies sp\u00e9cifiques des r\u00e9sultats de recherche<\/li>\n<li>Mises \u00e0 jour des r\u00e9sultats de recherche instantan\u00e9e sans rechargement de page<\/li>\n<li>Am\u00e9lioration de la pertinence et de la pr\u00e9cision de la recherche<\/li>\n<li>Prise en charge de la recherche multilingue avec les plugins WPML et Polylang<\/li>\n<li>Fonctionnalit\u00e9s de recherche avanc\u00e9es telles que les op\u00e9rateurs bool\u00e9ens et les mots cl\u00e9s engelant.<\/li>\n<\/ul>\n","protected":false},"excerpt":{"rendered":"<p>SearchWP Shortcodes est un plugin WordPress incroyablement robuste et efficace qui vous accorde la capacit\u00e9 extraordinaire de g\u00e9n\u00e9rer sans effort des formulaires de recherche personnalis\u00e9s et des affichages de r\u00e9sultats de recherche \u00e0 l&rsquo;aide de shortcode. En tirant parti des fonctionnalit\u00e9s extraordinaires de ce plugin, vous \u00eates autoris\u00e9 \u00e0 fabriquer rapidement des formulaires de recherche sur mesure pour s&rsquo;adapter \u00e0 divers types de poste, taxonomies et champs personnalis\u00e9s. De plus, vous poss\u00e9dez la capacit\u00e9 de r\u00e9gler les aspects esth\u00e9tiques des r\u00e9sultats de recherche gr\u00e2ce \u00e0 l&rsquo;utilisation de divers mod\u00e8les et autres options suppl\u00e9mentaires. Que vous vous identifiiez en tant que blogueur, marketing de contenu ou propri\u00e9taire de site Web, ce plugin exceptionnel sert d&rsquo;image inestimable pour am\u00e9liorer la fonctionnalit\u00e9 de recherche de votre site Web estim\u00e9.<\/p>\n","protected":false},"featured_media":145196,"comment_status":"open","ping_status":"open","template":"","meta":[],"product_brand":[2649],"product_cat":[1189,1181,1186],"product_tag":[1343],"class_list":{"0":"post-112390","1":"product","2":"type-product","3":"status-publish","4":"has-post-thumbnail","6":"product_brand-search-wp","7":"product_cat-personnalisation","8":"product_cat-plugins","9":"product_cat-wordpress-plugins","10":"product_tag-search-wp","11":"member-discount","12":"discount-restricted","14":"first","15":"instock","16":"sale","17":"downloadable","18":"virtual","19":"sold-individually","20":"purchasable","21":"product-type-simple"},"_links":{"self":[{"href":"https:\/\/gpl-love.com\/fr\/wp-json\/wp\/v2\/product\/112390","targetHints":{"allow":["GET"]}}],"collection":[{"href":"https:\/\/gpl-love.com\/fr\/wp-json\/wp\/v2\/product"}],"about":[{"href":"https:\/\/gpl-love.com\/fr\/wp-json\/wp\/v2\/types\/product"}],"replies":[{"embeddable":true,"href":"https:\/\/gpl-love.com\/fr\/wp-json\/wp\/v2\/comments?post=112390"}],"wp:featuredmedia":[{"embeddable":true,"href":"https:\/\/gpl-love.com\/fr\/wp-json\/wp\/v2\/media\/145196"}],"wp:attachment":[{"href":"https:\/\/gpl-love.com\/fr\/wp-json\/wp\/v2\/media?parent=112390"}],"wp:term":[{"taxonomy":"product_brand","embeddable":true,"href":"https:\/\/gpl-love.com\/fr\/wp-json\/wp\/v2\/product_brand?post=112390"},{"taxonomy":"product_cat","embeddable":true,"href":"https:\/\/gpl-love.com\/fr\/wp-json\/wp\/v2\/product_cat?post=112390"},{"taxonomy":"product_tag","embeddable":true,"href":"https:\/\/gpl-love.com\/fr\/wp-json\/wp\/v2\/product_tag?post=112390"}],"curies":[{"name":"wp","href":"https:\/\/api.w.org\/{rel}","templated":true}]}}