{"id":112388,"date":"2025-12-12T00:00:00","date_gmt":"2025-12-11T23:00:00","guid":{"rendered":"http:\/\/gpl-love.com\/fr\/produit\/searchwp-related-content\/"},"modified":"2026-03-20T23:35:04","modified_gmt":"2026-03-20T22:35:04","slug":"searchwp-related-content","status":"publish","type":"product","link":"https:\/\/gpl-love.com\/fr\/produit\/searchwp-related-content\/","title":{"rendered":"SearchWP Related Content 1.5.5"},"content":{"rendered":"<h3>SearchWP Related Content Traits<\/h3>\n<p>Le contenu li\u00e9 \u00e0 SearchWP est un plugin indispensable que chaque site Web doit int\u00e9grer afin d&rsquo;am\u00e9liorer l&rsquo;exp\u00e9rience utilisateur en fournissant un contenu pertinent et connexe \u00e0 son public. En utilisant des algorithmes sophistiqu\u00e9s, le plugin s&rsquo;int\u00e8gre parfaitement \u00e0 SearchWP pour pr\u00e9senter sans effort un contenu similaire ou associ\u00e9 \u00e0 la requ\u00eate de recherche de l&rsquo;utilisateur. Cette fonctionnalit\u00e9 ing\u00e9nieuse permet aux utilisateurs d&rsquo;explorer et de naviguer sans effort vers d&rsquo;autres pages du site Web, favorisant ainsi un engagement accru et att\u00e9nuant la probabilit\u00e9 de taux de rebond \u00e9lev\u00e9s. En outre, le plugin propose une myriade d&rsquo;options de personnalisation, permettant aux propri\u00e9taires de sites Web de faire un contr\u00f4le sur l&rsquo;affichage du contenu connexe et de l&rsquo;adapter pr\u00e9cis\u00e9ment pour r\u00e9pondre \u00e0 leurs exigences uniques. Avec les capacit\u00e9s in\u00e9gal\u00e9es du contenu li\u00e9 \u00e0 la recherche, les sites Web peuvent amplifier de fa\u00e7on exponentielle leur visibilit\u00e9, \u00e9lever l&rsquo;exp\u00e9rience utilisateur globale et, finalement, entra\u00eener une augmentation strat\u00e9gique du trafic vers leur site estim\u00e9.<\/p>\n<ul>\n<li>Le contenu li\u00e9 \u00e0 SearchWP est un plugin puissant qui am\u00e9liore les capacit\u00e9s de recherche de votre site Web en fournissant un contenu connexe sugg\u00e9r\u00e9<\/li>\n<li>Ce plugin est con\u00e7u pour s&rsquo;int\u00e9grer de mani\u00e8re transparente \u00e0 votre configuration de recherche existante, ce qui facilite l&rsquo;ajout de suggestions de contenu connexes aux r\u00e9sultats de recherche de votre site<\/li>\n<li>Il utilise un algorithme sophistiqu\u00e9 pour analyser le contenu de votre site et sugg\u00e9rer des publications ou des pages connexes en fonction des mots cl\u00e9s et d&rsquo;autres facteurs<\/li>\n<li>Vous pouvez personnaliser le plugin pour inclure ou exclure des cat\u00e9gories ou des balises sp\u00e9cifiques et contr\u00f4ler le nombre de suggestions de contenu connexes qui apparaissent dans chaque r\u00e9sultat de recherche<\/li>\n<li>Le contenu li\u00e9 \u00e0 la recherche en recherche est compatible avec tous les th\u00e8mes WordPress populaires et est r\u00e9guli\u00e8rement mis \u00e0 jour pour assurer la compatibilit\u00e9 avec les derni\u00e8res versions de WordPress et des plugins connexes<\/li>\n<li>Le plugin est facile \u00e0 installer et \u00e0 configurer, et est livr\u00e9 avec une documentation d\u00e9taill\u00e9e et une prise en charge pour vous aider \u00e0 tirer le meilleur parti de ses nombreuses fonctionnalit\u00e9s<\/li>\n<li>Avec le contenu li\u00e9 \u00e0 SearchWP, vous pouvez aider vos utilisateurs \u00e0 trouver plus de contenu qui les int\u00e9resse et \u00e0 les garder engag\u00e9s et int\u00e9ress\u00e9s par votre site et ses offres.<\/li>\n<\/ul>\n","protected":false},"excerpt":{"rendered":"<p>Le plugin de contenu RecherchWP est con\u00e7u pour am\u00e9liorer la navigation sur le site Web en affichant efficacement le contenu connexe aux c\u00f4t\u00e9s des r\u00e9sultats de recherche, ce qui a finalement entra\u00een\u00e9 une am\u00e9lioration de l&rsquo;exp\u00e9rience utilisateur. Ce plugin sert \u00e0 r\u00e9duire les taux de rebond en encourageant activement les visiteurs \u00e0 approfondir le site et \u00e0 explorer des pages suppl\u00e9mentaires. Gr\u00e2ce \u00e0 ses options d&rsquo;affichage personnalisables et \u00e0 son int\u00e9gration des algorithmes de post-correspondance intelligents, le contenu li\u00e9 \u00e0 la recherche en recherche offre une solution sophistiqu\u00e9e et intelligente qui am\u00e9liore consid\u00e9rablement les capacit\u00e9s de navigation sur place.<\/p>\n","protected":false},"featured_media":145195,"comment_status":"open","ping_status":"open","template":"","meta":[],"product_brand":[2649],"product_cat":[1189,1181,1186],"product_tag":[1343],"class_list":{"0":"post-112388","1":"product","2":"type-product","3":"status-publish","4":"has-post-thumbnail","6":"product_brand-search-wp","7":"product_cat-personnalisation","8":"product_cat-plugins","9":"product_cat-wordpress-plugins","10":"product_tag-search-wp","11":"member-discount","12":"discount-restricted","14":"first","15":"instock","16":"sale","17":"downloadable","18":"virtual","19":"sold-individually","20":"purchasable","21":"product-type-simple"},"_links":{"self":[{"href":"https:\/\/gpl-love.com\/fr\/wp-json\/wp\/v2\/product\/112388","targetHints":{"allow":["GET"]}}],"collection":[{"href":"https:\/\/gpl-love.com\/fr\/wp-json\/wp\/v2\/product"}],"about":[{"href":"https:\/\/gpl-love.com\/fr\/wp-json\/wp\/v2\/types\/product"}],"replies":[{"embeddable":true,"href":"https:\/\/gpl-love.com\/fr\/wp-json\/wp\/v2\/comments?post=112388"}],"wp:featuredmedia":[{"embeddable":true,"href":"https:\/\/gpl-love.com\/fr\/wp-json\/wp\/v2\/media\/145195"}],"wp:attachment":[{"href":"https:\/\/gpl-love.com\/fr\/wp-json\/wp\/v2\/media?parent=112388"}],"wp:term":[{"taxonomy":"product_brand","embeddable":true,"href":"https:\/\/gpl-love.com\/fr\/wp-json\/wp\/v2\/product_brand?post=112388"},{"taxonomy":"product_cat","embeddable":true,"href":"https:\/\/gpl-love.com\/fr\/wp-json\/wp\/v2\/product_cat?post=112388"},{"taxonomy":"product_tag","embeddable":true,"href":"https:\/\/gpl-love.com\/fr\/wp-json\/wp\/v2\/product_tag?post=112388"}],"curies":[{"name":"wp","href":"https:\/\/api.w.org\/{rel}","templated":true}]}}