{"id":112386,"date":"2025-11-26T00:00:00","date_gmt":"2025-11-25T23:00:00","guid":{"rendered":"http:\/\/gpl-love.com\/fr\/produit\/searchwp-redirects\/"},"modified":"2026-03-20T23:35:03","modified_gmt":"2026-03-20T22:35:03","slug":"searchwp-redirects","status":"publish","type":"product","link":"https:\/\/gpl-love.com\/fr\/produit\/searchwp-redirects\/","title":{"rendered":"SearchWP Redirects 1.6.0"},"content":{"rendered":"<h3>SearchWP Redirects Traits<\/h3>\n<p>SearchWP Redirect est un plugin WordPress incroyablement robuste et riche en fonctionnalit\u00e9s qui accorde aux utilisateurs la capacit\u00e9 incroyable de rediriger les requ\u00eates de recherche vers des pages sp\u00e9cifiques ou m\u00eame des URL personnalis\u00e9es sur leurs sites Web respectifs. L&rsquo;utilisation de ce plugin permet aux propri\u00e9taires de sites Web d&rsquo;\u00e9tablir sans effort des r\u00e8gles qui redirigent les utilisateurs vers les pages les plus pertinentes, renfor\u00e7ant ainsi consid\u00e9rablement l&rsquo;engagement des utilisateurs et augmentant consid\u00e9rablement la navigation sur le site Web. Le plugin poss\u00e8de un niveau de personnalisation exceptionnel, offrant aux utilisateurs la possibilit\u00e9 de configurer des redirections sur la base des correspondances de termes de recherche ou m\u00eame d&rsquo;expressions r\u00e9guli\u00e8res. De plus, SearchWP Redirect fournit \u00e9galement aux propri\u00e9taires de sites Web des rapports m\u00e9ticuleux et complets concernant le nombre total de redirections et d&rsquo;interactions utilisateur, leur fournissant ainsi des informations inestimables concernant leur trafic de recherche. Dans l&rsquo;ensemble, il devient incontestablement \u00e9vident que SearchWP Redirect est un outil indispensable pour tout propri\u00e9taire de site Web exigeant qui souhaite \u00e9lever sa fonctionnalit\u00e9 de recherche et am\u00e9liorer l&rsquo;exp\u00e9rience utilisateur globale.<\/p>\n<ul>\n<li>Rediriger sans effort les requ\u00eates de recherche d&rsquo;utilisateurs vers les pages souhait\u00e9es<\/li>\n<li>Cr\u00e9ez automatiquement des redirectes pour les termes de recherche sur votre site Web<\/li>\n<li>Outil pratique pour s&rsquo;assurer que les utilisateurs sont toujours dirig\u00e9s vers des informations pertinentes<\/li>\n<li>Am\u00e9liorer l&rsquo;exp\u00e9rience utilisateur et la navigation sur le site Web<\/li>\n<li>Configurer facilement les r\u00e8gles de redirection via une interface conviviale<\/li>\n<li>Compatible avec les plugins et th\u00e8mes WordPress populaires<\/li>\n<li>Planifiez les redirections automatiques pour les promotions saisonni\u00e8res ou les mises \u00e0 jour du site<\/li>\n<li>Surveillez et analysez les donn\u00e9es de recherche d&rsquo;utilisateurs pour affiner la strat\u00e9gie de redirection<\/li>\n<li>\u00c9conomisez du temps et des efforts en rationalisant le processus de cr\u00e9ation de redirections<\/li>\n<li>Booster la fonctionnalit\u00e9 du site et l&rsquo;engagement des utilisateurs avec les redirections de recherche<\/li>\n<\/ul>\n","protected":false},"excerpt":{"rendered":"<p>SearchWP Redirect est un outil incroyablement robuste et tr\u00e8s efficace qui a \u00e9t\u00e9 sp\u00e9cialement d\u00e9velopp\u00e9 dans le but d&rsquo;aider les propri\u00e9taires de sites Web et les administrateurs dans la gestion et la redirection efficaces des requ\u00eates de recherche sur leurs sites Web respectifs. Cet outil permet aux utilisateurs d&rsquo;\u00e9tablir sans effort une connexion entre une requ\u00eate de recherche donn\u00e9e et son URL correspondante, permettant ainsi la cr\u00e9ation de redirections personnalis\u00e9es. De plus, SearchWP Redirect offre la capacit\u00e9 inestimable de surveiller et de suivre activement le trafic utilisateur, facilitant ainsi l&rsquo;optimisation de l&rsquo;exp\u00e9rience utilisateur globale. Que l&rsquo;on soit au milieu d&rsquo;un projet de refonte du site Web ou de simplement chercher \u00e0 am\u00e9liorer les performances de leurs r\u00e9sultats de recherche, il est sans \u00e9quivoque \u00e9vident que RecherchWP Redirect est un atout indispensable pour tout propri\u00e9taire de site Web consciencieux.<\/p>\n","protected":false},"featured_media":145194,"comment_status":"open","ping_status":"open","template":"","meta":[],"product_brand":[2649],"product_cat":[1189,1181,1186],"product_tag":[1343],"class_list":{"0":"post-112386","1":"product","2":"type-product","3":"status-publish","4":"has-post-thumbnail","6":"product_brand-search-wp","7":"product_cat-personnalisation","8":"product_cat-plugins","9":"product_cat-wordpress-plugins","10":"product_tag-search-wp","11":"member-discount","12":"discount-restricted","14":"first","15":"instock","16":"sale","17":"downloadable","18":"virtual","19":"sold-individually","20":"purchasable","21":"product-type-simple"},"_links":{"self":[{"href":"https:\/\/gpl-love.com\/fr\/wp-json\/wp\/v2\/product\/112386","targetHints":{"allow":["GET"]}}],"collection":[{"href":"https:\/\/gpl-love.com\/fr\/wp-json\/wp\/v2\/product"}],"about":[{"href":"https:\/\/gpl-love.com\/fr\/wp-json\/wp\/v2\/types\/product"}],"replies":[{"embeddable":true,"href":"https:\/\/gpl-love.com\/fr\/wp-json\/wp\/v2\/comments?post=112386"}],"wp:featuredmedia":[{"embeddable":true,"href":"https:\/\/gpl-love.com\/fr\/wp-json\/wp\/v2\/media\/145194"}],"wp:attachment":[{"href":"https:\/\/gpl-love.com\/fr\/wp-json\/wp\/v2\/media?parent=112386"}],"wp:term":[{"taxonomy":"product_brand","embeddable":true,"href":"https:\/\/gpl-love.com\/fr\/wp-json\/wp\/v2\/product_brand?post=112386"},{"taxonomy":"product_cat","embeddable":true,"href":"https:\/\/gpl-love.com\/fr\/wp-json\/wp\/v2\/product_cat?post=112386"},{"taxonomy":"product_tag","embeddable":true,"href":"https:\/\/gpl-love.com\/fr\/wp-json\/wp\/v2\/product_tag?post=112386"}],"curies":[{"name":"wp","href":"https:\/\/api.w.org\/{rel}","templated":true}]}}