{"id":112384,"date":"2025-08-04T00:00:00","date_gmt":"2025-08-03T22:00:00","guid":{"rendered":"http:\/\/gpl-love.com\/fr\/produit\/searchwp-privatecontent-integration\/"},"modified":"2026-04-10T18:39:00","modified_gmt":"2026-04-10T16:39:00","slug":"searchwp-privatecontent-integration","status":"publish","type":"product","link":"https:\/\/gpl-love.com\/fr\/produit\/searchwp-privatecontent-integration\/","title":{"rendered":"SearchWP Private Content Integration 1.3.1"},"content":{"rendered":"<h3>SearchWP Private Content Integration Traits<\/h3>\n<p>L&rsquo;int\u00e9gration de contenu priv\u00e9 SearchWP, un outil tr\u00e8s puissant et remarquablement efficace, vous donne la possibilit\u00e9 de effectuer des recherches rapides et pr\u00e9cises sur le contenu priv\u00e9. En utilisant cette int\u00e9gration, vous obtenez la capacit\u00e9 sans effort de rechercher exclusivement le contenu visible uniquement aux utilisateurs authentifi\u00e9s, assurant ainsi l&rsquo;impr\u00e9gnation et la sauvegarde de vos donn\u00e9es confidentielles. B\u00e9n\u00e9ficiant d&rsquo;une int\u00e9gration impeccablement transparente avec le plugin SearchWP, cet outil offre une vaste gamme d&rsquo;options de recherche avanc\u00e9es, englobant les recherches de mots cl\u00e9s, les filtres et les algorithmes de pertinence. De plus, il fournit des statistiques de recherche et des analyses m\u00e9ticuleusement d\u00e9taill\u00e9es, facilitant la surveillance et l&rsquo;optimisation de vos performances de recherche \u00e0 long terme. Que votre poursuite entra\u00eene des fouilles via des documents priv\u00e9s, des fichiers ou toute autre forme de donn\u00e9es sensibles, l&rsquo;int\u00e9gration de contenu priv\u00e9 SearchWP est un outil indispensable pour toute organisation qui estime d\u00fbment la signification primordiale de la s\u00e9curit\u00e9 et de l&rsquo;efficacit\u00e9 des donn\u00e9es.<\/p>\n<ul>\n<li>Am\u00e9liorez la fonctionnalit\u00e9 de recherche de votre site Web avec une int\u00e9gration de contenu priv\u00e9 SearchWP<\/li>\n<li>Prot\u00e9gez des informations sensibles sur votre site Web en restreignant l&rsquo;acc\u00e8s \u00e0 certaines pages et publications<\/li>\n<li>Indexez le contenu priv\u00e9 dans les r\u00e9sultats de la recherche sans compromettre la s\u00e9curit\u00e9 de votre site Web<\/li>\n<li>Personnalisez les r\u00e9sultats de recherche pour afficher uniquement le contenu public aux utilisateurs qui n&rsquo;ont pas acc\u00e8s au contenu priv\u00e9<\/li>\n<li>G\u00e9rer facilement les r\u00f4les et les autorisations des utilisateurs avec le syst\u00e8me de capacit\u00e9s int\u00e9gr\u00e9 de WordPress<\/li>\n<li>Compatible avec les plugins d&rsquo;adh\u00e9sion populaires tels que membre-Press et restreindre le contenu Pro<\/li>\n<li>Augmenter l&rsquo;engagement et la satisfaction des utilisateurs en leur permettant de trouver facilement le contenu qu&rsquo;ils recherchent<\/li>\n<li>Acc\u00e9dez \u00e0 un support prioritaire et \u00e0 des mises \u00e0 jour r\u00e9guli\u00e8res pour vous assurer que le plugin s&rsquo;ex\u00e9cute en douceur sur votre site Web<\/li>\n<li>Profitez d&rsquo;une int\u00e9gration transparente avec SearchWP, le plugin de recherche le plus puissant pour WordPress<\/li>\n<li>Aucune comp\u00e9tence de codage ou technique requise pour installer et configurer le plugin sur votre site Web<\/li>\n<\/ul>\n","protected":false},"excerpt":{"rendered":"<p>Rechercher Int\u00e9gration de contenu priv\u00e9 est un outil robuste et efficace qui donne aux utilisateurs la possibilit\u00e9 de rechercher et de parcourir avec comp\u00e9tence le contenu priv\u00e9 sur les sites Web WordPress. En int\u00e9grant de mani\u00e8re transparente cette fonctionnalit\u00e9, les individus peuvent localiser et pr\u00e9senter sans effort des publications, des pages ou des types de messages personnalis\u00e9s dans leurs r\u00e9sultats de recherche. Le processus d&rsquo;installation de ce plugin est simple et sans tracas, et il offre une gamme de capacit\u00e9s de recherche tr\u00e8s d\u00e9velopp\u00e9es, ce qui en fait le choix id\u00e9al pour les sites Web qui comprennent des sites d&rsquo;adh\u00e9sion, des plateformes d&rsquo;apprentissage en ligne ou toute autre plateforme qui implique un contenu restreint. Par cons\u00e9quent, si vous cherchez \u00e0 am\u00e9liorer les fonctionnalit\u00e9s de recherche de votre site Web, l&rsquo;int\u00e9gration de contenu priv\u00e9 SearchWP est incontestablement la solution optimale \u00e0 consid\u00e9rer.<\/p>\n","protected":false},"featured_media":145193,"comment_status":"open","ping_status":"open","template":"","meta":[],"product_brand":[2649],"product_cat":[1189,1181,1186],"product_tag":[1343],"class_list":{"0":"post-112384","1":"product","2":"type-product","3":"status-publish","4":"has-post-thumbnail","6":"product_brand-search-wp","7":"product_cat-personnalisation","8":"product_cat-plugins","9":"product_cat-wordpress-plugins","10":"product_tag-search-wp","11":"member-discount","12":"discount-restricted","14":"first","15":"instock","16":"sale","17":"downloadable","18":"virtual","19":"sold-individually","20":"purchasable","21":"product-type-simple"},"_links":{"self":[{"href":"https:\/\/gpl-love.com\/fr\/wp-json\/wp\/v2\/product\/112384","targetHints":{"allow":["GET"]}}],"collection":[{"href":"https:\/\/gpl-love.com\/fr\/wp-json\/wp\/v2\/product"}],"about":[{"href":"https:\/\/gpl-love.com\/fr\/wp-json\/wp\/v2\/types\/product"}],"replies":[{"embeddable":true,"href":"https:\/\/gpl-love.com\/fr\/wp-json\/wp\/v2\/comments?post=112384"}],"wp:featuredmedia":[{"embeddable":true,"href":"https:\/\/gpl-love.com\/fr\/wp-json\/wp\/v2\/media\/145193"}],"wp:attachment":[{"href":"https:\/\/gpl-love.com\/fr\/wp-json\/wp\/v2\/media?parent=112384"}],"wp:term":[{"taxonomy":"product_brand","embeddable":true,"href":"https:\/\/gpl-love.com\/fr\/wp-json\/wp\/v2\/product_brand?post=112384"},{"taxonomy":"product_cat","embeddable":true,"href":"https:\/\/gpl-love.com\/fr\/wp-json\/wp\/v2\/product_cat?post=112384"},{"taxonomy":"product_tag","embeddable":true,"href":"https:\/\/gpl-love.com\/fr\/wp-json\/wp\/v2\/product_tag?post=112384"}],"curies":[{"name":"wp","href":"https:\/\/api.w.org\/{rel}","templated":true}]}}