{"id":112382,"date":"2026-01-24T00:00:00","date_gmt":"2026-01-23T23:00:00","guid":{"rendered":"http:\/\/gpl-love.com\/fr\/produit\/searchwp-polylang-integration\/"},"modified":"2026-04-10T18:38:59","modified_gmt":"2026-04-10T16:38:59","slug":"searchwp-polylang-integration","status":"publish","type":"product","link":"https:\/\/gpl-love.com\/fr\/produit\/searchwp-polylang-integration\/","title":{"rendered":"SearchWP Polylang Integration 1.5.1"},"content":{"rendered":"<h3>SearchWP Polylang Integration Traits<\/h3>\n<p>L&rsquo;int\u00e9gration SearchWP Polylang, un outil tr\u00e8s robuste, est sp\u00e9cialement con\u00e7ue pour aider les propri\u00e9taires de sites Web \u00e0 \u00e9tablir efficacement un environnement multilingue dans leurs sites Web. Servant de module compl\u00e9mentaire pour le plugin SearchWP largement acclam\u00e9, cette int\u00e9gration permet aux utilisateurs de rechercher sans effort le contenu dans diverses langues. En tirant parti de la puissance de cette int\u00e9gration, les propri\u00e9taires de sites Web peuvent facilement traduire leur contenu pr\u00e9cieux, garantissant ainsi que les utilisateurs peuvent rechercher et acc\u00e9der \u00e0 des informations dans leur langue pr\u00e9f\u00e9r\u00e9e. Remarquablement convivial, l&rsquo;int\u00e9gration SearchWP Polylang offre un processus d&rsquo;installation et de configuration simple, offrant finalement une exp\u00e9rience utilisateur transparente pour tous les visiteurs, quelles que soient leurs pr\u00e9f\u00e9rences linguistiques. Qu&rsquo;il s&rsquo;agisse d&rsquo;un site Web \u00e0 l&rsquo;\u00e9chelle mondiale ou de r\u00e9pondre \u00e0 un public ayant des besoins multilingues, l&rsquo;int\u00e9gration SearchWP Polylang constitue un outil indispensable pour tout propri\u00e9taire de site Web cherchant \u00e0 \u00e9lever les fonctionnalit\u00e9s de recherche de leur plate-forme en ligne.<\/p>\n<ul>\n<li>S&rsquo;int\u00e8gre parfaitement \u00e0 Polylang, le plugin multilingue populaire pour WordPress<\/li>\n<li>Permet aux utilisateurs de rechercher toutes les versions linguistiques du contenu de leur site Web<\/li>\n<li>Permet les r\u00e9sultats de recherche personnalis\u00e9s en fonction de la langue s\u00e9lectionn\u00e9e de l&rsquo;utilisateur<\/li>\n<li>Offre une prise en charge des formulaires de recherche et des requ\u00eates de recherche en plusieurs langues<\/li>\n<li>Simplifie le processus de construction d&rsquo;un moteur de recherche multilingue pour votre site WordPress<\/li>\n<li>\u00c9conomise du temps, des efforts et des ressources en r\u00e9duisant le besoin de traduction manuelle et d&rsquo;indexation de recherche<\/li>\n<li>Am\u00e9liore l&rsquo;exp\u00e9rience utilisateur en facilitant la recherche de contenu pertinent, ind\u00e9pendamment des barri\u00e8res linguistiques<\/li>\n<\/ul>\n","protected":false},"excerpt":{"rendered":"<p>Recherchewp Polylang Integration est un module compl\u00e9mentaire tr\u00e8s recherch\u00e9 qui compl\u00e8te le plugin de recherche WordPress largement utilis\u00e9, SearchWP, en l&rsquo;int\u00e9grant de mani\u00e8re transparente \u00e0 Polylang, un plugin multilingue qui jouit d&rsquo;une immense popularit\u00e9. Le seul but de cette int\u00e9gration est d&rsquo;\u00e9lever l&rsquo;exp\u00e9rience de recherche sur votre site Web, quelle que soit la multitude de langues qu&rsquo;elle prend en charge. En exploitant la puissance de l&rsquo;int\u00e9gration SearchWP Polylang, les visiteurs ont la possibilit\u00e9 de rechercher et d&rsquo;acc\u00e8s sans effort dans leur langue pr\u00e9f\u00e9r\u00e9e, facilitant ainsi une exploration rapide et efficace des offres de votre site Web. Ce module compl\u00e9mentaire remarquable \u00e9limine efficacement les complexit\u00e9s associ\u00e9es \u00e0 la gestion d&rsquo;un site Web multilingue, tout en donnant simultan\u00e9ment vos visiteurs estim\u00e9s \u00e0 une exp\u00e9rience de recherche incroyablement transparente et conviviale.<\/p>\n","protected":false},"featured_media":145192,"comment_status":"open","ping_status":"open","template":"","meta":[],"product_brand":[2649],"product_cat":[1189,1181,1186],"product_tag":[1343],"class_list":{"0":"post-112382","1":"product","2":"type-product","3":"status-publish","4":"has-post-thumbnail","6":"product_brand-search-wp","7":"product_cat-personnalisation","8":"product_cat-plugins","9":"product_cat-wordpress-plugins","10":"product_tag-search-wp","11":"member-discount","12":"discount-restricted","14":"first","15":"instock","16":"sale","17":"downloadable","18":"virtual","19":"sold-individually","20":"purchasable","21":"product-type-simple"},"_links":{"self":[{"href":"https:\/\/gpl-love.com\/fr\/wp-json\/wp\/v2\/product\/112382","targetHints":{"allow":["GET"]}}],"collection":[{"href":"https:\/\/gpl-love.com\/fr\/wp-json\/wp\/v2\/product"}],"about":[{"href":"https:\/\/gpl-love.com\/fr\/wp-json\/wp\/v2\/types\/product"}],"replies":[{"embeddable":true,"href":"https:\/\/gpl-love.com\/fr\/wp-json\/wp\/v2\/comments?post=112382"}],"wp:featuredmedia":[{"embeddable":true,"href":"https:\/\/gpl-love.com\/fr\/wp-json\/wp\/v2\/media\/145192"}],"wp:attachment":[{"href":"https:\/\/gpl-love.com\/fr\/wp-json\/wp\/v2\/media?parent=112382"}],"wp:term":[{"taxonomy":"product_brand","embeddable":true,"href":"https:\/\/gpl-love.com\/fr\/wp-json\/wp\/v2\/product_brand?post=112382"},{"taxonomy":"product_cat","embeddable":true,"href":"https:\/\/gpl-love.com\/fr\/wp-json\/wp\/v2\/product_cat?post=112382"},{"taxonomy":"product_tag","embeddable":true,"href":"https:\/\/gpl-love.com\/fr\/wp-json\/wp\/v2\/product_tag?post=112382"}],"curies":[{"name":"wp","href":"https:\/\/api.w.org\/{rel}","templated":true}]}}