{"id":112376,"date":"2021-03-02T00:00:00","date_gmt":"2021-03-01T23:00:00","guid":{"rendered":"http:\/\/gpl-love.com\/fr\/produit\/searchwp-manage-ignored\/"},"modified":"2026-04-10T18:38:57","modified_gmt":"2026-04-10T16:38:57","slug":"searchwp-manage-ignored","status":"publish","type":"product","link":"https:\/\/gpl-love.com\/fr\/produit\/searchwp-manage-ignored\/","title":{"rendered":"SearchWP Manage Ignored 1.0.0"},"content":{"rendered":"<h3>SearchWP Manage Ignored Traits<\/h3>\n<p>SearchWP Manage Ignored est un plugin WordPress extr\u00eamement robuste qui sert le but indispensable de permettre aux utilisateurs d&rsquo;administrer efficacement le contenu n\u00e9glig\u00e9 sur les r\u00e9sultats de recherche de leur site Web estim\u00e9. Il poss\u00e8de une interface extr\u00eamement conviviale, qui \u00e9quipe facilement les propri\u00e9taires de sites Web de la capacit\u00e9 remarquable de d\u00e9signer minutieusement quelles pages, publications ou autres types de publication personnalis\u00e9s qu&rsquo;ils souhaitent exclure d\u00e9lib\u00e9r\u00e9ment desdits r\u00e9sultats de recherche. En vertu de cette exclusion astucieuse, le plugin augmente remarquablement la pertinence des r\u00e9sultats de recherche pour les utilisateurs, accomplissant simultan\u00e9ment l&rsquo;exploit louable de soulager le fl\u00e9au pernicieux de l&rsquo;encombrement qui se manifeste invariablement dans les r\u00e9sultats de la recherche. De plus, SearchWP Manage Ignored fournit \u00e9galement aux utilisateurs l&rsquo;option remarquable pour incorporer s\u00e9lectivement le contenu ignor\u00e9 dans les r\u00e9sultats de recherche pour des requ\u00eates de recherche sp\u00e9cifiques, offrant ainsi un degr\u00e9 de flexibilit\u00e9 in\u00e9gal\u00e9 qui \u00e9l\u00e8ve ind\u00e9niablement le calibre du plugin. En outre, le plugin lui-m\u00eame est impr\u00e9gn\u00e9 d&rsquo;un attribut par excellence d&rsquo;une accessibilit\u00e9 exceptionnelle et d&rsquo;une convivialit\u00e9, ce qui le rend un outil indispensable pour tout site Web exigeant cherchant \u00e0 fortifier et \u00e0 amplifier leur fonctionnalit\u00e9 de recherche.<\/p>\n<ul>\n<li>Capacit\u00e9 \u00e0 g\u00e9rer la liste du contenu ignor\u00e9 pour SearchWP<\/li>\n<li>Exclure sans effort certaines pages ou publications des r\u00e9sultats de recherche<\/li>\n<li>Am\u00e9lioration de la pr\u00e9cision de la recherche en excluant un contenu non pertinent<\/li>\n<li>R\u00e9sultats de recherche plus efficaces pour les visiteurs et l&rsquo;am\u00e9lioration de l&rsquo;exp\u00e9rience utilisateur<\/li>\n<li>Interface flexible et conviviale<\/li>\n<li>Int\u00e9gration facile avec les plugins SearchWP existants<\/li>\n<li>Gave le temps et augmente la productivit\u00e9 pour les propri\u00e9taires de sites Web et les administrateurs<\/li>\n<li>Fonctionnalit\u00e9s compl\u00e8tes pour la recherche finale et obtenir les meilleurs r\u00e9sultats<\/li>\n<\/ul>\n","protected":false},"excerpt":{"rendered":"<p>Searchwp Manage Ignored est un outil remarquablement robuste et incroyablement puissant qui vous offre la possibilit\u00e9 de superviser et de r\u00e9guler efficacement tout contenu ignor\u00e9 qui peut \u00eatre pr\u00e9sent dans vos r\u00e9sultats de recherche WordPress. En utilisant ce plugin remarquable, vous pourrez exclure sans effort et facilement des publications, des pages ou m\u00eame des types de messages personnalis\u00e9s en affichant dans vos r\u00e9sultats de recherche, am\u00e9liorant ainsi consid\u00e9rablement et acc\u00e9l\u00e9rant la capacit\u00e9 des visiteurs de votre site Web \u00e0 localiser les informations pr\u00e9cises Ils recherchent une mani\u00e8re opportune et efficace. L&rsquo;interface intuitive conviviale sert en outre \u00e0 faciliter la gestion transparente et rationalis\u00e9e de votre contenu ignor\u00e9, conduisant finalement \u00e0 une exp\u00e9rience in\u00e9gal\u00e9e de temps et en garantissant en outre que la fonctionnalit\u00e9 de recherche de votre site Web reste enti\u00e8rement optimis\u00e9e et faite sur mesure pour vos utilisateurs estim\u00e9s.<\/p>\n","protected":false},"featured_media":145189,"comment_status":"open","ping_status":"open","template":"","meta":[],"product_brand":[2649],"product_cat":[1189,1181,1186],"product_tag":[1343],"class_list":{"0":"post-112376","1":"product","2":"type-product","3":"status-publish","4":"has-post-thumbnail","6":"product_brand-search-wp","7":"product_cat-personnalisation","8":"product_cat-plugins","9":"product_cat-wordpress-plugins","10":"product_tag-search-wp","11":"member-discount","12":"discount-restricted","14":"first","15":"instock","16":"sale","17":"downloadable","18":"virtual","19":"sold-individually","20":"purchasable","21":"product-type-simple"},"_links":{"self":[{"href":"https:\/\/gpl-love.com\/fr\/wp-json\/wp\/v2\/product\/112376","targetHints":{"allow":["GET"]}}],"collection":[{"href":"https:\/\/gpl-love.com\/fr\/wp-json\/wp\/v2\/product"}],"about":[{"href":"https:\/\/gpl-love.com\/fr\/wp-json\/wp\/v2\/types\/product"}],"replies":[{"embeddable":true,"href":"https:\/\/gpl-love.com\/fr\/wp-json\/wp\/v2\/comments?post=112376"}],"wp:featuredmedia":[{"embeddable":true,"href":"https:\/\/gpl-love.com\/fr\/wp-json\/wp\/v2\/media\/145189"}],"wp:attachment":[{"href":"https:\/\/gpl-love.com\/fr\/wp-json\/wp\/v2\/media?parent=112376"}],"wp:term":[{"taxonomy":"product_brand","embeddable":true,"href":"https:\/\/gpl-love.com\/fr\/wp-json\/wp\/v2\/product_brand?post=112376"},{"taxonomy":"product_cat","embeddable":true,"href":"https:\/\/gpl-love.com\/fr\/wp-json\/wp\/v2\/product_cat?post=112376"},{"taxonomy":"product_tag","embeddable":true,"href":"https:\/\/gpl-love.com\/fr\/wp-json\/wp\/v2\/product_tag?post=112376"}],"curies":[{"name":"wp","href":"https:\/\/api.w.org\/{rel}","templated":true}]}}