{"id":112374,"date":"2021-03-02T00:00:00","date_gmt":"2021-03-01T23:00:00","guid":{"rendered":"http:\/\/gpl-love.com\/fr\/produit\/searchwp-like-terms\/"},"modified":"2026-04-10T18:38:56","modified_gmt":"2026-04-10T16:38:56","slug":"searchwp-like-terms","status":"publish","type":"product","link":"https:\/\/gpl-love.com\/fr\/produit\/searchwp-like-terms\/","title":{"rendered":"SearchWP LIKE Terms 2.4.6"},"content":{"rendered":"<h3>SearchWP LIKE Terms Traits<\/h3>\n<p>SearchWP Like Tremes est un outil exceptionnellement robuste et efficace qui offre aux utilisateurs la capacit\u00e9 de effectuer des recherches de contenu de site Web avec une efficacit\u00e9 consid\u00e9rablement am\u00e9lior\u00e9e, gracieuset\u00e9 de sa capacit\u00e9 \u00e0 g\u00e9n\u00e9rer des r\u00e9sultats de recherche remarquablement pr\u00e9cis. Le m\u00e9canisme derri\u00e8re son efficacit\u00e9 remarquable r\u00e9side dans sa reconnaissance astucieuse des termes qui portent un semblant aux mots cl\u00e9s entr\u00e9s par l&rsquo;utilisateur, augmentant ainsi consid\u00e9rablement la probabilit\u00e9 de localiser avec succ\u00e8s le contenu souhait\u00e9. Cet attribut particulier de SearchWP comme des termes s&rsquo;av\u00e8re particuli\u00e8rement pr\u00e9cieux pour les sites Web qui poss\u00e8dent un vaste \u00e9ventail d&rsquo;informations, qui pose autrement un formidable d\u00e9fi \u00e0 naviguer. En exploitant la puissance des termes de SearchWP, les utilisateurs sont autoris\u00e9s \u00e0 rationaliser leurs efforts de recherche, leur permettant d&rsquo;obtenir des r\u00e9sultats optimaux tout en \u00e9conomisant simultan\u00e9ment leur temps et leur effort pr\u00e9cieux, tout en \u00e9levant la fonctionnalit\u00e9 globale de recherche de leurs sites Web estim\u00e9s.<\/p>\n<ul>\n<li>Searchwp Like les termes am\u00e9liore la fonctionnalit\u00e9 de recherche sur votre site Web<\/li>\n<li>Permet aux utilisateurs de rechercher avec une plus grande pr\u00e9cision et pr\u00e9cision<\/li>\n<li>Correspond aux requ\u00eates de recherche \u00e0 des termes similaires ou connexes, am\u00e9liorant les r\u00e9sultats de la recherche<\/li>\n<li>Comprend la prise en charge des synonymes, des fautes d&rsquo;orthographe et des mots cl\u00e9s connexes<\/li>\n<li>Peut \u00eatre facilement int\u00e9gr\u00e9 aux plugins et plateformes de recherche populaires<\/li>\n<li>Am\u00e9liore l&rsquo;exp\u00e9rience utilisateur et aide les visiteurs \u00e0 trouver ce qu&rsquo;ils recherchent rapidement<\/li>\n<li>Augmente l&rsquo;engagement et r\u00e9duit les taux de rebond en fournissant des r\u00e9sultats de recherche plus pertinents<\/li>\n<li>Compatible avec une large gamme de th\u00e8mes et plugins WordPress<\/li>\n<li>Simple \u00e0 installer et \u00e0 utiliser, aucune connaissance de codage requise<\/li>\n<li>Fournit des informations pr\u00e9cieuses sur le comportement de recherche des utilisateurs et les pr\u00e9f\u00e9rences gr\u00e2ce \u00e0 des analyses et des rapports d\u00e9taill\u00e9s.<\/li>\n<\/ul>\n","protected":false},"excerpt":{"rendered":"<p>SearchWP Like Tremes est un outil tr\u00e8s robuste et puissant qui donne aux utilisateurs la possibilit\u00e9 de effectuer rapidement et sans effort sans effort des recherches avanc\u00e9es sur leurs sites Web. Gr\u00e2ce \u00e0 l&rsquo;utilisation de termes similaires, on peut rechercher efficacement des correspondances approximatives ou floues de leurs mots cl\u00e9s souhait\u00e9s, rationalisant ainsi le processus de localisation des informations n\u00e9cessaires. Que l&rsquo;objectif soit de d\u00e9terminer un produit particulier ou d&rsquo;obtenir des informations sp\u00e9cifiques, la recherche de termes est une ressource tr\u00e8s b\u00e9n\u00e9fique qui acc\u00e9l\u00e9re le processus de recherche. Avec son interface conviviale et sa vaste gamme de fonctionnalit\u00e9s, cet outil est exceptionnellement bien adapt\u00e9 aux personnes cherchant \u00e0 am\u00e9liorer leurs capacit\u00e9s de recherche sur leurs sites Web respectifs. Nous vous encourageons \u00e0 essayer aujourd&rsquo;hui et \u00e0 t\u00e9moigner de premi\u00e8re main l&rsquo;impact transformateur que cela peut avoir sur vos efforts de recherche.<\/p>\n","protected":false},"featured_media":145188,"comment_status":"open","ping_status":"open","template":"","meta":[],"product_brand":[2649],"product_cat":[1189,1181,1186],"product_tag":[1343],"class_list":{"0":"post-112374","1":"product","2":"type-product","3":"status-publish","4":"has-post-thumbnail","6":"product_brand-search-wp","7":"product_cat-personnalisation","8":"product_cat-plugins","9":"product_cat-wordpress-plugins","10":"product_tag-search-wp","11":"member-discount","12":"discount-restricted","14":"first","15":"instock","16":"sale","17":"downloadable","18":"virtual","19":"sold-individually","20":"purchasable","21":"product-type-simple"},"_links":{"self":[{"href":"https:\/\/gpl-love.com\/fr\/wp-json\/wp\/v2\/product\/112374","targetHints":{"allow":["GET"]}}],"collection":[{"href":"https:\/\/gpl-love.com\/fr\/wp-json\/wp\/v2\/product"}],"about":[{"href":"https:\/\/gpl-love.com\/fr\/wp-json\/wp\/v2\/types\/product"}],"replies":[{"embeddable":true,"href":"https:\/\/gpl-love.com\/fr\/wp-json\/wp\/v2\/comments?post=112374"}],"wp:featuredmedia":[{"embeddable":true,"href":"https:\/\/gpl-love.com\/fr\/wp-json\/wp\/v2\/media\/145188"}],"wp:attachment":[{"href":"https:\/\/gpl-love.com\/fr\/wp-json\/wp\/v2\/media?parent=112374"}],"wp:term":[{"taxonomy":"product_brand","embeddable":true,"href":"https:\/\/gpl-love.com\/fr\/wp-json\/wp\/v2\/product_brand?post=112374"},{"taxonomy":"product_cat","embeddable":true,"href":"https:\/\/gpl-love.com\/fr\/wp-json\/wp\/v2\/product_cat?post=112374"},{"taxonomy":"product_tag","embeddable":true,"href":"https:\/\/gpl-love.com\/fr\/wp-json\/wp\/v2\/product_tag?post=112374"}],"curies":[{"name":"wp","href":"https:\/\/api.w.org\/{rel}","templated":true}]}}