{"id":112372,"date":"2021-03-02T00:00:00","date_gmt":"2021-03-01T23:00:00","guid":{"rendered":"http:\/\/gpl-love.com\/fr\/produit\/searchwp-herothemes-integration\/"},"modified":"2026-04-10T18:38:54","modified_gmt":"2026-04-10T16:38:54","slug":"searchwp-herothemes-integration","status":"publish","type":"product","link":"https:\/\/gpl-love.com\/fr\/produit\/searchwp-herothemes-integration\/","title":{"rendered":"SearchWP HeroThemes Integration 1.2.0"},"content":{"rendered":"<h3>SearchWP HeroThemes Integration Traits<\/h3>\n<p>L&rsquo;int\u00e9gration de SearchWP et Herothemes est un outil incroyablement puissant qui peut consid\u00e9rablement am\u00e9liorer la fonctionnalit\u00e9 de recherche de votre site Web. En int\u00e9grant de mani\u00e8re transparente au plugin Herothemes largement populaire, cette int\u00e9gration permet \u00e0 la fonction de recherche de votre site Web de fonctionner avec une efficacit\u00e9 encore plus grande. Tirant parti des algorithmes avanc\u00e9s, l&rsquo;int\u00e9gration SearchWP Herothemes garantit que les visiteurs de votre site Web re\u00e7oivent des r\u00e9sultats de recherche tr\u00e8s pertinents qui s&rsquo;alignent pr\u00e9cis\u00e9ment avec leurs besoins et leurs d\u00e9sirs. De plus, cette int\u00e9gration vous offre la flexibilit\u00e9 de personnaliser les r\u00e9sultats de recherche en fonction de vos pr\u00e9f\u00e9rences uniques, permettant une exp\u00e9rience utilisateur personnalis\u00e9e et personnalis\u00e9e. Que vous soyez exploit\u00e9 une boutique de commerce \u00e9lectronique ou que vous g\u00e9rez un site Web riche en contenu, l&rsquo;int\u00e9gration SearchWP Herothemes est sans \u00e9quivoque indispensable pour \u00e9lever les fonctionnalit\u00e9s de recherche de votre site Web et l&rsquo;exp\u00e9rience utilisateur globale \u00e0 des hauteurs in\u00e9gal\u00e9es.<\/p>\n<ul>\n<li>Int\u00e9grez SearchWP parfaitement dans votre site Web de Herothemes Powered<\/li>\n<li>Obtenez des r\u00e9sultats de recherche plus pr\u00e9cis et pertinents pour vos utilisateurs<\/li>\n<li>Personnalisez l&rsquo;exp\u00e9rience de recherche \u00e0 l&rsquo;aide des fonctionnalit\u00e9s avanc\u00e9es de SearchWP<\/li>\n<li>Indexez automatiquement votre contenu Herothemes pour des r\u00e9sultats de recherche plus rapides<\/li>\n<li>Am\u00e9liorez l&rsquo;exp\u00e9rience utilisateur globale sur votre site Web en fournissant un meilleur outil de recherche<\/li>\n<li>Alimenter l&rsquo;engagement et r\u00e9duire les taux de rebond en facilitant la recherche des utilisateurs<\/li>\n<li>Rationalisez les fonctionnalit\u00e9s de recherche de votre site Web avec une simple int\u00e9gration<\/li>\n<li>Acc\u00e9der aux analyses de recherche d\u00e9taill\u00e9es pour mieux comprendre ce que vos utilisateurs recherchent<\/li>\n<li>Obtenez un soutien expert de SearchWP et Herothemes pour assurer une int\u00e9gration r\u00e9ussie<\/li>\n<\/ul>\n","protected":false},"excerpt":{"rendered":"<p>L&rsquo;int\u00e9gration SearchWP Herothemes, un outil tr\u00e8s robuste et efficace, amalgate parfaitement les fonctionnalit\u00e9s de SearchWP et Herothemes afin d&rsquo;am\u00e9liorer les capacit\u00e9s de recherche des sites Web WordPress. Cette int\u00e9gration in\u00e9gal\u00e9e permet aux utilisateurs d&rsquo;explorer et de parcourir sans effort la vaste gamme de contenus disponibles sur leur site Web, tout en facilitant la possibilit\u00e9 de filtrer m\u00e9ticuleusement les r\u00e9sultats de recherche en fonction des cat\u00e9gories, des balises ou m\u00eame des taxonomies personnalis\u00e9es. En outre, l&rsquo;int\u00e9gration pr\u00e9sente ces r\u00e9sultats de recherche dans une interface exceptionnellement \u00e9l\u00e9gante et conviviale, garantissant ainsi une exp\u00e9rience utilisateur gratifiante et transparente. En mettant en \u0153uvre l&rsquo;int\u00e9gration SearchWP Herothemes, les entreprises peuvent augmenter consid\u00e9rablement l&rsquo;engagement des clients et optimiser la g\u00e9n\u00e9ration de revenus en offrant une rencontre de recherche plus captivante et plus efficace.<\/p>\n","protected":false},"featured_media":145186,"comment_status":"open","ping_status":"open","template":"","meta":[],"product_brand":[2649],"product_cat":[1189,1181,1186],"product_tag":[1343],"class_list":{"0":"post-112372","1":"product","2":"type-product","3":"status-publish","4":"has-post-thumbnail","6":"product_brand-search-wp","7":"product_cat-personnalisation","8":"product_cat-plugins","9":"product_cat-wordpress-plugins","10":"product_tag-search-wp","11":"member-discount","12":"discount-restricted","14":"first","15":"instock","16":"sale","17":"downloadable","18":"virtual","19":"sold-individually","20":"purchasable","21":"product-type-simple"},"_links":{"self":[{"href":"https:\/\/gpl-love.com\/fr\/wp-json\/wp\/v2\/product\/112372","targetHints":{"allow":["GET"]}}],"collection":[{"href":"https:\/\/gpl-love.com\/fr\/wp-json\/wp\/v2\/product"}],"about":[{"href":"https:\/\/gpl-love.com\/fr\/wp-json\/wp\/v2\/types\/product"}],"replies":[{"embeddable":true,"href":"https:\/\/gpl-love.com\/fr\/wp-json\/wp\/v2\/comments?post=112372"}],"wp:featuredmedia":[{"embeddable":true,"href":"https:\/\/gpl-love.com\/fr\/wp-json\/wp\/v2\/media\/145186"}],"wp:attachment":[{"href":"https:\/\/gpl-love.com\/fr\/wp-json\/wp\/v2\/media?parent=112372"}],"wp:term":[{"taxonomy":"product_brand","embeddable":true,"href":"https:\/\/gpl-love.com\/fr\/wp-json\/wp\/v2\/product_brand?post=112372"},{"taxonomy":"product_cat","embeddable":true,"href":"https:\/\/gpl-love.com\/fr\/wp-json\/wp\/v2\/product_cat?post=112372"},{"taxonomy":"product_tag","embeddable":true,"href":"https:\/\/gpl-love.com\/fr\/wp-json\/wp\/v2\/product_tag?post=112372"}],"curies":[{"name":"wp","href":"https:\/\/api.w.org\/{rel}","templated":true}]}}