{"id":112370,"date":"2025-12-23T00:00:00","date_gmt":"2025-12-22T23:00:00","guid":{"rendered":"http:\/\/gpl-love.com\/fr\/produit\/searchwp-give-integration\/"},"modified":"2026-03-20T23:34:54","modified_gmt":"2026-03-20T22:34:54","slug":"searchwp-give-integration","status":"publish","type":"product","link":"https:\/\/gpl-love.com\/fr\/produit\/searchwp-give-integration\/","title":{"rendered":"SearchWP Give Integration 1.2.0"},"content":{"rendered":"<h3>SearchWP Give Integration Traits<\/h3>\n<p>L&rsquo;outil SearchWP Give Integration est une ressource extr\u00eamement puissante qui facilite l&rsquo;int\u00e9gration transparente des dons de donner avec le moteur de recherche WordPress. Gr\u00e2ce \u00e0 l&rsquo;utilisation de ce plugin, vos donn\u00e9es de don de don sont m\u00e9ticuleusement index\u00e9es, la rendant enti\u00e8rement consultable et offrant ainsi \u00e0 vos utilisateurs une exp\u00e9rience de recherche \u00e9lev\u00e9e. En outre, avec l&rsquo;aide de SearchWP, vous \u00eates int\u00e9gr\u00e9, vous \u00eates dot\u00e9 de la possibilit\u00e9 de filtrer et de trier vos r\u00e9sultats de recherche conform\u00e9ment aux donn\u00e9es de don ou aux champs personnalis\u00e9s, ce qui am\u00e9liore finalement la facilit\u00e9 avec laquelle les utilisateurs peuvent acqu\u00e9rir les informations qu&rsquo;ils recherchent. Par cons\u00e9quent, ce plugin sert incontestablement d&rsquo;ajout indispensable \u00e0 tout site Web \u00e0 but non lucratif ou organisme de bienfaisance qui aspire \u00e0 cultiver une exp\u00e9rience utilisateur am\u00e9lior\u00e9e et \u00e0 augmenter le nombre de dons re\u00e7us.<\/p>\n<ul>\n<li>Int\u00e8gre de mani\u00e8re transparente SearchWP avec le plugin de don de don populaire<\/li>\n<li>Am\u00e9liore l&rsquo;exp\u00e9rience de recherche de dons sur votre site Web WordPress<\/li>\n<li>Permet aux donateurs de rechercher facilement l&rsquo;historique des dons et les re\u00e7us<\/li>\n<li>Am\u00e9liore la pr\u00e9cision et la pertinence des r\u00e9sultats de recherche pour le contenu li\u00e9 aux dons<\/li>\n<li>Gave le temps et la frustration pour les donateurs et les membres du personnel qui essaient de trouver des informations sp\u00e9cifiques sur les dons<\/li>\n<li>Offre des param\u00e8tres personnalisables pour r\u00e9pondre aux besoins sp\u00e9cifiques de votre organisation<\/li>\n<li>Installation et configuration en un clic pour une exp\u00e9rience sans tracas<\/li>\n<li>Support technique de l&rsquo;\u00e9quipe SearchWP pour assurer un bon fonctionnement<\/li>\n<li>Compatible avec les derni\u00e8res versions de WordPress et Give Plugin<\/li>\n<li>Id\u00e9al pour les organisations et les organismes de bienfaisance \u00e0 but non lucratif qui cherchent \u00e0 am\u00e9liorer leur exp\u00e9rience des donateurs.<\/li>\n<\/ul>\n","protected":false},"excerpt":{"rendered":"<p>Le SearchWP Give Integration est un plugin exceptionnellement robuste qui a \u00e9t\u00e9 m\u00e9ticuleusement con\u00e7u pour optimiser et am\u00e9liorer vos efforts de collecte de fonds en int\u00e9grant de mani\u00e8re transparente vos formulaires de don de don avec le plugin SearchWP. Cette ing\u00e9nieuse int\u00e9gration accorde \u00e0 vos visiteurs estim\u00e9s la commodit\u00e9 et l&rsquo;efficacit\u00e9 extraordinaires de la recherche et de la localisation de campagnes de dons sp\u00e9cifiques, vous offrant ainsi l&rsquo;occasion in\u00e9gal\u00e9e pour amasser un plus grand nombre de dons inestimables et indispensables et accomplir rapidement vos aspirations \u00e9lev\u00e9es dans le domaine de la liaison de la lingerie et de faire rapidement vos aspirations dans le domaine de la liaison de lingerie et d&rsquo;accomplir rapidement vos aspirations dans le domaine de la liaison de lingue . Impr\u00e9gn\u00e9 d&rsquo;une interface exquise et conviviale et d&rsquo;un tableau de fonctionnalit\u00e9s de recherche de pointe et sophistiqu\u00e9es, la recherche de recherche sur la recherche assume le manteau d&rsquo;un outil indispensable et indispensable pour les organisations qui aspirent ardemment \u00e0 des hauteurs inf\u00e9rieures de succ\u00e8s.<\/p>\n","protected":false},"featured_media":145185,"comment_status":"open","ping_status":"open","template":"","meta":[],"product_brand":[2649],"product_cat":[1189,1181,1186],"product_tag":[1343],"class_list":{"0":"post-112370","1":"product","2":"type-product","3":"status-publish","4":"has-post-thumbnail","6":"product_brand-search-wp","7":"product_cat-personnalisation","8":"product_cat-plugins","9":"product_cat-wordpress-plugins","10":"product_tag-search-wp","11":"member-discount","12":"discount-restricted","14":"first","15":"instock","16":"sale","17":"downloadable","18":"virtual","19":"sold-individually","20":"purchasable","21":"product-type-simple"},"_links":{"self":[{"href":"https:\/\/gpl-love.com\/fr\/wp-json\/wp\/v2\/product\/112370","targetHints":{"allow":["GET"]}}],"collection":[{"href":"https:\/\/gpl-love.com\/fr\/wp-json\/wp\/v2\/product"}],"about":[{"href":"https:\/\/gpl-love.com\/fr\/wp-json\/wp\/v2\/types\/product"}],"replies":[{"embeddable":true,"href":"https:\/\/gpl-love.com\/fr\/wp-json\/wp\/v2\/comments?post=112370"}],"wp:featuredmedia":[{"embeddable":true,"href":"https:\/\/gpl-love.com\/fr\/wp-json\/wp\/v2\/media\/145185"}],"wp:attachment":[{"href":"https:\/\/gpl-love.com\/fr\/wp-json\/wp\/v2\/media?parent=112370"}],"wp:term":[{"taxonomy":"product_brand","embeddable":true,"href":"https:\/\/gpl-love.com\/fr\/wp-json\/wp\/v2\/product_brand?post=112370"},{"taxonomy":"product_cat","embeddable":true,"href":"https:\/\/gpl-love.com\/fr\/wp-json\/wp\/v2\/product_cat?post=112370"},{"taxonomy":"product_tag","embeddable":true,"href":"https:\/\/gpl-love.com\/fr\/wp-json\/wp\/v2\/product_tag?post=112370"}],"curies":[{"name":"wp","href":"https:\/\/api.w.org\/{rel}","templated":true}]}}