{"id":112368,"date":"2021-03-02T00:00:00","date_gmt":"2021-03-01T23:00:00","guid":{"rendered":"http:\/\/gpl-love.com\/fr\/produit\/searchwp-fuzzy-matches\/"},"modified":"2026-04-10T18:38:53","modified_gmt":"2026-04-10T16:38:53","slug":"searchwp-fuzzy-matches","status":"publish","type":"product","link":"https:\/\/gpl-love.com\/fr\/produit\/searchwp-fuzzy-matches\/","title":{"rendered":"SearchWP Fuzzy Matches 1.4.4"},"content":{"rendered":"<h3>SearchWP Fuzzy Matches Traits<\/h3>\n<p>Searchwp Fuzzy Matches, un outil incroyablement robuste m\u00e9ticuleusement con\u00e7u pour augmenter la fonctionnalit\u00e9 de recherche, est ing\u00e9nieusement con\u00e7u pour donner des r\u00e9sultats pertinents m\u00eame lorsqu&rsquo;ils sont confront\u00e9s \u00e0 des mots mal orthographi\u00e9s ou \u00e0 des phrases incompl\u00e8tes. Dot\u00e9 de cet outil ing\u00e9nieux, les utilisateurs peuvent localiser sans effort ce qu&rsquo;ils recherchent sur leur site Web, optimisant ainsi l&rsquo;exp\u00e9rience de recherche pour les visiteurs et les administrateurs. Tirant parti des algorithmes de pointe, la fonction Fuzzy Matchs comprend intelligemment les requ\u00eates des utilisateurs et fournit consciencieusement des r\u00e9sultats qui s&rsquo;alignent \u00e9troitement sur leur recherche pr\u00e9vue, garantissant la pr\u00e9sentation d&rsquo;informations hautement pertinentes. L&rsquo;indispensabilit\u00e9 de cet outil ne peut pas \u00eatre surestim\u00e9e pour les personnes visant \u00e0 am\u00e9liorer les capacit\u00e9s de recherche de site et \u00e0 amplifier l&rsquo;engagement des utilisateurs sur leur site Web estim\u00e9.<\/p>\n<ul>\n<li>Prend en charge la correspondance floue des requ\u00eates de recherche<\/li>\n<li>Am\u00e9liore la pr\u00e9cision des r\u00e9sultats de la recherche<\/li>\n<li>Fonctionne de mani\u00e8re transparente avec le plugin SearchWP<\/li>\n<li>Aide les utilisateurs \u00e0 trouver le contenu pertinent rapidement et facilement<\/li>\n<li>Compatible avec les sites Web WordPress<\/li>\n<li>Facile \u00e0 installer et \u00e0 utiliser<\/li>\n<li>\u00c9conomise du temps et des efforts pour les utilisateurs \u00e0 la recherche d&rsquo;informations sp\u00e9cifiques<\/li>\n<\/ul>\n","protected":false},"excerpt":{"rendered":"<p>En incorporant la fonctionnalit\u00e9 remarquable des capacit\u00e9s de correspondance floues, SearchWP Fuzzy Matches permet aux utilisateurs d&rsquo;am\u00e9liorer les fonctionnalit\u00e9s de recherche de leur site Web. Par cons\u00e9quent, cela permet la g\u00e9n\u00e9ration de r\u00e9sultats de recherche qui sont non seulement pr\u00e9cis mais \u00e9galement complets, m\u00eame dans les cas o\u00f9 le terme de recherche utilis\u00e9 par l&rsquo;utilisateur ne s&rsquo;aligne pas parfaitement avec le contenu disponible sur le site Web. Remarquablement convivial, ce plugin peut \u00eatre install\u00e9 et configur\u00e9 sans effort, ce qui en fait un atout extr\u00eamement pr\u00e9cieux pour tout site Web qui d\u00e9pend fortement de la fonctionnalit\u00e9 de recherche pour r\u00e9pondre aux besoins de ses utilisateurs.<\/p>\n","protected":false},"featured_media":145184,"comment_status":"open","ping_status":"open","template":"","meta":[],"product_brand":[2649],"product_cat":[1189,1181,1186],"product_tag":[1343],"class_list":{"0":"post-112368","1":"product","2":"type-product","3":"status-publish","4":"has-post-thumbnail","6":"product_brand-search-wp","7":"product_cat-personnalisation","8":"product_cat-plugins","9":"product_cat-wordpress-plugins","10":"product_tag-search-wp","11":"member-discount","12":"discount-restricted","14":"first","15":"instock","16":"sale","17":"downloadable","18":"virtual","19":"sold-individually","20":"purchasable","21":"product-type-simple"},"_links":{"self":[{"href":"https:\/\/gpl-love.com\/fr\/wp-json\/wp\/v2\/product\/112368","targetHints":{"allow":["GET"]}}],"collection":[{"href":"https:\/\/gpl-love.com\/fr\/wp-json\/wp\/v2\/product"}],"about":[{"href":"https:\/\/gpl-love.com\/fr\/wp-json\/wp\/v2\/types\/product"}],"replies":[{"embeddable":true,"href":"https:\/\/gpl-love.com\/fr\/wp-json\/wp\/v2\/comments?post=112368"}],"wp:featuredmedia":[{"embeddable":true,"href":"https:\/\/gpl-love.com\/fr\/wp-json\/wp\/v2\/media\/145184"}],"wp:attachment":[{"href":"https:\/\/gpl-love.com\/fr\/wp-json\/wp\/v2\/media?parent=112368"}],"wp:term":[{"taxonomy":"product_brand","embeddable":true,"href":"https:\/\/gpl-love.com\/fr\/wp-json\/wp\/v2\/product_brand?post=112368"},{"taxonomy":"product_cat","embeddable":true,"href":"https:\/\/gpl-love.com\/fr\/wp-json\/wp\/v2\/product_cat?post=112368"},{"taxonomy":"product_tag","embeddable":true,"href":"https:\/\/gpl-love.com\/fr\/wp-json\/wp\/v2\/product_tag?post=112368"}],"curies":[{"name":"wp","href":"https:\/\/api.w.org\/{rel}","templated":true}]}}