{"id":112366,"date":"2025-12-18T00:00:00","date_gmt":"2025-12-17T23:00:00","guid":{"rendered":"http:\/\/gpl-love.com\/fr\/produit\/searchwp-exclude-ui\/"},"modified":"2026-03-20T23:34:51","modified_gmt":"2026-03-20T22:34:51","slug":"searchwp-exclude-ui","status":"publish","type":"product","link":"https:\/\/gpl-love.com\/fr\/produit\/searchwp-exclude-ui\/","title":{"rendered":"SearchWP Exclude UI 1.2.5"},"content":{"rendered":"<h3>SearchWP Exclude UI Traits<\/h3>\n<p>SearchWP exclut l&rsquo;interface utilisateur est un plugin WordPress incroyablement robuste et riche en fonctionnalit\u00e9s qui accorde aux utilisateurs la capacit\u00e9 remarquable pour exclure efficacement le contenu d\u00e9sign\u00e9 de l&rsquo;apparition dans les r\u00e9sultats de recherche. Arm\u00e9 d&rsquo;une interface exceptionnellement intuitive et conviviale, ce plugin extraordinaire permet aux propri\u00e9taires de sites Web de superviser et de g\u00e9rer sans effort leurs r\u00e9sultats de recherche, s&rsquo;assurant ainsi que le contenu seul et pertinent est pr\u00e9sent\u00e9 aux visiteurs. Ind\u00e9pendamment de savoir si l&rsquo;on souhaite exclure des pages, des publications ou m\u00eame des types de publication personnalis\u00e9s particuliers, la recherche de la recherche excluant l&rsquo;interface utilisateur appara\u00eet comme la solution ultime pour cette entreprise. Rempli de ses param\u00e8tres \u00e9minemment adaptables et d&rsquo;une interface remarquablement accessible, ce plugin impressionnant devient un atout indispensable et vital pour tout propri\u00e9taire de site WordPress exigeant qui aspire \u00e0 optimiser et \u00e0 am\u00e9liorer leur fonctionnalit\u00e9 de recherche \u00e0 des niveaux d&rsquo;excellence in\u00e9branlables.<\/p>\n<ul>\n<li>Exclure facilement le contenu sp\u00e9cifique des r\u00e9sultats de recherche dans WordPress<\/li>\n<li>Interface utilisateur intuitive pour personnaliser les exclusions de recherche<\/li>\n<li>Am\u00e9liorez les fonctionnalit\u00e9s de recherche de site Web en ciblant des mots cl\u00e9s ou des sujets sp\u00e9cifiques<\/li>\n<li>Compatible avec les th\u00e8mes et plugins WordPress populaires<\/li>\n<li>Aucune connaissance de codage requise pour la mise en \u0153uvre<\/li>\n<li>G\u00e9rer efficacement les r\u00e9sultats de recherche pour am\u00e9liorer l&rsquo;exp\u00e9rience des utilisateurs et l&rsquo;engagement<\/li>\n<li>Mises \u00e0 jour r\u00e9guli\u00e8res et support client fourni par l&rsquo;\u00e9quipe SearchWP<\/li>\n<li>Options de tarification abordables pour une utilisation personnelle et commerciale<\/li>\n<\/ul>\n","protected":false},"excerpt":{"rendered":"<p>SearchWP exclut l&rsquo;interface utilisateur est un plugin WordPress tr\u00e8s efficace et robuste qui vous offre la capacit\u00e9 d&rsquo;exclure sans effort certains contenus des r\u00e9sultats de recherche. En utilisant cet outil remarquable, vous pouvez \u00e9liminer rapidement le contenu ind\u00e9sirable, y compris les pages, les publications ou m\u00eame les types de publication personnalis\u00e9s, \u00e0 partir des requ\u00eates de recherche. Cela garantit que les utilisateurs sont exclusivement pr\u00e9sent\u00e9s avec les r\u00e9sultats de recherche les plus pertinents et importants. Peu importe que vous supervisiez un site Web \u00e0 multiples facettes ou si vous souhaitez simplement affiner et optimiser vos r\u00e9sultats de recherche, SearchWP exclut l&rsquo;interface utilisateur sert de solution ultime pour am\u00e9liorer l&rsquo;exp\u00e9rience utilisateur globale sur votre site estim\u00e9. N&rsquo;h\u00e9sitez plus et acquiert ce plugin exceptionnel aujourd&rsquo;hui pour prendre le contr\u00f4le sans effort de votre fonctionnalit\u00e9 de recherche WordPress!<\/p>\n","protected":false},"featured_media":145183,"comment_status":"open","ping_status":"open","template":"","meta":[],"product_brand":[2649],"product_cat":[1189,1181,1186],"product_tag":[1343],"class_list":{"0":"post-112366","1":"product","2":"type-product","3":"status-publish","4":"has-post-thumbnail","6":"product_brand-search-wp","7":"product_cat-personnalisation","8":"product_cat-plugins","9":"product_cat-wordpress-plugins","10":"product_tag-search-wp","11":"member-discount","12":"discount-restricted","14":"first","15":"instock","16":"sale","17":"downloadable","18":"virtual","19":"sold-individually","20":"purchasable","21":"product-type-simple"},"_links":{"self":[{"href":"https:\/\/gpl-love.com\/fr\/wp-json\/wp\/v2\/product\/112366","targetHints":{"allow":["GET"]}}],"collection":[{"href":"https:\/\/gpl-love.com\/fr\/wp-json\/wp\/v2\/product"}],"about":[{"href":"https:\/\/gpl-love.com\/fr\/wp-json\/wp\/v2\/types\/product"}],"replies":[{"embeddable":true,"href":"https:\/\/gpl-love.com\/fr\/wp-json\/wp\/v2\/comments?post=112366"}],"wp:featuredmedia":[{"embeddable":true,"href":"https:\/\/gpl-love.com\/fr\/wp-json\/wp\/v2\/media\/145183"}],"wp:attachment":[{"href":"https:\/\/gpl-love.com\/fr\/wp-json\/wp\/v2\/media?parent=112366"}],"wp:term":[{"taxonomy":"product_brand","embeddable":true,"href":"https:\/\/gpl-love.com\/fr\/wp-json\/wp\/v2\/product_brand?post=112366"},{"taxonomy":"product_cat","embeddable":true,"href":"https:\/\/gpl-love.com\/fr\/wp-json\/wp\/v2\/product_cat?post=112366"},{"taxonomy":"product_tag","embeddable":true,"href":"https:\/\/gpl-love.com\/fr\/wp-json\/wp\/v2\/product_tag?post=112366"}],"curies":[{"name":"wp","href":"https:\/\/api.w.org\/{rel}","templated":true}]}}