{"id":112364,"date":"2024-04-03T00:00:00","date_gmt":"2024-04-02T22:00:00","guid":{"rendered":"http:\/\/gpl-love.com\/fr\/produit\/searchwp-enable-media-replace-integration\/"},"modified":"2026-04-10T18:38:52","modified_gmt":"2026-04-10T16:38:52","slug":"searchwp-enable-media-replace-integration","status":"publish","type":"product","link":"https:\/\/gpl-love.com\/fr\/produit\/searchwp-enable-media-replace-integration\/","title":{"rendered":"SearchWP Enable Media Replace Integration 1.1.3"},"content":{"rendered":"<h3>SearchWP Enable Media Replace Integration Traits<\/h3>\n<p>Le plugin SearchWP Actide Media Remplacer l&rsquo;int\u00e9gration offre une fonctionnalit\u00e9 robuste qui permet aux utilisateurs de remplacer sans effort les fichiers multim\u00e9dias sur leurs sites Web WordPress. Avec son int\u00e9gration transparente avec SearchWP, cet outil simplifie consid\u00e9rablement la t\u00e2che de recherche, de localisation et de remplacement des fichiers multim\u00e9dias tout au long de votre site. Que vous ayez besoin de mettre \u00e0 jour une image, une vid\u00e9o ou tout autre type de fichier multim\u00e9dia, cet outil exceptionnel rationalise le processus, garantissant qu&rsquo;il est \u00e0 la fois rapide et simple. De plus, sa nature conviviale \u00e9limine le besoin d&rsquo;expertise en codage, ce qui le rend accessible aux individus de tous les niveaux de comp\u00e9tence qui souhaitent am\u00e9liorer la fonctionnalit\u00e9 et l&rsquo;efficacit\u00e9 de leur site WordPress. Si vous cherchez un moyen fiable et tr\u00e8s efficace de g\u00e9rer vos fichiers multim\u00e9dias, le plugin Recherche de Recherche de Recherche de Recherche de Recherche est sans \u00e9quivoque l&rsquo;outil par excellence \u00e0 utiliser.<\/p>\n<ul>\n<li>Permet aux utilisateurs de remplacer ou de mettre \u00e0 jour les fichiers multim\u00e9dias dans SearchWP<\/li>\n<li>Intregate de mani\u00e8re transparente avec les puissants algorithmes de recherche de SearchWP<\/li>\n<li>Rationalise le processus de mise \u00e0 jour et de maintien des fichiers multim\u00e9dias<\/li>\n<li>Pas besoin de supprimer et de re-t\u00e9l\u00e9charger manuellement les fichiers<\/li>\n<li>Peut \u00eatre utilis\u00e9 avec un large \u00e9ventail de types de m\u00e9dias, y compris des images, des vid\u00e9os et des fichiers audio<\/li>\n<li>Compatible avec les th\u00e8mes et plugins WordPress populaires<\/li>\n<li>Facile \u00e0 int\u00e9grer et \u00e0 utiliser, m\u00eame pour les utilisateurs novices<\/li>\n<li>Am\u00e9liore les performances du site Web et l&rsquo;exp\u00e9rience utilisateur en garantissant que les m\u00e9dias pr\u00e9cis et \u00e0 jour sont toujours affich\u00e9s<\/li>\n<li>Outil de gain de temps qui augmente la productivit\u00e9 des gestionnaires de sites Web et des administrateurs<\/li>\n<li>Solution robuste et fiable qui a \u00e9t\u00e9 soigneusement test\u00e9e et approuv\u00e9e par des experts de l&rsquo;industrie<\/li>\n<\/ul>\n","protected":false},"excerpt":{"rendered":"<p>L&rsquo;int\u00e9gration de SearchWP Adable Media Remplace se r\u00e9v\u00e8le \u00eatre un outil extr\u00eamement robuste et efficace sp\u00e9cialement con\u00e7u pour les sites Web WordPress, accordant aux utilisateurs la capacit\u00e9 transparente de mettre \u00e0 jour et de remplacer sans effort les fichiers multim\u00e9dias directement \u00e0 partir de la page de r\u00e9sultats de recherche. Finies les jours difficiles de parcourir sans rel\u00e2che \u00e0 travers une abondance de pages pour localiser et mettre \u00e0 jour les fichiers multim\u00e9dias souhait\u00e9s. Au lieu de cela, en effectuant simplement une recherche du fichier souhait\u00e9, on peut cliquer facilement et rapidement sur le bouton \u00ab\u00a0Remplacer\u00a0\u00bb, facilitant la mise \u00e0 jour rapide et sans effort du fichier lui-m\u00eame par un simple clic singulier. Cette int\u00e9gration sert de solution par excellence pour tout site Web WordPress qui aspire \u00e0 optimiser la gestion du temps et \u00e0 rationaliser le processus complexe de la gestion des m\u00e9dias.<\/p>\n","protected":false},"featured_media":145182,"comment_status":"open","ping_status":"open","template":"","meta":[],"product_brand":[2649],"product_cat":[1189,1181,1186],"product_tag":[1343],"class_list":{"0":"post-112364","1":"product","2":"type-product","3":"status-publish","4":"has-post-thumbnail","6":"product_brand-search-wp","7":"product_cat-personnalisation","8":"product_cat-plugins","9":"product_cat-wordpress-plugins","10":"product_tag-search-wp","11":"member-discount","12":"discount-restricted","14":"first","15":"instock","16":"sale","17":"downloadable","18":"virtual","19":"sold-individually","20":"purchasable","21":"product-type-simple"},"_links":{"self":[{"href":"https:\/\/gpl-love.com\/fr\/wp-json\/wp\/v2\/product\/112364","targetHints":{"allow":["GET"]}}],"collection":[{"href":"https:\/\/gpl-love.com\/fr\/wp-json\/wp\/v2\/product"}],"about":[{"href":"https:\/\/gpl-love.com\/fr\/wp-json\/wp\/v2\/types\/product"}],"replies":[{"embeddable":true,"href":"https:\/\/gpl-love.com\/fr\/wp-json\/wp\/v2\/comments?post=112364"}],"wp:featuredmedia":[{"embeddable":true,"href":"https:\/\/gpl-love.com\/fr\/wp-json\/wp\/v2\/media\/145182"}],"wp:attachment":[{"href":"https:\/\/gpl-love.com\/fr\/wp-json\/wp\/v2\/media?parent=112364"}],"wp:term":[{"taxonomy":"product_brand","embeddable":true,"href":"https:\/\/gpl-love.com\/fr\/wp-json\/wp\/v2\/product_brand?post=112364"},{"taxonomy":"product_cat","embeddable":true,"href":"https:\/\/gpl-love.com\/fr\/wp-json\/wp\/v2\/product_cat?post=112364"},{"taxonomy":"product_tag","embeddable":true,"href":"https:\/\/gpl-love.com\/fr\/wp-json\/wp\/v2\/product_tag?post=112364"}],"curies":[{"name":"wp","href":"https:\/\/api.w.org\/{rel}","templated":true}]}}