{"id":112362,"date":"2021-03-02T00:00:00","date_gmt":"2021-03-01T23:00:00","guid":{"rendered":"http:\/\/gpl-love.com\/fr\/produit\/searchwp-edd-integration\/"},"modified":"2026-04-10T18:38:51","modified_gmt":"2026-04-10T16:38:51","slug":"searchwp-edd-integration","status":"publish","type":"product","link":"https:\/\/gpl-love.com\/fr\/produit\/searchwp-edd-integration\/","title":{"rendered":"SearchWP EDD Integration 1.1.0"},"content":{"rendered":"<h3>SearchWP EDD Integration Traits<\/h3>\n<p>SearchWP EDD Int\u00e9gration est un outil incroyablement robuste et efficace qui fusionne parfaitement avec la plate-forme de commerce \u00e9lectronique Easy Digital Downloads (EDD), vous permettant ainsi d&rsquo;am\u00e9liorer et d&rsquo;optimiser consid\u00e9rablement la fonctionnalit\u00e9 de recherche inh\u00e9rente \u00e0 votre boutique en ligne. En tirant parti des capacit\u00e9s remarquables de ce plugin extraordinaire, vous \u00eates autoris\u00e9 \u00e0 configurer sans effort vos param\u00e8tres de recherche, \u00e0 \u00e9laborer m\u00e9ticuleusement des formulaires de recherche personnalis\u00e9s et \u00e0 int\u00e9grer de mani\u00e8re transparente les filtres dans vos r\u00e9sultats de recherche. De plus, cet outil r\u00e9volutionnaire poss\u00e8de \u00e9galement un \u00e9ventail de fonctionnalit\u00e9s de recherche sophistiqu\u00e9es telles que les mots cl\u00e9s engelant, la correspondance partielle et la correspondance floue, tous m\u00e9ticuleusement con\u00e7us pour garantir que vos clients estim\u00e9s peuvent localiser sans effort les produits pr\u00e9cis qu&rsquo;ils recherchent. Par cons\u00e9quent, si vous h\u00e9bergez un d\u00e9sir ferme d&rsquo;optimiser et d&rsquo;agrandir l&rsquo;exp\u00e9rience de recherche dans votre boutique en ligne aliment\u00e9e par EDD, il n&rsquo;y a pas de meilleure solution que l&rsquo;int\u00e9gration EDD SearchWP Awe inspirant.<\/p>\n<ul>\n<li>Int\u00e9grez de mani\u00e8re transparente SearchWP avec votre magasin EDD (Easy Digital Downloads).<\/li>\n<li>Am\u00e9liorez l&rsquo;exp\u00e9rience d&rsquo;achat de vos clients avec des r\u00e9sultats de recherche plus rapides et plus pertinents.<\/li>\n<li>Personnalisez vos param\u00e8tres de recherche et vos options pour r\u00e9pondre aux besoins uniques de votre magasin.<\/li>\n<li>Stimulez vos ventes en facilitant la recherche et l&rsquo;achat des produits qu&rsquo;ils recherchent.<\/li>\n<li>\u00c9liminez la frustration des r\u00e9sultats de recherche inexacts et des correspondances non pertinentes.<\/li>\n<li>Compatible avec une gamme d&rsquo;extensions EDD et de modules compl\u00e9mentaires.<\/li>\n<li>Facile \u00e0 installer et \u00e0 configurer, avec une documentation d\u00e9taill\u00e9e et une prise en charge.<\/li>\n<li>Les mises \u00e0 jour et les am\u00e9liorations r\u00e9guli\u00e8res garantissent une compatibilit\u00e9 continue et des performances optimales.<\/li>\n<\/ul>\n","protected":false},"excerpt":{"rendered":"<p>Le plugin SearchWP EDD Integration est une excellente solution pour am\u00e9liorer la fonctionnalit\u00e9 de recherche de votre boutique en ligne. En int\u00e9grant de mani\u00e8re transparente avec la plate-forme Easy Digital Downloads (EDD), ce plugin permet \u00e0 vos clients de d\u00e9couvrir sans effort des produits gr\u00e2ce \u00e0 l&rsquo;utilisation de mots cl\u00e9s, de cat\u00e9gories et d&rsquo;autres donn\u00e9es pertinentes. Avec ses pages de r\u00e9sultats de recherche personnalisables et la fourniture d&rsquo;options de filtrage de recherche robustes, le plugin d&rsquo;int\u00e9gration EDD SearchWP se r\u00e9v\u00e8le \u00eatre un outil indispensable pour toute boutique en ligne cherchant \u00e0 \u00e9lever ses capacit\u00e9s de recherche et \u00e0 optimiser l&rsquo;exp\u00e9rience client globale.<\/p>\n","protected":false},"featured_media":145181,"comment_status":"open","ping_status":"open","template":"","meta":[],"product_brand":[2649],"product_cat":[1189,1181,1186],"product_tag":[1343],"class_list":{"0":"post-112362","1":"product","2":"type-product","3":"status-publish","4":"has-post-thumbnail","6":"product_brand-search-wp","7":"product_cat-personnalisation","8":"product_cat-plugins","9":"product_cat-wordpress-plugins","10":"product_tag-search-wp","11":"member-discount","12":"discount-restricted","14":"first","15":"instock","16":"sale","17":"downloadable","18":"virtual","19":"sold-individually","20":"purchasable","21":"product-type-simple"},"_links":{"self":[{"href":"https:\/\/gpl-love.com\/fr\/wp-json\/wp\/v2\/product\/112362","targetHints":{"allow":["GET"]}}],"collection":[{"href":"https:\/\/gpl-love.com\/fr\/wp-json\/wp\/v2\/product"}],"about":[{"href":"https:\/\/gpl-love.com\/fr\/wp-json\/wp\/v2\/types\/product"}],"replies":[{"embeddable":true,"href":"https:\/\/gpl-love.com\/fr\/wp-json\/wp\/v2\/comments?post=112362"}],"wp:featuredmedia":[{"embeddable":true,"href":"https:\/\/gpl-love.com\/fr\/wp-json\/wp\/v2\/media\/145181"}],"wp:attachment":[{"href":"https:\/\/gpl-love.com\/fr\/wp-json\/wp\/v2\/media?parent=112362"}],"wp:term":[{"taxonomy":"product_brand","embeddable":true,"href":"https:\/\/gpl-love.com\/fr\/wp-json\/wp\/v2\/product_brand?post=112362"},{"taxonomy":"product_cat","embeddable":true,"href":"https:\/\/gpl-love.com\/fr\/wp-json\/wp\/v2\/product_cat?post=112362"},{"taxonomy":"product_tag","embeddable":true,"href":"https:\/\/gpl-love.com\/fr\/wp-json\/wp\/v2\/product_tag?post=112362"}],"curies":[{"name":"wp","href":"https:\/\/api.w.org\/{rel}","templated":true}]}}