{"id":112360,"date":"2021-02-09T00:00:00","date_gmt":"2021-02-08T23:00:00","guid":{"rendered":"http:\/\/gpl-love.com\/fr\/produit\/searchwp-directorypress-integration\/"},"modified":"2026-04-10T18:38:50","modified_gmt":"2026-04-10T16:38:50","slug":"searchwp-directorypress-integration","status":"publish","type":"product","link":"https:\/\/gpl-love.com\/fr\/produit\/searchwp-directorypress-integration\/","title":{"rendered":"SearchWP DirectoryPress Integration 1.7.0"},"content":{"rendered":"<h3>SearchWP DirectoryPress Integration Traits<\/h3>\n<p>L&rsquo;int\u00e9gration SearchWP DirectoryPress est un outil tr\u00e8s efficace et robuste qui a \u00e9t\u00e9 sp\u00e9cifiquement cr\u00e9\u00e9 dans le but de rationaliser et d&rsquo;am\u00e9liorer la fonctionnalit\u00e9 de recherche des sites Web DirectoryPress. En incorporant cette int\u00e9gration dans votre site Web, les utilisateurs auront la possibilit\u00e9 de localiser sans effort les informations pr\u00e9cises dont ils ont besoin, gr\u00e2ce \u00e0 l&rsquo;utilisation d&rsquo;algorithmes de recherche avanc\u00e9s qui hi\u00e9rarchisent et mettent en \u00e9vidence les r\u00e9sultats de recherche les plus pertinents. Ce produit exceptionnel propose une vaste gamme de fonctionnalit\u00e9s, y compris la fourniture de filtres personnalis\u00e9s et les options de tri, la compatibilit\u00e9 avec plusieurs sites et la possibilit\u00e9 de mener une indexation en temps r\u00e9el. Gr\u00e2ce \u00e0 l&rsquo;int\u00e9gration transparente avec DirectoryPress, l&rsquo;int\u00e9gration SearchWP garantit que vos visiteurs estim\u00e9s seront pr\u00e9sent\u00e9s avec des r\u00e9sultats de recherche qui sont \u00e0 la fois pertinents et pr\u00e9cis, entra\u00eenant ainsi une exp\u00e9rience utilisateur consid\u00e9rablement am\u00e9lior\u00e9e et une augmentation notable des niveaux d&rsquo;engagement avec votre site Web. Que vous soyez le propri\u00e9taire d&rsquo;une entreprise \u00e0 petite \u00e9chelle ou d&rsquo;une entreprise substantielle, l&rsquo;incorporation de cette int\u00e9gration vous aidera sans aucun doute \u00e0 optimiser la fonctionnalit\u00e9 de votre site Web DirectoryPress, vous permettant ainsi d&rsquo;atteindre un avantage concurrentiel au sein de votre industrie.<\/p>\n<ul>\n<li>Int\u00e8gre de mani\u00e8re transparente les puissantes fonctionnalit\u00e9s de recherche de SearchWP dans DirectoryPress<\/li>\n<li>Am\u00e9liore l&rsquo;exp\u00e9rience utilisateur en fournissant des r\u00e9sultats de recherche pr\u00e9cis et pertinents<\/li>\n<li>Facile \u00e0 installer et \u00e0 configurer<\/li>\n<li>Hautement personnalisable pour r\u00e9pondre aux besoins sp\u00e9cifiques de votre site Web<\/li>\n<li>Prend en charge plusieurs formulaires de recherche et champs personnalis\u00e9s<\/li>\n<li>Am\u00e9liore la fonctionnalit\u00e9 globale de votre site Web DirectoryPress<\/li>\n<li>Gave le temps et les efforts en rationalisant le processus de recherche<\/li>\n<li>Augmente les taux d&rsquo;engagement et de conversion en maximisant le potentiel de votre fonctionnalit\u00e9 de recherche<\/li>\n<li>Fournit une documentation d\u00e9taill\u00e9e et un excellent support client pour assurer une int\u00e9gration fluide et r\u00e9ussie.<\/li>\n<\/ul>\n","protected":false},"excerpt":{"rendered":"<p>L&rsquo;int\u00e9gration SearchWP DirectoryPress est un outil extr\u00eamement puissant et efficace qui s&rsquo;int\u00e8gre de mani\u00e8re transparente \u00e0 votre site Web DirectoryPress, offrant ainsi une exp\u00e9rience transparente et rationalis\u00e9e pour vos utilisateurs. En incorporant sans effort cette int\u00e9gration, vos visiteurs auront la possibilit\u00e9 de rechercher sans effort et efficacement votre r\u00e9pertoire complet, englobant des listes, des cat\u00e9gories et des emplacements, leur accordant ainsi un acc\u00e8s imm\u00e9diat et pratique aux informations pr\u00e9cises dont ils ont besoin. De plus, cette int\u00e9gration poss\u00e8de des fonctionnalit\u00e9s avanc\u00e9es telles que les suggestions de recherche en direct, la mise en \u00e9vidence des mots cl\u00e9s et la pond\u00e9ration de recherche personnalis\u00e9e, qui contribue collectivement \u00e0 l&rsquo;exp\u00e9rience utilisateur am\u00e9lior\u00e9e en permettant \u00e0 vos visiteurs de localiser rapidement exactement ce qu&rsquo;ils recherchent, plus rapidement que jamais. Embrassez aujourd&rsquo;hui l&rsquo;int\u00e9gration Recherchwp DirectoryPress et ressentez une am\u00e9lioration notable dans les capacit\u00e9s de recherche de votre site Web DisistoryPress.<\/p>\n","protected":false},"featured_media":145179,"comment_status":"open","ping_status":"open","template":"","meta":[],"product_brand":[2649],"product_cat":[1189,1181,1186],"product_tag":[1343],"class_list":{"0":"post-112360","1":"product","2":"type-product","3":"status-publish","4":"has-post-thumbnail","6":"product_brand-search-wp","7":"product_cat-personnalisation","8":"product_cat-plugins","9":"product_cat-wordpress-plugins","10":"product_tag-search-wp","11":"member-discount","12":"discount-restricted","14":"first","15":"instock","16":"sale","17":"downloadable","18":"virtual","19":"sold-individually","20":"purchasable","21":"product-type-simple"},"_links":{"self":[{"href":"https:\/\/gpl-love.com\/fr\/wp-json\/wp\/v2\/product\/112360","targetHints":{"allow":["GET"]}}],"collection":[{"href":"https:\/\/gpl-love.com\/fr\/wp-json\/wp\/v2\/product"}],"about":[{"href":"https:\/\/gpl-love.com\/fr\/wp-json\/wp\/v2\/types\/product"}],"replies":[{"embeddable":true,"href":"https:\/\/gpl-love.com\/fr\/wp-json\/wp\/v2\/comments?post=112360"}],"wp:featuredmedia":[{"embeddable":true,"href":"https:\/\/gpl-love.com\/fr\/wp-json\/wp\/v2\/media\/145179"}],"wp:attachment":[{"href":"https:\/\/gpl-love.com\/fr\/wp-json\/wp\/v2\/media?parent=112360"}],"wp:term":[{"taxonomy":"product_brand","embeddable":true,"href":"https:\/\/gpl-love.com\/fr\/wp-json\/wp\/v2\/product_brand?post=112360"},{"taxonomy":"product_cat","embeddable":true,"href":"https:\/\/gpl-love.com\/fr\/wp-json\/wp\/v2\/product_cat?post=112360"},{"taxonomy":"product_tag","embeddable":true,"href":"https:\/\/gpl-love.com\/fr\/wp-json\/wp\/v2\/product_tag?post=112360"}],"curies":[{"name":"wp","href":"https:\/\/api.w.org\/{rel}","templated":true}]}}