{"id":112358,"date":"2022-02-19T00:00:00","date_gmt":"2022-02-18T23:00:00","guid":{"rendered":"http:\/\/gpl-love.com\/fr\/produit\/searchwp-diagnostics\/"},"modified":"2026-03-20T23:34:47","modified_gmt":"2026-03-20T22:34:47","slug":"searchwp-diagnostics","status":"publish","type":"product","link":"https:\/\/gpl-love.com\/fr\/produit\/searchwp-diagnostics\/","title":{"rendered":"SearchWP Diagnostics 1.5.2"},"content":{"rendered":"<h3>SearchWP Diagnostics Traits<\/h3>\n<p>SearchWP Diagnostics est un plugin complet sp\u00e9cialement con\u00e7u pour WordPress, dans le but principal d&rsquo;aider les propri\u00e9taires de sites Web dans le diagnostic et la r\u00e9solution efficaces de toute complication li\u00e9e \u00e0 la recherche qui peut survenir sur leur site. En utilisant cet outil remarquable, les utilisateurs ont la commodit\u00e9 d&rsquo;identifier et de rectifier sans effort toutes les erreurs de recherche qui peuvent se produire, tout en \u00e9tant capable de suivre m\u00e9ticuleusement leurs requ\u00eates et leurs r\u00e9sultats de recherche, ainsi que de surveiller \u00e9troitement les performances globales de leur moteur de recherche. En outre, ce plugin ing\u00e9nieux poss\u00e8de une interface incroyablement conviviale, permettant aux utilisateurs de parcourir un \u00e9ventail d&rsquo;informations de diagnostic approfondies, allant des journaux de recherche complets \u00e0 des statistiques d&rsquo;index m\u00e9ticuleusement d\u00e9taill\u00e9es et des donn\u00e9es de requ\u00eate. Les utilisateurs sont m\u00eame accord\u00e9s la possibilit\u00e9 de configurer les param\u00e8tres de notification souhait\u00e9s, garantissant ainsi qu&rsquo;ils sont rapidement alert\u00e9s chaque fois que des pr\u00e9diments se transpirent avec leur moteur de recherche. En r\u00e9sum\u00e9, SearchWP Diagnostics est incontestablement un outil indispensable, garantissant que la fonction de recherche de votre site Web est affin\u00e9e de mani\u00e8re optimale pour un niveau d&rsquo;efficacit\u00e9 superlatif et une exp\u00e9rience utilisateur vraiment in\u00e9gal\u00e9e.<\/p>\n<ul>\n<li>Fournit des informations d\u00e9taill\u00e9es sur la fonctionnalit\u00e9 de recherche de votre site<\/li>\n<li>Identifie les probl\u00e8mes d&rsquo;indexation et les probl\u00e8mes avec les r\u00e9sultats de la recherche<\/li>\n<li>Offre des solutions pour am\u00e9liorer les performances de la recherche et l&rsquo;exp\u00e9rience utilisateur<\/li>\n<li>Trace les requ\u00eates de recherche et les taux de clics pour aider \u00e0 optimiser l&rsquo;exp\u00e9rience de recherche<\/li>\n<li>Vous permet de configurer facilement les param\u00e8tres de recherche sans avoir besoin de connaissances techniques<\/li>\n<li>S&rsquo;int\u00e8gre aux plugins et th\u00e8mes WordPress populaires pour une utilisation transparente<\/li>\n<li>Propose des rapports et des analyses d\u00e9taill\u00e9s pour suivre l&rsquo;efficacit\u00e9 de vos am\u00e9liorations de recherche<\/li>\n<li>Fournit un support client rapide et r\u00e9actif pour vous aider \u00e0 optimiser votre fonctionnalit\u00e9 de recherche.<\/li>\n<\/ul>\n","protected":false},"excerpt":{"rendered":"<p>SearchWP Diagnostics est un outil incroyablement robuste et tr\u00e8s efficace qui a \u00e9t\u00e9 sp\u00e9cifiquement con\u00e7u et con\u00e7u pour r\u00e9pondre aux besoins et aux exigences des propri\u00e9taires de sites Web et des administrateurs, leur permettant de d\u00e9terminer et de diagnostiquer et de diagnostiquer sans effort et avec pr\u00e9cis impr\u00e9gner leur site Web. En utilisant cet outil ph\u00e9nom\u00e9nal, les utilisateurs sont habilit\u00e9s \u00e0 identifier et \u00e0 mettre en \u00e9vidence sans effort et \u00e0 mettre en \u00e9vidence tous les probl\u00e8mes ou incoh\u00e9rences potentielles qui peuvent affliger leurs r\u00e9sultats de recherche, englobant des probl\u00e8mes tels que des correspondances erron\u00e9es, des r\u00e9sultats manquants ou absents, ainsi que des performances lentes ou sous-estim\u00e9es. The comprehensive and holistic diagnostic report furnished by this exceptional tool serves as an invaluable resource, furnishing users with intricate and meticulously detailed information and insights pertaining to the aforementioned issues, supplemented by expertly curated and tailored recommendations and guidance on how to effectively and efficiently rectify and relever ces d\u00e9fis. Il s&rsquo;agit d&rsquo;une indubitablement et incontestablement un outil central et indispensable pour tout propri\u00e9taire de site Web exigeant et consciencieux, car il leur permet non seulement d&rsquo;am\u00e9liorer et d&rsquo;optimiser l&rsquo;exp\u00e9rience globale de recherche pour leurs pr\u00e9cieux utilisateurs, mais aussi de fa\u00e7on exponentielle et d\u00e9g\u00e9n\u00e8re de l&rsquo;engagement des utilisateurs et de l&rsquo;interaction sur leur site Web , facilitant et favorisant ainsi un environnement de plus satisfaction et de contentement parmi leur client\u00e8le estim\u00e9e.<\/p>\n","protected":false},"featured_media":145178,"comment_status":"open","ping_status":"open","template":"","meta":[],"product_brand":[2649],"product_cat":[1189,1181,1186],"product_tag":[1343],"class_list":{"0":"post-112358","1":"product","2":"type-product","3":"status-publish","4":"has-post-thumbnail","6":"product_brand-search-wp","7":"product_cat-personnalisation","8":"product_cat-plugins","9":"product_cat-wordpress-plugins","10":"product_tag-search-wp","11":"member-discount","12":"discount-restricted","14":"first","15":"instock","16":"sale","17":"downloadable","18":"virtual","19":"sold-individually","20":"purchasable","21":"product-type-simple"},"_links":{"self":[{"href":"https:\/\/gpl-love.com\/fr\/wp-json\/wp\/v2\/product\/112358","targetHints":{"allow":["GET"]}}],"collection":[{"href":"https:\/\/gpl-love.com\/fr\/wp-json\/wp\/v2\/product"}],"about":[{"href":"https:\/\/gpl-love.com\/fr\/wp-json\/wp\/v2\/types\/product"}],"replies":[{"embeddable":true,"href":"https:\/\/gpl-love.com\/fr\/wp-json\/wp\/v2\/comments?post=112358"}],"wp:featuredmedia":[{"embeddable":true,"href":"https:\/\/gpl-love.com\/fr\/wp-json\/wp\/v2\/media\/145178"}],"wp:attachment":[{"href":"https:\/\/gpl-love.com\/fr\/wp-json\/wp\/v2\/media?parent=112358"}],"wp:term":[{"taxonomy":"product_brand","embeddable":true,"href":"https:\/\/gpl-love.com\/fr\/wp-json\/wp\/v2\/product_brand?post=112358"},{"taxonomy":"product_cat","embeddable":true,"href":"https:\/\/gpl-love.com\/fr\/wp-json\/wp\/v2\/product_cat?post=112358"},{"taxonomy":"product_tag","embeddable":true,"href":"https:\/\/gpl-love.com\/fr\/wp-json\/wp\/v2\/product_tag?post=112358"}],"curies":[{"name":"wp","href":"https:\/\/api.w.org\/{rel}","templated":true}]}}