{"id":112356,"date":"2025-08-03T00:00:00","date_gmt":"2025-08-02T22:00:00","guid":{"rendered":"http:\/\/gpl-love.com\/fr\/produit\/searchwp-custom-results-order\/"},"modified":"2026-04-10T18:38:48","modified_gmt":"2026-04-10T16:38:48","slug":"searchwp-custom-results-order","status":"publish","type":"product","link":"https:\/\/gpl-love.com\/fr\/produit\/searchwp-custom-results-order\/","title":{"rendered":"SearchWP Custom Results Order 1.3.10"},"content":{"rendered":"<h3>SearchWP Custom Results Order Traits<\/h3>\n<p>La commande de r\u00e9sultats personnalis\u00e9e SearchWP est un plugin exceptionnel qui offre la possibilit\u00e9 de personnaliser l&rsquo;ordre des r\u00e9sultats de recherche sur votre site Web WordPress, offrant un haut niveau de flexibilit\u00e9 et de contr\u00f4le. En utilisant ce plugin, vous avez le pouvoir de prioriser strat\u00e9giquement le contenu ou les pages sp\u00e9cifiques \u00e0 afficher en bonne place en haut de vos r\u00e9sultats de recherche, en vous garantissant que les visiteurs de votre site Web peuvent acc\u00e9der sans effort les informations les plus pertinentes et les plus pr\u00e9cieuses. Ce plugin s&rsquo;av\u00e8re particuli\u00e8rement avantageux pour les sites Web qui poss\u00e8dent une quantit\u00e9 substantielle de contenu, car il vous permet d&rsquo;optimiser l&rsquo;exp\u00e9rience utilisateur en pr\u00e9sentant d&rsquo;abord le contenu le plus crucial. De plus, le processus d&rsquo;installation et de configuration de la commande de r\u00e9sultats personnalis\u00e9s SearchWP est remarquablement simple et convivial, ce qui en fait un choix id\u00e9al pour les entreprises et les organisations de toute ampleur. Dans l&rsquo;ensemble, si vous aspirez \u00e0 am\u00e9liorer les fonctionnalit\u00e9s de recherche de votre site Web et \u00e0 fournir \u00e0 vos visiteurs une exp\u00e9rience de navigation sans pr\u00e9c\u00e9dent, la mise en \u0153uvre de la recherche de r\u00e9sultats personnalis\u00e9s SearchWP est une entreprise qui m\u00e9rite sans aucun doute une consid\u00e9ration s\u00e9rieuse.<\/p>\n<ul>\n<li>Aide les utilisateurs \u00e0 personnaliser la commande dans laquelle les r\u00e9sultats de recherche sont affich\u00e9s sur leur site Web<\/li>\n<li>Permet la hi\u00e9rarchisation de certains postes ou pages dans les r\u00e9sultats de recherche<\/li>\n<li>Interface utilisateur simple et intuitive pour la personnalisation<\/li>\n<li>Fonctionne de mani\u00e8re transparente avec le plugin WordPress populaire, SearchWP<\/li>\n<li>Stimule l&rsquo;engagement et la satisfaction des utilisateurs en fournissant des r\u00e9sultats de recherche plus pertinents<\/li>\n<li>Gagnez du temps en emp\u00eachant les utilisateurs de devoir rechercher dans plusieurs pages pour trouver le contenu souhait\u00e9<\/li>\n<li>Am\u00e9liore la fonctionnalit\u00e9 et la convivialit\u00e9 du site Web pour les utilisateurs<\/li>\n<li>Peut \u00eatre facilement install\u00e9 et configur\u00e9 par les propri\u00e9taires de sites Web ou les d\u00e9veloppeurs<\/li>\n<li>Compatible avec un large \u00e9ventail de th\u00e8mes et plugins WordPress<\/li>\n<li>Fournit des options flexibles pour tri les r\u00e9sultats de recherche par pertinence, date, titre ou champs personnalis\u00e9s.<\/li>\n<\/ul>\n","protected":false},"excerpt":{"rendered":"<p>Le plugin d&rsquo;ordre de r\u00e9sultats personnalis\u00e9 SearchWP offre une solution robuste \u00e0 la t\u00e2che de personnalisation de l&rsquo;ordre d&rsquo;affichage des r\u00e9sultats de recherche. En tirant parti de ce plugin, vous gagnez la possibilit\u00e9 de prioriser sans effort vos r\u00e9sultats de recherche en fonction de vos crit\u00e8res sp\u00e9cifiques, que ce soit la pertinence, la popularit\u00e9 ou la date. Par cons\u00e9quent, vous \u00eates autoris\u00e9 \u00e0 vous assurer que les r\u00e9sultats les plus pertinents sont pr\u00e9sent\u00e9s en \u00e9vidence, acc\u00e9l\u00e9rant efficacement le processus de recherche de vos utilisateurs et att\u00e9nuant toute frustration potentielle qu&rsquo;ils peuvent rencontrer. Que vous g\u00e9rez un blog, une plate-forme de commerce \u00e9lectronique ou toute autre forme de site Web, l&rsquo;incorporation de la commande de r\u00e9sultats personnalis\u00e9s SearchWP est sans \u00e9quivoque indispensable pour am\u00e9liorer votre fonctionnalit\u00e9 de recherche et \u00e9lever l&rsquo;exp\u00e9rience utilisateur globale.<\/p>\n","protected":false},"featured_media":145177,"comment_status":"open","ping_status":"open","template":"","meta":[],"product_brand":[2649],"product_cat":[1189,1181,1186],"product_tag":[1343],"class_list":{"0":"post-112356","1":"product","2":"type-product","3":"status-publish","4":"has-post-thumbnail","6":"product_brand-search-wp","7":"product_cat-personnalisation","8":"product_cat-plugins","9":"product_cat-wordpress-plugins","10":"product_tag-search-wp","11":"member-discount","12":"discount-restricted","14":"first","15":"instock","16":"sale","17":"downloadable","18":"virtual","19":"sold-individually","20":"purchasable","21":"product-type-simple"},"_links":{"self":[{"href":"https:\/\/gpl-love.com\/fr\/wp-json\/wp\/v2\/product\/112356","targetHints":{"allow":["GET"]}}],"collection":[{"href":"https:\/\/gpl-love.com\/fr\/wp-json\/wp\/v2\/product"}],"about":[{"href":"https:\/\/gpl-love.com\/fr\/wp-json\/wp\/v2\/types\/product"}],"replies":[{"embeddable":true,"href":"https:\/\/gpl-love.com\/fr\/wp-json\/wp\/v2\/comments?post=112356"}],"wp:featuredmedia":[{"embeddable":true,"href":"https:\/\/gpl-love.com\/fr\/wp-json\/wp\/v2\/media\/145177"}],"wp:attachment":[{"href":"https:\/\/gpl-love.com\/fr\/wp-json\/wp\/v2\/media?parent=112356"}],"wp:term":[{"taxonomy":"product_brand","embeddable":true,"href":"https:\/\/gpl-love.com\/fr\/wp-json\/wp\/v2\/product_brand?post=112356"},{"taxonomy":"product_cat","embeddable":true,"href":"https:\/\/gpl-love.com\/fr\/wp-json\/wp\/v2\/product_cat?post=112356"},{"taxonomy":"product_tag","embeddable":true,"href":"https:\/\/gpl-love.com\/fr\/wp-json\/wp\/v2\/product_tag?post=112356"}],"curies":[{"name":"wp","href":"https:\/\/api.w.org\/{rel}","templated":true}]}}