{"id":112354,"date":"2021-03-02T00:00:00","date_gmt":"2021-03-01T23:00:00","guid":{"rendered":"http:\/\/gpl-love.com\/fr\/produit\/searchwp-coauthors-plus-integration\/"},"modified":"2026-04-10T18:38:47","modified_gmt":"2026-04-10T16:38:47","slug":"searchwp-coauthors-plus-integration","status":"publish","type":"product","link":"https:\/\/gpl-love.com\/fr\/produit\/searchwp-coauthors-plus-integration\/","title":{"rendered":"SearchWP CoAuthors Plus Integration 1.2.0"},"content":{"rendered":"<h3>SearchWP CoAuthors Plus Integration Traits<\/h3>\n<p>L&rsquo;int\u00e9gration SearchWP Coauthors Plus est un outil tr\u00e8s puissant et efficace qui renforce consid\u00e9rablement et am\u00e9liore la fonctionnalit\u00e9 de recherche de votre site Web, en particulier dans le domaine des co-auteurs. Cette int\u00e9gration int\u00e8gre de mani\u00e8re transparente les co-auteurs dans les r\u00e9sultats de la recherche, facilitant et rationalisant ainsi le processus pour que les utilisateurs puissent localiser et acc\u00e9der au contenu con\u00e7u par leurs auteurs les plus aim\u00e9s et les plus chers. De plus, cette int\u00e9gration poss\u00e8de l&rsquo;avantage suppl\u00e9mentaire de vous permettre de personnaliser et d&rsquo;adapter les param\u00e8tres de recherche sp\u00e9cifiquement pour les co-auteurs, vous offrant la possibilit\u00e9 de hi\u00e9rarchiser et d&rsquo;organiser des r\u00e9sultats de recherche m\u00e9ticuleusement en fonction de l&rsquo;auteur ou m\u00eame d&#8217;employer des filtres en fonction des balises. Que vous administriez et supervisez un blog dynamique et dynamique ou que vous pr\u00e9siiez un site Web de publication complet, il est pratiquement incontestable que l&rsquo;int\u00e9gration des co-auteurs de SearchWP plus constitue un actif inestimable et indispensable qui r\u00e9volutionne sans aucun doute et optimisera l&rsquo;exp\u00e9rience de recherche pour vos utilisateurs estim\u00e9s.<\/p>\n<ul>\n<li>Permet aux utilisateurs de rechercher des publications par des co-auteurs<\/li>\n<li>S&rsquo;int\u00e9gre avec les coauteurs de plugin WordPress Plus pour les fonctionnalit\u00e9s sans couture<\/li>\n<li>Offre des options de personnalisation pour afficher et trier les r\u00e9sultats de recherche<\/li>\n<li>Fonctionne avec la plupart des th\u00e8mes et mod\u00e8les WordPress<\/li>\n<li>Boose la fonctionnalit\u00e9 du site Web en offrant une exp\u00e9rience de recherche plus efficace pour les utilisateurs<\/li>\n<li>Facile \u00e0 installer et \u00e0 utiliser avec une configuration minimale requise<\/li>\n<li>Gave le temps et am\u00e9liore la navigabilit\u00e9 du contenu du site Web<\/li>\n<\/ul>\n","protected":false},"excerpt":{"rendered":"<p>L&rsquo;int\u00e9gration SearchWP Coauthors Plus, un outil tr\u00e8s puissant, propose une solution parfaitement int\u00e9gr\u00e9e entre SearchWP et le plugin coauteur plus acclam\u00e9. Avec ses capacit\u00e9s remarquables, les utilisateurs sont autoris\u00e9s \u00e0 rechercher sans effort des publications non seulement par l&rsquo;auteur principal, mais aussi par le co-auteur ou m\u00eame l&rsquo;auteur invit\u00e9, rationalisant ainsi le processus d&rsquo;acc\u00e8s au contenu souhait\u00e9. De plus, cette int\u00e9gration englobe \u00e9galement l&rsquo;indexation automatique des termes et taxonomies, garantissant l&rsquo;inclusion compl\u00e8te de tous les messages dans les r\u00e9sultats de la recherche. Incontestablement, la SearchWP Coauteur et l&rsquo;int\u00e9gration sont un atout indispensable pour ceux qui cherchent \u00e0 am\u00e9liorer l&rsquo;exp\u00e9rience de d\u00e9couverte de contenu de leur site Web.<\/p>\n","protected":false},"featured_media":145176,"comment_status":"open","ping_status":"open","template":"","meta":[],"product_brand":[2649],"product_cat":[1189,1181,1186],"product_tag":[1343],"class_list":{"0":"post-112354","1":"product","2":"type-product","3":"status-publish","4":"has-post-thumbnail","6":"product_brand-search-wp","7":"product_cat-personnalisation","8":"product_cat-plugins","9":"product_cat-wordpress-plugins","10":"product_tag-search-wp","11":"member-discount","12":"discount-restricted","14":"first","15":"instock","16":"sale","17":"downloadable","18":"virtual","19":"sold-individually","20":"purchasable","21":"product-type-simple"},"_links":{"self":[{"href":"https:\/\/gpl-love.com\/fr\/wp-json\/wp\/v2\/product\/112354","targetHints":{"allow":["GET"]}}],"collection":[{"href":"https:\/\/gpl-love.com\/fr\/wp-json\/wp\/v2\/product"}],"about":[{"href":"https:\/\/gpl-love.com\/fr\/wp-json\/wp\/v2\/types\/product"}],"replies":[{"embeddable":true,"href":"https:\/\/gpl-love.com\/fr\/wp-json\/wp\/v2\/comments?post=112354"}],"wp:featuredmedia":[{"embeddable":true,"href":"https:\/\/gpl-love.com\/fr\/wp-json\/wp\/v2\/media\/145176"}],"wp:attachment":[{"href":"https:\/\/gpl-love.com\/fr\/wp-json\/wp\/v2\/media?parent=112354"}],"wp:term":[{"taxonomy":"product_brand","embeddable":true,"href":"https:\/\/gpl-love.com\/fr\/wp-json\/wp\/v2\/product_brand?post=112354"},{"taxonomy":"product_cat","embeddable":true,"href":"https:\/\/gpl-love.com\/fr\/wp-json\/wp\/v2\/product_cat?post=112354"},{"taxonomy":"product_tag","embeddable":true,"href":"https:\/\/gpl-love.com\/fr\/wp-json\/wp\/v2\/product_tag?post=112354"}],"curies":[{"name":"wp","href":"https:\/\/api.w.org\/{rel}","templated":true}]}}